{"id":36629,"date":"2026-02-14T15:56:10","date_gmt":"2026-02-14T14:56:10","guid":{"rendered":"https:\/\/8streme.eu\/?post_type=product&#038;p=36629"},"modified":"2026-03-27T09:06:32","modified_gmt":"2026-03-27T08:06:32","slug":"8streme-3-4pk-mono-zwembadpomp-met-voorfilter","status":"publish","type":"product","link":"https:\/\/8streme.eu\/nl\/produit\/pompe-piscine-avec-prefiltre-8streme-3-4cv-mono\/","title":{"rendered":"Zwembadpomp met voorfilter 8STREME 3\/4CV Mono (eco-deelname 0.68\u20ac HT) - Debiet 11.2m3\/u voor zwembaden tot 45m3"},"content":{"rendered":"<div data-elementor-type=\"product-post\" data-elementor-id=\"36629\" class=\"elementor elementor-36629\" data-elementor-post-type=\"product\">\n\t\t\t\t\t\t<section class=\"elementor-section elementor-top-section elementor-element elementor-element-2ea426b8 elementor-section-boxed elementor-section-height-default elementor-section-height-default\" data-id=\"2ea426b8\" data-element_type=\"section\" data-e-type=\"section\">\n\t\t\t\t\t\t<div class=\"elementor-container elementor-column-gap-default\">\n\t\t\t\t\t<div class=\"elementor-column elementor-col-100 elementor-top-column elementor-element elementor-element-13ed631e\" data-id=\"13ed631e\" data-element_type=\"column\" data-e-type=\"column\">\n\t\t\t<div class=\"elementor-widget-wrap elementor-element-populated\">\n\t\t\t\t\t\t<div class=\"elementor-element elementor-element-65af9659 elementor-widget elementor-widget-text-editor\" data-id=\"65af9659\" data-element_type=\"widget\" data-e-type=\"widget\" data-widget_type=\"text-editor.default\">\n\t\t\t\t<div class=\"elementor-widget-container\">\n\t\t\t\t\t\t\t\t\t<div style=\"line-height: 1.7;\"><h2 style=\"font-size: 26px; border-bottom: 3px solid #0066FF; padding-bottom: 12px; margin-bottom: 24px; font-weight: bold;\">8STREME pomp - Innovatie en prestaties<\/h2><p>Ontdek de <strong>8STREME by SYLLENT zwembadpomp<\/strong>, een technologische revolutie die de normen opnieuw definieert. Dankzij de <strong>moderne technologie<\/strong> en het unieke waterkoelsysteem levert deze pomp uitzonderlijke prestaties.<\/p><p>In tegenstelling tot conventionele modellen zorgt de dompelmotor voor <strong>gecontroleerde temperatuur<\/strong>, en ultrastille werking.<\/p><p><span style=\"color: #ff0000;\"><strong>We raden aan om dit type pomp niet verder dan 6 tot 7 m van het zwembad te installeren, omdat het debiet boven deze afstand sterk zal afnemen.<\/strong><\/span><\/p><div style=\"background-color: #0066ff; color: white; padding: 24px; border-radius: 10px; margin: 24px 0;\"><h3 style=\"margin-top: 0; border-bottom: 1px solid rgba(255,255,255,0.3); padding-bottom: 8px;\">\u2713 Jouw professionele voordelen<\/h3><div style=\"display: grid; grid-template-columns: 1fr 1fr; gap: 15px;\"><div>\u2022 <strong>Tevreden klanten: absolute stilte en uitzonderlijke betrouwbaarheid<\/strong><\/div><div>\u2022 <strong>Minder service na verkoop: geen technische tussenkomst nodig, geen slijtageonderdelen<\/strong><\/div><div>\u2022 <strong>Eenvoudig te installeren: Eenvoudig te installeren, zelfs zonder een perfect geventileerde technische ruimte<\/strong><\/div><div>\u2022 <strong>Premium kwaliteit: Verbeterde reputatie dankzij exclusieve technologie<\/strong><\/div><\/div><\/div><h3>Technische specificaties<\/h3><div style=\"overflow-x: auto; margin: 24px 0; border-radius: 10px;\"><table style=\"width: 100%; border-collapse: collapse; font-size: 13px; min-width: 600px;\"><thead style=\"text-align: left;\"><tr style=\"background: #6b7280; color: white;\"><th style=\"padding: 12px 8px;\">50 Hz MODEL<\/th><th style=\"padding: 12px 8px;\">SPANNING (V)<\/th><th style=\"padding: 12px 8px;\">NOMINAAL VERMOGEN (PK)<\/th><th style=\"padding: 12px 8px;\">INTENSITEIT (A)<\/th><th style=\"padding: 12px 8px;\">POWER FACTOR Gemiddeld (cos)<\/th><\/tr><\/thead><tbody><tr><td style=\"padding: 10px 8px; border: 1px solid #e5e7eb;\">PF42M050-230\/ASI<\/td><td style=\"padding: 10px 8px; border: 1px solid #e5e7eb;\">230<\/td><td style=\"padding: 10px 8px; border: 1px solid #e5e7eb;\">1\/2<\/td><td style=\"padding: 10px 8px; border: 1px solid #e5e7eb;\">3,1<\/td><td style=\"padding: 10px 8px; border: 1px solid #e5e7eb;\">0,98<\/td><\/tr><tr style=\"background-color: #ffff00;\"><td style=\"padding: 10px 8px; border: 1px solid #e5e7eb;\">PF42M075-230\/ASI<\/td><td style=\"padding: 10px 8px; border: 1px solid #e5e7eb;\">230<\/td><td style=\"padding: 10px 8px; border: 1px solid #e5e7eb;\">3\/4<\/td><td style=\"padding: 10px 8px; border: 1px solid #e5e7eb;\">4,4<\/td><td style=\"padding: 10px 8px; border: 1px solid #e5e7eb;\">0,99<\/td><\/tr><tr style=\"background-color: #f9fafb;\"><td style=\"padding: 10px 8px; border: 1px solid #e5e7eb;\">PF42M100-230\/ASI<\/td><td style=\"padding: 10px 8px; border: 1px solid #e5e7eb;\">230<\/td><td style=\"padding: 10px 8px; border: 1px solid #e5e7eb;\">1,0<\/td><td style=\"padding: 10px 8px; border: 1px solid #e5e7eb;\">5,6<\/td><td style=\"padding: 10px 8px; border: 1px solid #e5e7eb;\">0,97<\/td><\/tr><tr><td style=\"padding: 10px 8px; border: 1px solid #e5e7eb;\">PF48M200-230\/ASI<\/td><td style=\"padding: 10px 8px; border: 1px solid #e5e7eb;\">230<\/td><td style=\"padding: 10px 8px; border: 1px solid #e5e7eb;\">2,0<\/td><td style=\"padding: 10px 8px; border: 1px solid #e5e7eb;\">8,3<\/td><td style=\"padding: 10px 8px; border: 1px solid #e5e7eb;\">1,00<\/td><\/tr><\/tbody><\/table><\/div><h3>Hydraulische eigenschappen<\/h3><div style=\"overflow-x: auto; margin: 24px 0; border-radius: 8px;\"><table style=\"width: 100%; border-collapse: collapse; font-size: 13px; min-width: 600px;\"><thead style=\"text-align: left;\"><tr style=\"background: #6b7280; color: white;\"><th style=\"padding: 12px 8px;\" rowspan=\"2\">50 Hz MODEL<\/th><th style=\"padding: 12px 8px;\" rowspan=\"2\">VERMOGEN (HP)<\/th><th style=\"padding: 12px 8px;\" colspan=\"2\">MAXIMALE DRUK<\/th><th style=\"padding: 12px 8px;\" colspan=\"2\">AANSLUITING (mm)<\/th><th style=\"padding: 12px 8px;\" colspan=\"9\">TOTALE MANOMETER HOOGTE (m)<\/th><th style=\"padding: 12px 8px;\" rowspan=\"2\">GEWICHT (kg)<\/th><th style=\"padding: 12px 8px;\" rowspan=\"2\">LENGTE (mm)<\/th><\/tr><tr style=\"background: #6b7280; color: white;\"><th style=\"padding: 12px 8px;\">kPa<\/th><th style=\"padding: 12px 8px;\">m hoogte<\/th><th style=\"padding: 12px 8px;\">ASPIRATIE<\/th><th style=\"padding: 12px 8px;\">REFLOW<\/th><th style=\"padding: 12px 8px;\">2<\/th><th style=\"padding: 12px 8px;\">4<\/th><th style=\"padding: 12px 8px;\">6<\/th><th style=\"padding: 12px 8px;\">8<\/th><th style=\"padding: 12px 8px;\">10<\/th><th style=\"padding: 12px 8px;\">12<\/th><th style=\"padding: 12px 8px;\">14<\/th><th style=\"padding: 12px 8px;\">16<\/th><th style=\"padding: 12px 8px;\">18<\/th><\/tr><tr style=\"background: #6b7280; color: white;\"><th style=\"padding: 12px 8px;\" colspan=\"4\">\u00a0<\/th><th style=\"padding: 12px 8px;\" colspan=\"2\">\u00a0<\/th><th style=\"padding: 8px; background-color: #d1d5db; text-align: center;\" colspan=\"9\">STROOM (m\u00b3\/h)<\/th><th style=\"padding: 12px 8px;\">\u00a0<\/th><th style=\"padding: 12px 8px;\">\u00a0<\/th><\/tr><\/thead><tbody><tr><td style=\"padding: 10px 8px; border: 1px solid #e5e7eb;\">PF42M050-230\/ASI<\/td><td style=\"padding: 10px 8px; border: 1px solid #e5e7eb;\">1\/2<\/td><td style=\"padding: 10px 8px; border: 1px solid #e5e7eb;\">110<\/td><td style=\"padding: 10px 8px; border: 1px solid #e5e7eb;\">11,0<\/td><td style=\"padding: 10px 8px; border: 1px solid #e5e7eb;\">50 of 1 1\/2\u2033<\/td><td style=\"padding: 10px 8px; border: 1px solid #e5e7eb;\">50 of 1 1\/2\u2033<\/td><td style=\"padding: 10px 8px; border: 1px solid #e5e7eb;\">16,2<\/td><td style=\"padding: 10px 8px; border: 1px solid #e5e7eb;\">13,2<\/td><td style=\"padding: 10px 8px; border: 1px solid #e5e7eb;\">10,2<\/td><td style=\"padding: 10px 8px; border: 1px solid #e5e7eb;\">6,7<\/td><td style=\"padding: 10px 8px; border: 1px solid #e5e7eb;\">2,1<\/td><td style=\"padding: 10px 8px; border: 1px solid #e5e7eb;\">0,0<\/td><td style=\"padding: 10px 8px; border: 1px solid #e5e7eb;\">\u2014<\/td><td style=\"padding: 10px 8px; border: 1px solid #e5e7eb;\">\u2014<\/td><td style=\"padding: 10px 8px; border: 1px solid #e5e7eb;\">\u2014<\/td><td style=\"padding: 10px 8px; border: 1px solid #e5e7eb;\">8,4<\/td><td style=\"padding: 10px 8px; border: 1px solid #e5e7eb;\">449<\/td><\/tr><tr style=\"background-color: #ffff00;\"><td style=\"padding: 10px 8px; border: 1px solid #e5e7eb;\">PF42M075-230\/ASI<\/td><td style=\"padding: 10px 8px; border: 1px solid #e5e7eb;\">3\/4<\/td><td style=\"padding: 10px 8px; border: 1px solid #e5e7eb;\">134<\/td><td style=\"padding: 10px 8px; border: 1px solid #e5e7eb;\">13,4<\/td><td style=\"padding: 10px 8px; border: 1px solid #e5e7eb;\">50 of 1 1\/2\u2033<\/td><td style=\"padding: 10px 8px; border: 1px solid #e5e7eb;\">50 of 1 1\/2\u2033<\/td><td style=\"padding: 10px 8px; border: 1px solid #e5e7eb;\">18,8<\/td><td style=\"padding: 10px 8px; border: 1px solid #e5e7eb;\">16,4<\/td><td style=\"padding: 10px 8px; border: 1px solid #e5e7eb;\">14,1<\/td><td style=\"padding: 10px 8px; border: 1px solid #e5e7eb;\">11,2<\/td><td style=\"padding: 10px 8px; border: 1px solid #e5e7eb;\">7,8<\/td><td style=\"padding: 10px 8px; border: 1px solid #e5e7eb;\">3,6<\/td><td style=\"padding: 10px 8px; border: 1px solid #e5e7eb;\">0,0<\/td><td style=\"padding: 10px 8px; border: 1px solid #e5e7eb;\">\u2014<\/td><td style=\"padding: 10px 8px; border: 1px solid #e5e7eb;\">\u2014<\/td><td style=\"padding: 10px 8px; border: 1px solid #e5e7eb;\">10,3<\/td><td style=\"padding: 10px 8px; border: 1px solid #e5e7eb;\">479<\/td><\/tr><tr style=\"background-color: #f9fafb;\"><td style=\"padding: 10px 8px; border: 1px solid #e5e7eb;\">PF42M100-230\/ASI<\/td><td style=\"padding: 10px 8px; border: 1px solid #e5e7eb;\">1,0<\/td><td style=\"padding: 10px 8px; border: 1px solid #e5e7eb;\">160<\/td><td style=\"padding: 10px 8px; border: 1px solid #e5e7eb;\">16,0<\/td><td style=\"padding: 10px 8px; border: 1px solid #e5e7eb;\">50 of 1 1\/2\u2033<\/td><td style=\"padding: 10px 8px; border: 1px solid #e5e7eb;\">50 of 1 1\/2\u2033<\/td><td style=\"padding: 10px 8px; border: 1px solid #e5e7eb;\">21,4<\/td><td style=\"padding: 10px 8px; border: 1px solid #e5e7eb;\">19,7<\/td><td style=\"padding: 10px 8px; border: 1px solid #e5e7eb;\">17,2<\/td><td style=\"padding: 10px 8px; border: 1px solid #e5e7eb;\">15,1<\/td><td style=\"padding: 10px 8px; border: 1px solid #e5e7eb;\">12,2<\/td><td style=\"padding: 10px 8px; border: 1px solid #e5e7eb;\">8,7<\/td><td style=\"padding: 10px 8px; border: 1px solid #e5e7eb;\">5,1<\/td><td style=\"padding: 10px 8px; border: 1px solid #e5e7eb;\">0,0<\/td><td style=\"padding: 10px 8px; border: 1px solid #e5e7eb;\">\u2014<\/td><td style=\"padding: 10px 8px; border: 1px solid #e5e7eb;\">10,7<\/td><td style=\"padding: 10px 8px; border: 1px solid #e5e7eb;\">479<\/td><\/tr><tr><td style=\"padding: 10px 8px; border: 1px solid #e5e7eb;\">PF48M200-230\/ASI<\/td><td style=\"padding: 10px 8px; border: 1px solid #e5e7eb;\">2,0<\/td><td style=\"padding: 10px 8px; border: 1px solid #e5e7eb;\">167<\/td><td style=\"padding: 10px 8px; border: 1px solid #e5e7eb;\">16,7<\/td><td style=\"padding: 10px 8px; border: 1px solid #e5e7eb;\">63 of 2\u2033<\/td><td style=\"padding: 10px 8px; border: 1px solid #e5e7eb;\">63 of 2\u2033<\/td><td style=\"padding: 10px 8px; border: 1px solid #e5e7eb;\">34,6<\/td><td style=\"padding: 10px 8px; border: 1px solid #e5e7eb;\">32,4<\/td><td style=\"padding: 10px 8px; border: 1px solid #e5e7eb;\">28,8<\/td><td style=\"padding: 10px 8px; border: 1px solid #e5e7eb;\">25,3<\/td><td style=\"padding: 10px 8px; border: 1px solid #e5e7eb;\">21,7<\/td><td style=\"padding: 10px 8px; border: 1px solid #e5e7eb;\">16,5<\/td><td style=\"padding: 10px 8px; border: 1px solid #e5e7eb;\">10,8<\/td><td style=\"padding: 10px 8px; border: 1px solid #e5e7eb;\">2,4<\/td><td style=\"padding: 10px 8px; border: 1px solid #e5e7eb;\">0,0<\/td><td style=\"padding: 10px 8px; border: 1px solid #e5e7eb;\">15,8<\/td><td style=\"padding: 10px 8px; border: 1px solid #e5e7eb;\">707<\/td><\/tr><\/tbody><\/table><\/div><div style=\"background: #f9fafb; padding: 15px; border-radius: 6px; border: 1px solid #e5e7eb;\"><p><strong>Technische punten :<\/strong><\/p><ul><li>Eenfasemotor met permanente condensator - enkele spanning 230 V - 50 Hz<\/li><li>Watergekoeld - geen externe ventilatie nodig<\/li><li>Ge\u00efntegreerde thermische beveiliging schakelt de pomp automatisch uit bij oververhitting<\/li><li>Bedrijfstemperatuur van het water: 1 \u00b0C tot 45 \u00b0C<\/li><\/ul><\/div><div style=\"background-color: #f0f9ff; border-left: 4px solid #0066FF; padding: 3%; margin-top: 32px; border-radius: 4px; color: #1e40af;\"><strong>\ud83d\udcbc Complete professionele oplossing<\/strong> technische documentatie, responsieve ondersteuning. De 8STREME serie is ontworpen voor veeleisende installateurs die op zoek zijn naar prestaties, betrouwbaarheid en onderscheidend vermogen.<\/div><\/div>\t\t\t\t\t\t\t\t<\/div>\n\t\t\t\t<\/div>\n\t\t\t\t\t<\/div>\n\t\t<\/div>\n\t\t\t\t\t<\/div>\n\t\t<\/section>\n\t\t\t\t<\/div>","protected":false},"excerpt":{"rendered":"<p>Pompe 8STREME \u2013 Innovation et Performance D\u00e9couvrez la pompe de piscine 8STREME by SYLLENT, une r\u00e9volution technologique qui red\u00e9finit les standards. Gr\u00e2ce \u00e0 sa technologie avanc\u00e9e et son syst\u00e8me de refroidissement par eau unique, cette pompe offre des performances exceptionnelles. &hellip; <a href=\"https:\/\/8streme.eu\/nl\/produit\/pompe-piscine-avec-prefiltre-8streme-3-4cv-mono\/\">Meer lezen<\/a><\/p>","protected":false},"featured_media":36495,"template":"","meta":{"_metasync_otto_title":"","_metasync_otto_description":"Robot de piscine autonome pour piscines jusqu","_metasync_otto_keywords":"","_metasync_otto_og_title":"","_metasync_otto_og_description":"","_metasync_otto_twitter_title":"","_metasync_otto_twitter_description":"","rank_math_title":"","rank_math_description":"","_yoast_wpseo_title":"","_yoast_wpseo_metadesc":"","_aioseo_title":"","_aioseo_description":"","_metasync_seo_title":"","_metasync_seo_desc":"","_metasync_breadcrumb_title":"","_metasync_primary_category":0,"_metasync_primary_product_cat":0,"_metasync_otto_disabled":"","_metasync_hreflang":"","_metasync_plugin_sync_ts":"","_metasync_robots_advanced":""},"product_brand":[],"product_cat":[475],"product_tag":[],"class_list":{"0":"post-36629","1":"product","2":"type-product","3":"status-publish","4":"has-post-thumbnail","6":"product_cat-pompes-piscines-8streme","7":"_wholesalex wsx-wholesalex-product","9":"first","10":"instock","11":"taxable","12":"shipping-taxable","13":"purchasable","14":"product-type-simple"},"_links":{"self":[{"href":"https:\/\/8streme.eu\/nl\/wp-json\/wp\/v2\/product\/36629","targetHints":{"allow":["GET"]}}],"collection":[{"href":"https:\/\/8streme.eu\/nl\/wp-json\/wp\/v2\/product"}],"about":[{"href":"https:\/\/8streme.eu\/nl\/wp-json\/wp\/v2\/types\/product"}],"version-history":[{"count":9,"href":"https:\/\/8streme.eu\/nl\/wp-json\/wp\/v2\/product\/36629\/revisions"}],"predecessor-version":[{"id":36997,"href":"https:\/\/8streme.eu\/nl\/wp-json\/wp\/v2\/product\/36629\/revisions\/36997"}],"wp:featuredmedia":[{"embeddable":true,"href":"https:\/\/8streme.eu\/nl\/wp-json\/wp\/v2\/media\/36495"}],"wp:attachment":[{"href":"https:\/\/8streme.eu\/nl\/wp-json\/wp\/v2\/media?parent=36629"}],"wp:term":[{"taxonomy":"product_brand","embeddable":true,"href":"https:\/\/8streme.eu\/nl\/wp-json\/wp\/v2\/product_brand?post=36629"},{"taxonomy":"product_cat","embeddable":true,"href":"https:\/\/8streme.eu\/nl\/wp-json\/wp\/v2\/product_cat?post=36629"},{"taxonomy":"product_tag","embeddable":true,"href":"https:\/\/8streme.eu\/nl\/wp-json\/wp\/v2\/product_tag?post=36629"}],"curies":[{"name":"wp","href":"https:\/\/api.w.org\/{rel}","templated":true}]}}