{"id":2500,"date":"2018-03-16T11:37:56","date_gmt":"2018-03-16T10:37:56","guid":{"rendered":"http:\/\/8streme.eu\/?post_type=product&#038;p=2500"},"modified":"2025-05-26T17:31:51","modified_gmt":"2025-05-26T15:31:51","slug":"voorrolmontage-zwart-en-grijs-71150","status":"publish","type":"product","link":"https:\/\/8streme.eu\/nl\/produit\/ensemble-du-rouleau-avant-gris-et-noir-71150\/","title":{"rendered":"Voorrol - 71150"},"content":{"rendered":"<p>Voorrol, grijs en zwart - 71150<\/p>\n<p><strong>PVC-borstels niet meegeleverd<\/strong><\/p>\n<p>Dit product is compatibel met de volgende robots: 8STREME 7310, 8STREME 7311, 8STREME 7320, Black Pearl, Catfish, I-Qualer, Klinwass, Lynx ES10, Malibu, Pontaqua Phantom, Power 4.0, Power 4.0 Plus, Remora, Scooby, Tebas ...<\/p>\n<p><a href=\"https:\/\/www.youtube.com\/watch?v=BEJbVVmLMVM&amp;list=PLWoiTHw_wDWv8tDa7QGiQrazACbyhJHXd&amp;index=8\">Video van rollen verwijderen <\/a><\/p>\n<p><a href=\"https:\/\/www.youtube.com\/watch?v=mU-q6TRrOO8&amp;list=PLWoiTHw_wDWv8tDa7QGiQrazACbyhJHXd&amp;index=9\">Video montage rollen<\/a><\/p>","protected":false},"excerpt":{"rendered":"<p>Voorrol, grijs en zwart - 71150<\/p>\n<p><strong>PVC-borstels niet meegeleverd<\/strong><\/p>\n<p>Ce produit est compatible avec les robots 8STREME 7310, 8STREME 7311, 8STREME 7320, Black Pearl, Catfish, I-Qualer, Klinwass, Lynx ES10, Malibu, Pontaqua Phantom, Power 4.0, Power 4.0 Plus, Remora, Scooby, Tebas &#8230; &hellip; <a href=\"https:\/\/8streme.eu\/nl\/produit\/ensemble-du-rouleau-avant-gris-et-noir-71150\/\">Meer lezen<\/a><\/p>","protected":false},"featured_media":32340,"template":"","meta":{"_metasync_otto_title":"","_metasync_otto_description":"Rouleau avant gris et noir, compatible avec divers robots piscine. Remplacez pour efficacit\u00e9 maximale. Vid\u00e9os de montage et d\u00e9montage disponibles. Profitez-en!","_metasync_otto_keywords":"","_metasync_otto_og_title":"","_metasync_otto_og_description":"","_metasync_otto_twitter_title":"","_metasync_otto_twitter_description":"","rank_math_title":"","rank_math_description":"","_yoast_wpseo_title":"","_yoast_wpseo_metadesc":"","_aioseo_title":"","_aioseo_description":"","_metasync_seo_title":"","_metasync_seo_desc":"","_metasync_breadcrumb_title":"","_metasync_primary_category":0,"_metasync_primary_product_cat":0,"_metasync_otto_disabled":"","_metasync_hreflang":"","_metasync_plugin_sync_ts":"","_metasync_robots_advanced":""},"product_brand":[],"product_cat":[60,173,174,376,145,229],"product_tag":[],"class_list":{"0":"post-2500","1":"product","2":"type-product","3":"status-publish","4":"has-post-thumbnail","6":"product_cat-pieces-detachees-robot-7310","7":"product_cat-pieces-detachees-robot-7310-19","8":"product_cat-pieces-detachees-robot-7310-20","9":"product_cat-pieces-detachees-robot-7311","10":"product_cat-pieces-detachees-robot-7320","11":"product_cat-pieces-detachees-robot-7320-20","12":"_wholesalex wsx-wholesalex-product","14":"first","15":"instock","16":"taxable","17":"shipping-taxable","18":"purchasable","19":"product-type-simple"},"_links":{"self":[{"href":"https:\/\/8streme.eu\/nl\/wp-json\/wp\/v2\/product\/2500","targetHints":{"allow":["GET"]}}],"collection":[{"href":"https:\/\/8streme.eu\/nl\/wp-json\/wp\/v2\/product"}],"about":[{"href":"https:\/\/8streme.eu\/nl\/wp-json\/wp\/v2\/types\/product"}],"version-history":[{"count":9,"href":"https:\/\/8streme.eu\/nl\/wp-json\/wp\/v2\/product\/2500\/revisions"}],"predecessor-version":[{"id":33880,"href":"https:\/\/8streme.eu\/nl\/wp-json\/wp\/v2\/product\/2500\/revisions\/33880"}],"wp:featuredmedia":[{"embeddable":true,"href":"https:\/\/8streme.eu\/nl\/wp-json\/wp\/v2\/media\/32340"}],"wp:attachment":[{"href":"https:\/\/8streme.eu\/nl\/wp-json\/wp\/v2\/media?parent=2500"}],"wp:term":[{"taxonomy":"product_brand","embeddable":true,"href":"https:\/\/8streme.eu\/nl\/wp-json\/wp\/v2\/product_brand?post=2500"},{"taxonomy":"product_cat","embeddable":true,"href":"https:\/\/8streme.eu\/nl\/wp-json\/wp\/v2\/product_cat?post=2500"},{"taxonomy":"product_tag","embeddable":true,"href":"https:\/\/8streme.eu\/nl\/wp-json\/wp\/v2\/product_tag?post=2500"}],"curies":[{"name":"wp","href":"https:\/\/api.w.org\/{rel}","templated":true}]}}