{"id":29388,"date":"2024-01-02T17:11:56","date_gmt":"2024-01-02T16:11:56","guid":{"rendered":"https:\/\/8streme.eu\/?page_id=29388"},"modified":"2024-01-02T17:12:31","modified_gmt":"2024-01-02T16:12:31","slug":"de-8streme-7310-8streme-7320-zwembadreiniger-start-niet-meer-op","status":"publish","type":"page","link":"https:\/\/8streme.eu\/nl\/le-robot-piscine-8streme-7310-8streme-7320-ne-demarre-plus\/","title":{"rendered":"De 8STREME 7310, 8STREME 7320 ZWEMBADROBOT start niet meer op."},"content":{"rendered":"<div data-elementor-type=\"wp-page\" data-elementor-id=\"29388\" class=\"elementor elementor-29388\" data-elementor-post-type=\"page\">\n\t\t\t\t\t\t<section class=\"elementor-section elementor-top-section elementor-element elementor-element-39da36e elementor-section-boxed elementor-section-height-default elementor-section-height-default\" data-id=\"39da36e\" data-element_type=\"section\" data-e-type=\"section\">\n\t\t\t\t\t\t<div class=\"elementor-container elementor-column-gap-default\">\n\t\t\t\t\t<div class=\"elementor-column elementor-col-100 elementor-top-column elementor-element elementor-element-5223eb9\" data-id=\"5223eb9\" data-element_type=\"column\" data-e-type=\"column\">\n\t\t\t<div class=\"elementor-widget-wrap elementor-element-populated\">\n\t\t\t\t\t\t<div class=\"elementor-element elementor-element-74f48e8 elementor-widget elementor-widget-text-editor\" data-id=\"74f48e8\" data-element_type=\"widget\" data-e-type=\"widget\" data-widget_type=\"text-editor.default\">\n\t\t\t\t<div class=\"elementor-widget-container\">\n\t\t\t\t\t\t\t\t\t<p style=\"font-weight: 400;\">Mijn 8STREME 7310, 8STREME 7320 ZWEMBADROBOT start niet? Werkt hij niet? Werkt hij niet? Hij gaat niet aan? \u00a0<\/p><p style=\"font-weight: 400;\">\u00a0<\/p><h1>1\/ Controleer de voeding<\/h1><p style=\"font-weight: 400;\">Controleer of de transformator werkt.<\/p><p style=\"font-weight: 400;\">Wanneer je de transformator aansluit, zal de blauwe LED continu branden om aan te geven dat de voeding normaal werkt.<\/p><p style=\"font-weight: 400;\">Als er geen LED oplicht, staat de transformator niet onder spanning.<\/p><p style=\"font-weight: 400;\">Controleer of er spanning op het stopcontact staat. Als dat zo is, moet je waarschijnlijk de transformator vervangen.<\/p><p style=\"font-weight: 400;\">\u00a0<\/p><p style=\"font-weight: 400;\">Als het blauwe lampje brandt, kun je de schakelaar aan de zijkant van de transformator naar rechts draaien en vervolgens op de aan\/uit-knop hierboven klikken om het apparaat op te starten. Er gaat een rood lampje branden om aan te geven dat de reinigingscyclus is gestart en dit lampje blijft branden tot de cyclus is voltooid.<\/p><p style=\"font-weight: 400;\">Link naar de 8STREME 7310, 8STREME 7320 ZWEMBADROBOT:<\/p><p style=\"font-weight: 400;\"><a href=\"https:\/\/www.youtube.com\/watch?v=8Bwj47cupHI&amp;list=PLWoiTHw_wDWv8tDa7QGiQrazACbyhJHXd&amp;index=14\">https:\/\/www.youtube.com\/watch?v=8Bwj47cupHI&amp;list=PLWoiTHw_wDWv8tDa7QGiQrazACbyhJHXd&amp;index=14<\/a><\/p><p style=\"font-weight: 400;\">Als het lampje blijft branden en het rode lampje niet gaat branden, staat de transformator niet onder spanning.<\/p><p style=\"font-weight: 400;\">Controleer of er spanning op het stopcontact staat. Als dat zo is, moet je waarschijnlijk de transformator vervangen.<\/p><p style=\"font-weight: 400;\">Als beide LED's uitgaan, is er een probleem met de voeding of de aansluiting. Controleer of de kabelverbindingen correct en waterdicht zijn en in de juiste richting zijn geplaatst.<\/p><p style=\"font-weight: 400;\">\u00a0<\/p><h1>2\/ Controleer de elektrische aansluiting<\/h1><p style=\"font-weight: 400;\">Als de blauwe en rode lampjes op de transformator branden, maar de lampjes op de vlotter niet, controleer dan of de kabelaansluitingen correct en waterdicht zijn en op de juiste manier zijn aangesloten.<\/p><p style=\"font-weight: 400;\">Link naar de 8STREME ROBOT ZWEMBAD aansluiting\u00a0<strong>7310, 8STREME 7320<\/strong><strong>\u00a0:\u00a0<\/strong><a href=\"https:\/\/www.youtube.com\/watch?v=3PPJU9pLre0&amp;list=PLWoiTHw_wDWv8tDa7QGiQrazACbyhJHXd&amp;index=15\">https:\/\/www.youtube.com\/watch?v=3PPJU9pLre0&amp;list=PLWoiTHw_wDWv8tDa7QGiQrazACbyhJHXd&amp;index=15<\/a><\/p><p style=\"font-weight: 400;\">Als de kabels correct zijn aangesloten, gaat de blauwe LED op de vlotter continu branden om aan te geven dat de vlotter stroom krijgt.<\/p><p style=\"font-weight: 400;\">Als er geen lampje gaat branden, wordt de vlotter niet gevoed.<\/p><p style=\"font-weight: 400;\">Controleer of je de transformator hebt ingeschakeld en of de zwevende kabel tussen de transformator en de vlotter correct is aangesloten.<\/p><p style=\"font-weight: 400;\">Als alles goed is, moet de drijfkabel of vlotter waarschijnlijk worden vervangen.<\/p><p style=\"font-weight: 400;\">\u00a0<\/p><p style=\"font-weight: 400;\">Als het blauwe lampje brandt, moet het groene lampje gaan branden wanneer de robotpomp werkt. Dit lampje gaat niet branden wanneer de ROBOT PISCINE 8STREME\u00a0<strong>7310, 8STREME 7320<\/strong><strong>\u00a0<\/strong>de reinigingscyclus heeft voltooid of tijdens bepaalde fasen van de werking van het apparaat (bijvoorbeeld na het beklimmen van de muren).<\/p><p style=\"font-weight: 400;\">Als het groene lampje niet gaat branden, wordt de robotpomp niet gevoed.<\/p><p style=\"font-weight: 400;\">Controleer of je de transformator hebt ingeschakeld en of de drijvende kabel tussen de vlotter en de robot correct is aangesloten. Je kunt ook controleren of de rode LED op de vlotteruitgang brandt door de zweefkabel tussen de vlotter en de robot los te schroeven.<\/p><p style=\"font-weight: 400;\">Als het blauwe en rode lampje branden, maar het groene lampje niet, dan moet je de vlotterkabel of de vlotter vervangen.<\/p><p style=\"font-weight: 400;\">Als alleen het blauwe lampje brandt, moet waarschijnlijk de vlotter worden vervangen.\u00a0<\/p><p style=\"font-weight: 400;\">\u00a0<\/p><p style=\"font-weight: 400;\">We nodigen je uit om de toestand van je aansluitstekkers te controleren om te zien of ze tekenen van oxidatie vertonen. Als een plug geoxideerd is, wordt vervanging sterk aanbevolen.<\/p><p style=\"font-weight: 400;\">\u00a0<\/p><h1>3\/ Neem contact op met uw detailhandelaar of de klantenservice van 8STREME.<\/h1><p style=\"font-weight: 400;\">Als geen van deze controles tot een oplossing heeft geleid, neem dan contact op met uw detailhandelaar of de 8STREME after-sales service.<\/p><p>Contactgegevens van de klantenservice van 8STREME :<\/p><p>8STREME Klantenservice<\/p><p>6 RUE DES FRERES MICHELIN<\/p><p>10600 LA CHAPELLE SAINT LUC<\/p><p>FRANKRIJK<\/p><p>03 10 64 60 26<\/p><p><a href=\"mailto:service@8streme.eu\">service@8streme.eu<\/a><\/p>\t\t\t\t\t\t\t\t<\/div>\n\t\t\t\t<\/div>\n\t\t\t\t\t<\/div>\n\t\t<\/div>\n\t\t\t\t\t<\/div>\n\t\t<\/section>\n\t\t\t\t<\/div>","protected":false},"excerpt":{"rendered":"<p>Mijn zwembadrobot 8STREME 7310, 8STREME 7320 start niet? Hij werkt niet meer? Hij functioneert niet meer? Hij gaat niet meer aan? 1\/ Controleer de voeding We nodigen u uit om te controleren of de transformator werkt. Wanneer u de transformator aansluit, de... <a href=\"https:\/\/8streme.eu\/nl\/le-robot-piscine-8streme-7310-8streme-7320-ne-demarre-plus\/\">Meer lezen<\/a><\/p>","protected":false},"author":5,"featured_media":0,"parent":0,"menu_order":0,"comment_status":"closed","ping_status":"closed","template":"","meta":{"_metasync_otto_title":"Solutions de d\u00e9pannage pour d\u00e9marrer le robot piscine.","_metasync_otto_description":"Solutions si robot piscine 8STREME 7310, 8STREME 7320 ne d\u00e9marre pas : v\u00e9rifiez transformateur, connexions et pompe pour bon fonctionnement.","_metasync_otto_keywords":"","_metasync_otto_og_title":"","_metasync_otto_og_description":"","_metasync_otto_twitter_title":"","_metasync_otto_twitter_description":"","rank_math_title":"","rank_math_description":"","_yoast_wpseo_title":"","_yoast_wpseo_metadesc":"","_aioseo_title":"","_aioseo_description":"","_metasync_seo_title":"","_metasync_seo_desc":"","_metasync_breadcrumb_title":"","_metasync_primary_category":0,"_metasync_primary_product_cat":0,"_metasync_otto_disabled":"","_metasync_hreflang":"","_metasync_plugin_sync_ts":"","_metasync_robots_advanced":"","footnotes":""},"class_list":["post-29388","page","type-page","status-publish","hentry","_wholesalex wsx-wholesalex-product"],"_links":{"self":[{"href":"https:\/\/8streme.eu\/nl\/wp-json\/wp\/v2\/pages\/29388","targetHints":{"allow":["GET"]}}],"collection":[{"href":"https:\/\/8streme.eu\/nl\/wp-json\/wp\/v2\/pages"}],"about":[{"href":"https:\/\/8streme.eu\/nl\/wp-json\/wp\/v2\/types\/page"}],"author":[{"embeddable":true,"href":"https:\/\/8streme.eu\/nl\/wp-json\/wp\/v2\/users\/5"}],"replies":[{"embeddable":true,"href":"https:\/\/8streme.eu\/nl\/wp-json\/wp\/v2\/comments?post=29388"}],"version-history":[{"count":4,"href":"https:\/\/8streme.eu\/nl\/wp-json\/wp\/v2\/pages\/29388\/revisions"}],"predecessor-version":[{"id":29394,"href":"https:\/\/8streme.eu\/nl\/wp-json\/wp\/v2\/pages\/29388\/revisions\/29394"}],"wp:attachment":[{"href":"https:\/\/8streme.eu\/nl\/wp-json\/wp\/v2\/media?parent=29388"}],"curies":[{"name":"wp","href":"https:\/\/api.w.org\/{rel}","templated":true}]}}