{"id":29272,"date":"2024-01-02T16:09:49","date_gmt":"2024-01-02T15:09:49","guid":{"rendered":"https:\/\/8streme.eu\/?page_id=29272"},"modified":"2024-01-02T16:10:09","modified_gmt":"2024-01-02T15:10:09","slug":"hoe-vervang-ik-de-wielen-van-de-8streme-7310-8streme-7320-zwembadreiniger","status":"publish","type":"page","link":"https:\/\/8streme.eu\/nl\/comment-remplacer-les-roues-du-robot-piscine-8streme-7310-8streme-7320\/","title":{"rendered":"Hoe vervang ik de wielen van de 8STREME 7310, 8STREME 7320 ZWEMBADROBOT?"},"content":{"rendered":"<div data-elementor-type=\"wp-page\" data-elementor-id=\"29272\" class=\"elementor elementor-29272\" data-elementor-post-type=\"page\">\n\t\t\t\t\t\t<section class=\"elementor-section elementor-top-section elementor-element elementor-element-16f045c elementor-section-boxed elementor-section-height-default elementor-section-height-default\" data-id=\"16f045c\" data-element_type=\"section\" data-e-type=\"section\">\n\t\t\t\t\t\t<div class=\"elementor-container elementor-column-gap-default\">\n\t\t\t\t\t<div class=\"elementor-column elementor-col-100 elementor-top-column elementor-element elementor-element-3507128\" data-id=\"3507128\" data-element_type=\"column\" data-e-type=\"column\">\n\t\t\t<div class=\"elementor-widget-wrap elementor-element-populated\">\n\t\t\t\t\t\t<div class=\"elementor-element elementor-element-47c5482 elementor-widget elementor-widget-text-editor\" data-id=\"47c5482\" data-element_type=\"widget\" data-e-type=\"widget\" data-widget_type=\"text-editor.default\">\n\t\t\t\t<div class=\"elementor-widget-container\">\n\t\t\t\t\t\t\t\t\t<p style=\"font-weight: 400;\">Als een wiel kapot is, moet het snel vervangen worden zodat het de werking van de 8STREME 7310, 8STREME 7320 ZWEMBADROBOT niet be\u00efnvloedt en niet leidt tot snellere slijtage van de 8STREME 7310, 8STREME 7320 ZWEMBADROBOT.<\/p><p style=\"font-weight: 400;\">\u00a0<\/p><h1>De hulpmiddelen om te gebruiken<\/h1><p style=\"font-weight: 400;\">Om de rol te vervangen, heb je :<\/p><p style=\"font-weight: 400;\">- Kruiskopschroevendraaier<\/p><p style=\"font-weight: 400;\">\u00a0<\/p><h1>Onderdelen<\/h1><p style=\"font-weight: 400;\">Hieronder vindt u de link om een wiel te kopen voor ROBOT PISCINE 8STREME 7310 :\u00a0<a href=\"https:\/\/8streme.eu\/nl\/product\/kartelwiel-4st-op-grijs-montage-71140\/\">https:\/\/8streme.eu\/produit\/roue-dentee-4pcs-sur-lensemble-gris-71140\/<\/a><\/p><p style=\"font-weight: 400;\">\u00a0<\/p><p style=\"font-weight: 400;\">Hieronder vindt u de link om een wiel te kopen voor ROBOT PISCINE 8STREME 7320 :\u00a0<a href=\"https:\/\/8streme.eu\/nl\/?s=71142\">https:\/\/8streme.eu\/?s=71142<\/a><\/p><p style=\"font-weight: 400;\">\u00a0<\/p><h1>De vervangingsprocedure<\/h1><p style=\"font-weight: 400;\">De eerste stap is om de stekker van je 8STREME 7310, 8STREME 7320 POOL ROBOT uit het stopcontact te halen voordat je tot vervanging overgaat.<\/p><p style=\"font-weight: 400;\">\u00a0<\/p><p style=\"font-weight: 400;\">Om het wiel te verwijderen, draai je met een kruiskopschroevendraaier de schroef los van het tandwiel dat het wiel aan de rol vasthoudt. Verwijder het wiel van de rol.<\/p><p style=\"font-weight: 400;\">\u00a0<\/p><p style=\"font-weight: 400;\">Houd alle onderdelen aan \u00e9\u00e9n kant.\u00a0<\/p><p style=\"font-weight: 400;\">\u00a0<\/p><p style=\"font-weight: 400;\">Om het nieuwe wiel te monteren, plaatst u het wiel in de roller. Zodra de rol is geplaatst, controleert u of het wiel draait wanneer u aan de rol draait. Draai vervolgens de wielschroef vast.<\/p><p style=\"font-weight: 400;\">\u00a0<\/p><h1><strong>Neem contact op met uw dealer of de after-sales service<\/strong><\/h1><p style=\"font-weight: 400;\"><strong>Als je problemen hebt met het vervangen van de aandrijfriemen, neem dan contact op met je dealer of de after-sales service.<\/strong><\/p><p>Contactgegevens van de klantenservice van 8STREME :<\/p><p>8STREME Klantenservice<\/p><p>6 RUE DES FRERES MICHELIN<\/p><p>10600 LA CHAPELLE SAINT LUC<\/p><p>FRANKRIJK<\/p><p>03 10 64 60 26<\/p><p><a href=\"mailto:service@8streme.eu\">service@8streme.eu<\/a><\/p>\t\t\t\t\t\t\t\t<\/div>\n\t\t\t\t<\/div>\n\t\t\t\t\t<\/div>\n\t\t<\/div>\n\t\t\t\t\t<\/div>\n\t\t<\/section>\n\t\t\t\t<\/div>","protected":false},"excerpt":{"rendered":"<p>Als een wiel kapot is, moet het snel vervangen worden zodat het de werking van de 8STREME 7310, 8STREME 7320 ZWEMBADROBOT niet be\u00efnvloedt en niet leidt tot snellere slijtage van de 8STREME 7310, 8STREME 7320 ZWEMBADROBOT. Het te gebruiken gereedschap Voor ... <a href=\"https:\/\/8streme.eu\/nl\/comment-remplacer-les-roues-du-robot-piscine-8streme-7310-8streme-7320\/\">Meer lezen<\/a><\/p>","protected":false},"author":5,"featured_media":0,"parent":0,"menu_order":0,"comment_status":"closed","ping_status":"closed","template":"","meta":{"_metasync_otto_title":"Guide de remplacement des roues pour Robot Piscine 8streme","_metasync_otto_description":"Remplacez rapidement une roue cass\u00e9e du Robot Piscine 8STREME 7310, 8STREME 7320 pour maintenir son fonctionnement. Achetez les pi\u00e8ces et suivez la proc\u00e9dure.","_metasync_otto_keywords":"","_metasync_otto_og_title":"","_metasync_otto_og_description":"","_metasync_otto_twitter_title":"","_metasync_otto_twitter_description":"","rank_math_title":"","rank_math_description":"","_yoast_wpseo_title":"","_yoast_wpseo_metadesc":"","_aioseo_title":"","_aioseo_description":"","_metasync_seo_title":"","_metasync_seo_desc":"","_metasync_breadcrumb_title":"","_metasync_primary_category":0,"_metasync_primary_product_cat":0,"_metasync_otto_disabled":"","_metasync_hreflang":"","_metasync_plugin_sync_ts":"","_metasync_robots_advanced":"","footnotes":""},"class_list":["post-29272","page","type-page","status-publish","hentry","_wholesalex wsx-wholesalex-product"],"_links":{"self":[{"href":"https:\/\/8streme.eu\/nl\/wp-json\/wp\/v2\/pages\/29272","targetHints":{"allow":["GET"]}}],"collection":[{"href":"https:\/\/8streme.eu\/nl\/wp-json\/wp\/v2\/pages"}],"about":[{"href":"https:\/\/8streme.eu\/nl\/wp-json\/wp\/v2\/types\/page"}],"author":[{"embeddable":true,"href":"https:\/\/8streme.eu\/nl\/wp-json\/wp\/v2\/users\/5"}],"replies":[{"embeddable":true,"href":"https:\/\/8streme.eu\/nl\/wp-json\/wp\/v2\/comments?post=29272"}],"version-history":[{"count":4,"href":"https:\/\/8streme.eu\/nl\/wp-json\/wp\/v2\/pages\/29272\/revisions"}],"predecessor-version":[{"id":29278,"href":"https:\/\/8streme.eu\/nl\/wp-json\/wp\/v2\/pages\/29272\/revisions\/29278"}],"wp:attachment":[{"href":"https:\/\/8streme.eu\/nl\/wp-json\/wp\/v2\/media?parent=29272"}],"curies":[{"name":"wp","href":"https:\/\/api.w.org\/{rel}","templated":true}]}}