{"id":29230,"date":"2024-01-02T15:58:16","date_gmt":"2024-01-02T14:58:16","guid":{"rendered":"https:\/\/8streme.eu\/?page_id=29230"},"modified":"2024-01-02T15:59:02","modified_gmt":"2024-01-02T14:59:02","slug":"hoe-vervang-ik-het-motorblok-van-de-8streme-7310-8streme-7320-zwembadreiniger","status":"publish","type":"page","link":"https:\/\/8streme.eu\/nl\/comment-remplacer-le-bloc-moteur-du-robot-piscine-8streme-7310-8streme-7320\/","title":{"rendered":"Hoe vervang ik de motoreenheid in de 8STREME 7310, 8STREME 7320 ZWEMBADROBOT?"},"content":{"rendered":"<div data-elementor-type=\"wp-page\" data-elementor-id=\"29230\" class=\"elementor elementor-29230\" data-elementor-post-type=\"page\">\n\t\t\t\t\t\t<section class=\"elementor-section elementor-top-section elementor-element elementor-element-e1f25f5 elementor-section-boxed elementor-section-height-default elementor-section-height-default\" data-id=\"e1f25f5\" data-element_type=\"section\" data-e-type=\"section\">\n\t\t\t\t\t\t<div class=\"elementor-container elementor-column-gap-default\">\n\t\t\t\t\t<div class=\"elementor-column elementor-col-100 elementor-top-column elementor-element elementor-element-822c59c\" data-id=\"822c59c\" data-element_type=\"column\" data-e-type=\"column\">\n\t\t\t<div class=\"elementor-widget-wrap elementor-element-populated\">\n\t\t\t\t\t\t<div class=\"elementor-element elementor-element-7df123a elementor-widget elementor-widget-text-editor\" data-id=\"7df123a\" data-element_type=\"widget\" data-e-type=\"widget\" data-widget_type=\"text-editor.default\">\n\t\t\t\t<div class=\"elementor-widget-container\">\n\t\t\t\t\t\t\t\t\t<p>Als het motorblok versleten is of kapot gaat, moet het snel vervangen worden zodat het de werking van de 8STREME 7310, 8STREME 7320 POOL ROBOT niet be\u00efnvloedt en niet leidt tot snellere slijtage van de 8STREME 7310, 8STREME 7320 POOL ROBOT.<\/p><p>\u00a0<\/p><h1>De hulpmiddelen om te gebruiken<\/h1><p>Om de rol te vervangen, heb je :<\/p><ul><li>Inbussleutel<\/li><li>Kruiskopschroevendraaier<\/li><li>Een platte schroevendraaier<\/li><li>Een motorsleutel<\/li><\/ul><p>\u00a0<\/p><h1>Onderdelen<\/h1><p>Bijgevoegd vindt u de link om het motorblok te kopen: <a href=\"https:\/\/8streme.eu\/nl\/product\/pomp-motor-71050\/\">https:\/\/8streme.eu\/produit\/bloc-moteur-de-la-pompe-71050\/<\/a><\/p><p>\u00a0<\/p><p>De motorsleutel wordt in het pakket gestoken.<\/p><h1>De vervangingsprocedure<\/h1><p>We raden je aan de videotutorial te volgen om het motorblok te vervangen.<\/p><p>\u00a0<\/p><p>8STREME 7310, 8STREME 7320 ZWEMBADROBOT motor demontage link: <a href=\"https:\/\/www.youtube.com\/watch?v=-q-rfdu2Wy8&amp;list=PLWoiTHw_wDWv8tDa7QGiQrazACbyhJHXd&amp;index=3\">https:\/\/www.youtube.com\/watch?v=-q-rfdu2Wy8&amp;list=PLWoiTHw_wDWv8tDa7QGiQrazACbyhJHXd&amp;index=3<\/a><\/p><p>\u00a0<\/p><p>8STREME 7310, 8STREME 7320 ZWEMBADROBOT motorverbinding:<\/p><p><a href=\"https:\/\/www.youtube.com\/watch?v=ItmaF-YrXz4&amp;list=PLWoiTHw_wDWv8tDa7QGiQrazACbyhJHXd&amp;index=4\">https:\/\/www.youtube.com\/watch?v=ItmaF-YrXz4&amp;list=PLWoiTHw_wDWv8tDa7QGiQrazACbyhJHXd&amp;index=4<\/a> \u00a0<\/p><p>\u00a0<\/p><p>De eerste stap is om de stekker van je 8STREME 7310, 8STREME 7320 POOL ROBOT uit het stopcontact te halen voordat je tot vervanging overgaat.<\/p><p>\u00a0<\/p><p>Open het deksel van je keukenmachine en verwijder het filtermandje door aan de handgrepen van het mandje te trekken.<\/p><p>Om de motor te demonteren, draai je gewoon de vier inbusschroeven los met een inbussleutel die zich in de hoeken binnenin de robot bevindt. Draai de robot om, draai de twee kleine schroeven op de twee buitenste wielen los en verwijder de twee wielen.<\/p><p>Verwijder vervolgens de vier schroeven die de robotbasis vasthouden en til hem eruit door aan beide zijden te trekken.<\/p><p>Zodra de basis is verwijderd, draait u de drie schroeven los die de motoreenheid op zijn plaats houden.<\/p><p>Draai de robot met de goede kant naar boven en maak het motorrooster aan de bovenkant los met een platte schroevendraaier.<\/p><p>Open het deksel en verwijder de motoreenheid door hem op te tillen en naar buiten te kantelen.<\/p><p>Draai de zwarte moer op het motorblok los met behulp van de motorsleutel en verwijder vervolgens de zwevende kabel uit het motorblok.<\/p><p>\u00a0<\/p><p>Houd alle onderdelen aan \u00e9\u00e9n kant.\u00a0<\/p><p>\u00a0<\/p><p>Om de nieuwe motor te monteren, sluit je de zwevende kabel aan op de nieuwe motoreenheid en schroef je de zwarte moer op de motor met behulp van de motorsleutel.<\/p><p>Plaats het motorblok terug in de robot en draai de robot om.<\/p><p>Draai de drie schroeven vast die de motoreenheid op zijn plaats houden.<\/p><p>Plaats de basis in de juiste richting terug op het robothuis. Draai de vier schroeven vast waarmee de basis op het robothuis is bevestigd. Plaats de twee wielen terug op hun plastic steunen en draai de twee kleine schroeven vast.<\/p><p>Draai de robot met de goede kant naar boven en draai de vier inbusschroeven terug in de robot.<\/p><p>Klik het motorrooster weer vast en zorg ervoor dat de zwarte kabelafdichting weer op de juiste plaats op het rooster zit.<\/p><p>\u00a0<\/p><h1><strong>Neem contact op met uw dealer of de after-sales service<\/strong><\/h1><p><strong>Als je problemen hebt met het vervangen van de aandrijfriemen, neem dan contact op met je dealer of de after-sales service. <\/strong><\/p><p>Contactgegevens van de klantenservice van 8STREME :<\/p><p>8STREME Klantenservice<\/p><p>6 RUE DES FRERES MICHELIN<\/p><p>10600 LA CHAPELLE SAINT LUC<\/p><p>FRANKRIJK<\/p><p>03 10 64 60 26<\/p><p><a href=\"mailto:service@8streme.eu\">service@8streme.eu<\/a><\/p>\t\t\t\t\t\t\t\t<\/div>\n\t\t\t\t<\/div>\n\t\t\t\t\t<\/div>\n\t\t<\/div>\n\t\t\t\t\t<\/div>\n\t\t<\/section>\n\t\t\t\t<\/div>","protected":false},"excerpt":{"rendered":"<p>Als het motorblok versleten of kapot is, moet het snel vervangen worden zodat het de werking van de 8STREME 7310, 8STREME 7320 ZWEMBADROBOT niet be\u00efnvloedt en niet leidt tot snellere slijtage van de 8STREME 7310, 8STREME 7320 ZWEMBADROBOT... <a href=\"https:\/\/8streme.eu\/nl\/comment-remplacer-le-bloc-moteur-du-robot-piscine-8streme-7310-8streme-7320\/\">Meer lezen<\/a><\/p>","protected":false},"author":5,"featured_media":0,"parent":0,"menu_order":0,"comment_status":"closed","ping_status":"closed","template":"","meta":{"_metasync_otto_title":"Changement rapide bloc moteur Robot Piscine 8streme","_metasync_otto_description":"Remplacez rapidement le bloc moteur du Robot Piscine 8Streme 7310, 8Streme 7320 avec nos conseils. D\u00e9montage et montage faciles gr\u00e2ce \u00e0 nos vid\u00e9os tutoriels.","_metasync_otto_keywords":"","_metasync_otto_og_title":"","_metasync_otto_og_description":"","_metasync_otto_twitter_title":"","_metasync_otto_twitter_description":"","rank_math_title":"","rank_math_description":"","_yoast_wpseo_title":"","_yoast_wpseo_metadesc":"","_aioseo_title":"","_aioseo_description":"","_metasync_seo_title":"","_metasync_seo_desc":"","_metasync_breadcrumb_title":"","_metasync_primary_category":0,"_metasync_primary_product_cat":0,"_metasync_otto_disabled":"","_metasync_hreflang":"","_metasync_plugin_sync_ts":"","_metasync_robots_advanced":"","footnotes":""},"class_list":["post-29230","page","type-page","status-publish","hentry","_wholesalex wsx-wholesalex-product"],"_links":{"self":[{"href":"https:\/\/8streme.eu\/nl\/wp-json\/wp\/v2\/pages\/29230","targetHints":{"allow":["GET"]}}],"collection":[{"href":"https:\/\/8streme.eu\/nl\/wp-json\/wp\/v2\/pages"}],"about":[{"href":"https:\/\/8streme.eu\/nl\/wp-json\/wp\/v2\/types\/page"}],"author":[{"embeddable":true,"href":"https:\/\/8streme.eu\/nl\/wp-json\/wp\/v2\/users\/5"}],"replies":[{"embeddable":true,"href":"https:\/\/8streme.eu\/nl\/wp-json\/wp\/v2\/comments?post=29230"}],"version-history":[{"count":4,"href":"https:\/\/8streme.eu\/nl\/wp-json\/wp\/v2\/pages\/29230\/revisions"}],"predecessor-version":[{"id":29236,"href":"https:\/\/8streme.eu\/nl\/wp-json\/wp\/v2\/pages\/29230\/revisions\/29236"}],"wp:attachment":[{"href":"https:\/\/8streme.eu\/nl\/wp-json\/wp\/v2\/media?parent=29230"}],"curies":[{"name":"wp","href":"https:\/\/api.w.org\/{rel}","templated":true}]}}