{"id":18489,"date":"2020-03-10T16:22:40","date_gmt":"2020-03-10T15:22:40","guid":{"rendered":"http:\/\/8streme.eu\/?page_id=18489"},"modified":"2022-06-29T16:58:55","modified_gmt":"2022-06-29T14:58:55","slug":"reserveonderdelen-voor-robot-7320-20","status":"publish","type":"page","link":"https:\/\/8streme.eu\/nl\/pieces-detachees-robot-7320-20\/","title":{"rendered":"Onderdelen 7320-20"},"content":{"rendered":"\t\t<div data-elementor-type=\"wp-post\" data-elementor-id=\"18489\" class=\"elementor elementor-18489\" data-elementor-post-type=\"page\">\n\t\t\t\t\t\t<section class=\"elementor-section elementor-top-section elementor-element elementor-element-25cae8a4 elementor-section-boxed elementor-section-height-default elementor-section-height-default\" data-id=\"25cae8a4\" data-element_type=\"section\" data-e-type=\"section\">\n\t\t\t\t\t\t<div class=\"elementor-container elementor-column-gap-default\">\n\t\t\t\t\t<div class=\"elementor-column elementor-col-100 elementor-top-column elementor-element elementor-element-3d8d5671\" data-id=\"3d8d5671\" data-element_type=\"column\" data-e-type=\"column\">\n\t\t\t<div class=\"elementor-widget-wrap elementor-element-populated\">\n\t\t\t\t\t\t<div class=\"elementor-element elementor-element-3443dbd elementor-widget elementor-widget-image\" data-id=\"3443dbd\" data-element_type=\"widget\" data-e-type=\"widget\" data-widget_type=\"image.default\">\n\t\t\t\t<div class=\"elementor-widget-container\">\n\t\t\t\t\t\t\t\t\t\t\t\t\t\t\t<img fetchpriority=\"high\" decoding=\"async\" width=\"600\" height=\"616\" src=\"https:\/\/8streme.eu\/wp-content\/uploads\/2020\/03\/vue-eclatee-robot-8streme-7320-20.jpg\" class=\"attachment-woocommerce_single size-woocommerce_single wp-image-18491\" alt=\"Vue \u00e9clat\u00e9e pour robot piscine 8STREME 7320\" srcset=\"https:\/\/8streme.eu\/wp-content\/uploads\/2020\/03\/vue-eclatee-robot-8streme-7320-20.jpg 600w, https:\/\/8streme.eu\/wp-content\/uploads\/2020\/03\/vue-eclatee-robot-8streme-7320-20-64x66.jpg 64w, https:\/\/8streme.eu\/wp-content\/uploads\/2020\/03\/vue-eclatee-robot-8streme-7320-20-292x300.jpg 292w, https:\/\/8streme.eu\/wp-content\/uploads\/2020\/03\/vue-eclatee-robot-8streme-7320-20-97x100.jpg 97w, https:\/\/8streme.eu\/wp-content\/uploads\/2020\/03\/vue-eclatee-robot-8streme-7320-20-78x80.jpg 78w, https:\/\/8streme.eu\/wp-content\/uploads\/2020\/03\/vue-eclatee-robot-8streme-7320-20-295x303.jpg 295w\" sizes=\"(max-width: 600px) 100vw, 600px\" \/>\t\t\t\t\t\t\t\t\t\t\t\t\t\t\t<\/div>\n\t\t\t\t<\/div>\n\t\t\t\t\t<\/div>\n\t\t<\/div>\n\t\t\t\t\t<\/div>\n\t\t<\/section>\n\t\t\t\t<section class=\"elementor-section elementor-top-section elementor-element elementor-element-b63277d elementor-section-boxed elementor-section-height-default elementor-section-height-default\" data-id=\"b63277d\" data-element_type=\"section\" data-e-type=\"section\">\n\t\t\t\t\t\t<div class=\"elementor-container elementor-column-gap-default\">\n\t\t\t\t\t<div class=\"elementor-column elementor-col-100 elementor-top-column elementor-element elementor-element-af48412\" data-id=\"af48412\" data-element_type=\"column\" data-e-type=\"column\">\n\t\t\t<div class=\"elementor-widget-wrap elementor-element-populated\">\n\t\t\t\t\t\t<div class=\"elementor-element elementor-element-635f2b7c elementor-widget elementor-widget-text-editor\" data-id=\"635f2b7c\" data-element_type=\"widget\" data-e-type=\"widget\" data-widget_type=\"text-editor.default\">\n\t\t\t\t<div class=\"elementor-widget-container\">\n\t\t\t\t\t\t\t\t\t<p><div class=\"woocommerce\"><\/div><table id=\"wcpt_76bb38069ca356de_1\" class=\"wc-product-table woocommerce multicart-enabled\" width=\"100%\" data-config=\"{&quot;pageLength&quot;:30,&quot;pagingType&quot;:&quot;simple_numbers&quot;,&quot;serverSide&quot;:true,&quot;autoWidth&quot;:true,&quot;clickFilter&quot;:&quot;false&quot;,&quot;scrollOffset&quot;:15,&quot;resetButton&quot;:false,&quot;multiAddToCart&quot;:false,&quot;multiCartLocation&quot;:&quot;top&quot;,&quot;variations&quot;:false,&quot;ajaxCart&quot;:true,&quot;numOrder&quot;:false,&quot;stickyHeader&quot;:false,&quot;lengthMenu&quot;:[[10,25,30,50,100,-1],[10,25,30,50,100,&quot;Alle&quot;]],&quot;columnDefs&quot;:[{&quot;className&quot;:&quot;col-repere-7320-20&quot;,&quot;targets&quot;:0,&quot;type&quot;:&quot;html&quot;},{&quot;className&quot;:&quot;col-name&quot;,&quot;targets&quot;:1,&quot;type&quot;:&quot;html&quot;},{&quot;className&quot;:&quot;col-price&quot;,&quot;targets&quot;:2,&quot;type&quot;:&quot;html-num&quot;},{&quot;className&quot;:&quot;col-buy col-add-to-cart&quot;,&quot;targets&quot;:3,&quot;type&quot;:&quot;html&quot;}],&quot;responsive&quot;:{&quot;details&quot;:{&quot;display&quot;:&quot;child_row&quot;}},&quot;search&quot;:{&quot;search&quot;:&quot;&quot;},&quot;dom&quot;:&quot;&lt;\\&quot;wc-product-table-wrapper stratusx wpt-styling-custom\\&quot;&lt;\\&quot;wc-product-table-controls wc-product-table-above\\&quot;&gt;t&lt;\\&quot;wc-product-table-controls wc-product-table-below\\&quot;p&gt;&gt;&quot;}\" data-filters=\"false\" data-order=\"[]\"><thead><tr><th class=\"all\" data-name=\"att_pa_repere-7320-20\" data-orderable=\"false\" data-searchable=\"true\" data-data=\"att:pa_repere-7320-20\">Num\u00e9ro (Vue 7320-20)<\/th><th data-name=\"name\" data-orderable=\"true\" data-searchable=\"true\" data-priority=\"1\" data-data=\"name\">Naam<\/th><th data-name=\"price\" data-orderable=\"true\" data-searchable=\"true\" data-priority=\"3\" data-data=\"price\">Prijs<\/th><th data-name=\"buy\" data-orderable=\"false\" data-searchable=\"true\" data-priority=\"2\" data-data=\"buy\">Kopen<\/th><\/tr><\/thead><\/table><\/span><\/p>\t\t\t\t\t\t\t\t<\/div>\n\t\t\t\t<\/div>\n\t\t\t\t\t<\/div>\n\t\t<\/div>\n\t\t\t\t\t<\/div>\n\t\t<\/section>\n\t\t\t\t<\/div>\n\t\t","protected":false},"excerpt":{"rendered":"","protected":false},"author":5,"featured_media":0,"parent":0,"menu_order":49,"comment_status":"closed","ping_status":"closed","template":"","meta":{"_metasync_otto_title":"","_metasync_otto_description":"Trouvez et achetez en ligne des pi\u00e8ces d\u00e9tach\u00e9es authentiques pour le robot 7320-20. Commandez les pi\u00e8ces dont vous avez besoin d\u00e8s maintenant!","_metasync_otto_keywords":"","_metasync_otto_og_title":"","_metasync_otto_og_description":"","_metasync_otto_twitter_title":"","_metasync_otto_twitter_description":"","rank_math_title":"","rank_math_description":"","_yoast_wpseo_title":"","_yoast_wpseo_metadesc":"","_aioseo_title":"","_aioseo_description":"","_metasync_seo_title":"","_metasync_seo_desc":"","_metasync_breadcrumb_title":"","_metasync_primary_category":0,"_metasync_primary_product_cat":0,"_metasync_otto_disabled":"","_metasync_hreflang":"","_metasync_plugin_sync_ts":"","_metasync_robots_advanced":"","footnotes":""},"class_list":["post-18489","page","type-page","status-publish","hentry","_wholesalex wsx-wholesalex-product"],"_links":{"self":[{"href":"https:\/\/8streme.eu\/nl\/wp-json\/wp\/v2\/pages\/18489","targetHints":{"allow":["GET"]}}],"collection":[{"href":"https:\/\/8streme.eu\/nl\/wp-json\/wp\/v2\/pages"}],"about":[{"href":"https:\/\/8streme.eu\/nl\/wp-json\/wp\/v2\/types\/page"}],"author":[{"embeddable":true,"href":"https:\/\/8streme.eu\/nl\/wp-json\/wp\/v2\/users\/5"}],"replies":[{"embeddable":true,"href":"https:\/\/8streme.eu\/nl\/wp-json\/wp\/v2\/comments?post=18489"}],"version-history":[{"count":38,"href":"https:\/\/8streme.eu\/nl\/wp-json\/wp\/v2\/pages\/18489\/revisions"}],"predecessor-version":[{"id":33279,"href":"https:\/\/8streme.eu\/nl\/wp-json\/wp\/v2\/pages\/18489\/revisions\/33279"}],"wp:attachment":[{"href":"https:\/\/8streme.eu\/nl\/wp-json\/wp\/v2\/media?parent=18489"}],"curies":[{"name":"wp","href":"https:\/\/api.w.org\/{rel}","templated":true}]}}