{"id":2229,"date":"2018-03-16T09:29:03","date_gmt":"2018-03-16T08:29:03","guid":{"rendered":"http:\/\/8streme.eu\/?post_type=product&#038;p=2229"},"modified":"2024-09-10T16:44:43","modified_gmt":"2024-09-10T14:44:43","slug":"set-di-denti-di-non-ritorno-71012","status":"publish","type":"product","link":"https:\/\/8streme.eu\/it\/produit\/ensemble-dentrees-de-non-retour-71012\/","title":{"rendered":"Valvola per sifone - 71012"},"content":{"rendered":"<p>Valvola per sifone - 71012<\/p>\n<p>Lembo di tessuto sul fondo del cestello per evitare che le impurit\u00e0 vengano riversate nella piscina quando il pulitore viene rimosso dall'acqua.<\/p>\n<p>Questo prodotto \u00e8 compatibile con i seguenti robot: 8STREME 7310, 8STREME 7311, 8STREME 7320, Black Pearl, Catfish, I-Qualer, Klinwass, Lynx ES10, Malibu, Pontaqua Phantom, Power 4.0, Power 4.0 Plus, Remora, Scooby, Tebas ...<\/p>","protected":false},"excerpt":{"rendered":"<p>Valvola per sifone - 71012<\/p>\n<p>Ce produit est compatible avec les robots 8STREME 7310, 8STREME 7311, 8STREME 7320, Black Pearl, Catfish, I-Qualer, Klinwass, Lynx ES10, Malibu, Pontaqua Phantom, Power 4.0, Power 4.0 Plus, Remora, Scooby, Tebas &#8230; &hellip; <a href=\"https:\/\/8streme.eu\/it\/produit\/ensemble-dentrees-de-non-retour-71012\/\">Per saperne di pi\u00f9<\/a><\/p>","protected":false},"featured_media":32427,"template":"","meta":{"_metasync_otto_title":"Clapet de retenu des impuret\u00e9s pour Robot 8streme - 71012","_metasync_otto_description":"Clapet en tissu emp\u00eachant le retour des impuret\u00e9s dans la piscine lors de l","_metasync_otto_keywords":"","_metasync_otto_og_title":"","_metasync_otto_og_description":"","_metasync_otto_twitter_title":"","_metasync_otto_twitter_description":"","rank_math_title":"","rank_math_description":"","_yoast_wpseo_title":"","_yoast_wpseo_metadesc":"","_aioseo_title":"","_aioseo_description":"","_metasync_seo_title":"","_metasync_seo_desc":"","_metasync_breadcrumb_title":"","_metasync_primary_category":0,"_metasync_primary_product_cat":0,"_metasync_otto_disabled":"","_metasync_hreflang":"","_metasync_plugin_sync_ts":"","_metasync_robots_advanced":""},"product_brand":[],"product_cat":[60,173,174,376,145,229],"product_tag":[],"class_list":{"0":"post-2229","1":"product","2":"type-product","3":"status-publish","4":"has-post-thumbnail","6":"product_cat-pieces-detachees-robot-7310","7":"product_cat-pieces-detachees-robot-7310-19","8":"product_cat-pieces-detachees-robot-7310-20","9":"product_cat-pieces-detachees-robot-7311","10":"product_cat-pieces-detachees-robot-7320","11":"product_cat-pieces-detachees-robot-7320-20","12":"_wholesalex wsx-wholesalex-product","14":"first","15":"instock","16":"taxable","17":"shipping-taxable","18":"purchasable","19":"product-type-simple"},"_links":{"self":[{"href":"https:\/\/8streme.eu\/it\/wp-json\/wp\/v2\/product\/2229","targetHints":{"allow":["GET"]}}],"collection":[{"href":"https:\/\/8streme.eu\/it\/wp-json\/wp\/v2\/product"}],"about":[{"href":"https:\/\/8streme.eu\/it\/wp-json\/wp\/v2\/types\/product"}],"version-history":[{"count":8,"href":"https:\/\/8streme.eu\/it\/wp-json\/wp\/v2\/product\/2229\/revisions"}],"predecessor-version":[{"id":30389,"href":"https:\/\/8streme.eu\/it\/wp-json\/wp\/v2\/product\/2229\/revisions\/30389"}],"wp:featuredmedia":[{"embeddable":true,"href":"https:\/\/8streme.eu\/it\/wp-json\/wp\/v2\/media\/32427"}],"wp:attachment":[{"href":"https:\/\/8streme.eu\/it\/wp-json\/wp\/v2\/media?parent=2229"}],"wp:term":[{"taxonomy":"product_brand","embeddable":true,"href":"https:\/\/8streme.eu\/it\/wp-json\/wp\/v2\/product_brand?post=2229"},{"taxonomy":"product_cat","embeddable":true,"href":"https:\/\/8streme.eu\/it\/wp-json\/wp\/v2\/product_cat?post=2229"},{"taxonomy":"product_tag","embeddable":true,"href":"https:\/\/8streme.eu\/it\/wp-json\/wp\/v2\/product_tag?post=2229"}],"curies":[{"name":"wp","href":"https:\/\/api.w.org\/{rel}","templated":true}]}}