{"id":18914,"date":"2020-06-09T16:36:56","date_gmt":"2020-06-09T14:36:56","guid":{"rendered":"http:\/\/8streme.eu\/?post_type=product&#038;p=18914"},"modified":"2024-09-25T16:14:22","modified_gmt":"2024-09-25T14:14:22","slug":"motore-della-pompa-51200","status":"publish","type":"product","link":"https:\/\/8streme.eu\/it\/produit\/moteur-de-pompe-51200\/","title":{"rendered":"Motore della pompa - 51200"},"content":{"rendered":"<p>Motore della pompa - 51200<\/p>\n<p>Questo prodotto \u00e8 compatibile con 8STREME 5220-LUNA 10, 8STREME 5222, Black Coral, Jellyfish ...<\/p>\n<p><a href=\"https:\/\/www.youtube.com\/watch?v=f-RUKFvWmcU&amp;list=PLWoiTHw_wDWui0WuFoqDcDC5flkTzWiag&amp;index=4\">Video dello smontaggio del motore<\/a><\/p>\n<p><a href=\"https:\/\/www.youtube.com\/watch?v=haY3zAMSQkM&amp;list=PLWoiTHw_wDWslD61mvTJxOUtIhnU-clkG&amp;index=2\">Rimuovere il video del motore<\/a><\/p>\n<p><a href=\"https:\/\/www.youtube.com\/watch?v=mNgH9Fc_UEU&amp;list=PLWoiTHw_wDWui0WuFoqDcDC5flkTzWiag&amp;index=3\">Video del rimontaggio del motore<\/a><\/p>\n<p><a href=\"https:\/\/www.youtube.com\/watch?v=qK2vr8Saq24&amp;list=PLWoiTHw_wDWslD61mvTJxOUtIhnU-clkG&amp;index=3\">Installazione del motore video<\/a><\/p>","protected":false},"excerpt":{"rendered":"<p>Motore della pompa - 51200<\/p>\n<p>Ce produit est compatible avec les robots 8STREME 5220-LUNA 10, 8STREME 5222, Black Coral, Jellyfish &#8230; &hellip; <a href=\"https:\/\/8streme.eu\/it\/produit\/moteur-de-pompe-51200\/\">Per saperne di pi\u00f9<\/a><\/p>","protected":false},"featured_media":32478,"template":"","meta":{"_metasync_otto_title":"","_metasync_otto_description":"Moteur de pompe compatible avec divers robots de piscine. Vid\u00e9os de d\u00e9montage et remontage incluses. Pi\u00e8ce essentielle pour l","_metasync_otto_keywords":"","_metasync_otto_og_title":"","_metasync_otto_og_description":"","_metasync_otto_twitter_title":"","_metasync_otto_twitter_description":"","rank_math_title":"","rank_math_description":"","_yoast_wpseo_title":"","_yoast_wpseo_metadesc":"","_aioseo_title":"","_aioseo_description":"","_metasync_seo_title":"","_metasync_seo_desc":"","_metasync_breadcrumb_title":"","_metasync_primary_category":0,"_metasync_primary_product_cat":0,"_metasync_otto_disabled":"","_metasync_hreflang":"","_metasync_plugin_sync_ts":"","_metasync_robots_advanced":""},"product_brand":[],"product_cat":[261],"product_tag":[],"class_list":{"0":"post-18914","1":"product","2":"type-product","3":"status-publish","4":"has-post-thumbnail","6":"product_cat-pieces-detachees-robot-5222","7":"_wholesalex wsx-wholesalex-product","9":"first","10":"instock","11":"taxable","12":"shipping-taxable","13":"purchasable","14":"product-type-simple"},"_links":{"self":[{"href":"https:\/\/8streme.eu\/it\/wp-json\/wp\/v2\/product\/18914","targetHints":{"allow":["GET"]}}],"collection":[{"href":"https:\/\/8streme.eu\/it\/wp-json\/wp\/v2\/product"}],"about":[{"href":"https:\/\/8streme.eu\/it\/wp-json\/wp\/v2\/types\/product"}],"version-history":[{"count":6,"href":"https:\/\/8streme.eu\/it\/wp-json\/wp\/v2\/product\/18914\/revisions"}],"predecessor-version":[{"id":28132,"href":"https:\/\/8streme.eu\/it\/wp-json\/wp\/v2\/product\/18914\/revisions\/28132"}],"wp:featuredmedia":[{"embeddable":true,"href":"https:\/\/8streme.eu\/it\/wp-json\/wp\/v2\/media\/32478"}],"wp:attachment":[{"href":"https:\/\/8streme.eu\/it\/wp-json\/wp\/v2\/media?parent=18914"}],"wp:term":[{"taxonomy":"product_brand","embeddable":true,"href":"https:\/\/8streme.eu\/it\/wp-json\/wp\/v2\/product_brand?post=18914"},{"taxonomy":"product_cat","embeddable":true,"href":"https:\/\/8streme.eu\/it\/wp-json\/wp\/v2\/product_cat?post=18914"},{"taxonomy":"product_tag","embeddable":true,"href":"https:\/\/8streme.eu\/it\/wp-json\/wp\/v2\/product_tag?post=18914"}],"curies":[{"name":"wp","href":"https:\/\/api.w.org\/{rel}","templated":true}]}}