{"id":18561,"date":"2020-03-11T17:11:03","date_gmt":"2020-03-11T16:11:03","guid":{"rendered":"http:\/\/8streme.eu\/?post_type=product&#038;p=18561"},"modified":"2024-09-10T16:16:39","modified_gmt":"2024-09-10T14:16:39","slug":"pannello-superiore-del-cestino-71191","status":"publish","type":"product","link":"https:\/\/8streme.eu\/it\/produit\/panneau-superieur-du-panier-71191\/","title":{"rendered":"Pannello superiore del cestino - 71191"},"content":{"rendered":"<p>Pannello superiore del cestino - 71191<\/p>\n<p>Questo prodotto \u00e8 compatibile con 8STREME 7320, Power 4.0 Plus e ...<\/p>","protected":false},"excerpt":{"rendered":"<p>Pannello superiore del cestino - 71191<\/p>\n<p>Questo prodotto \u00e8 compatibile con 8STREME 7320, Power 4.0 Plus ... ... <a href=\"https:\/\/8streme.eu\/it\/produit\/panneau-superieur-du-panier-71191\/\">Per saperne di pi\u00f9<\/a><\/p>","protected":false},"featured_media":32412,"template":"","meta":{"_metasync_otto_title":"","_metasync_otto_description":"Panneau sup\u00e9rieur du panier compatible avec les robots 8STREME 7320 et Power 4.0 Plus. Num\u00e9ro de pi\u00e8ce 71191. Parfait pour remplacer les pi\u00e8ces endommag\u00e9es.","_metasync_otto_keywords":"","_metasync_otto_og_title":"","_metasync_otto_og_description":"","_metasync_otto_twitter_title":"","_metasync_otto_twitter_description":"","rank_math_title":"","rank_math_description":"","_yoast_wpseo_title":"","_yoast_wpseo_metadesc":"","_aioseo_title":"","_aioseo_description":"","_metasync_seo_title":"","_metasync_seo_desc":"","_metasync_breadcrumb_title":"","_metasync_primary_category":0,"_metasync_primary_product_cat":0,"_metasync_otto_disabled":"","_metasync_hreflang":"","_metasync_plugin_sync_ts":"","_metasync_robots_advanced":""},"product_brand":[],"product_cat":[145,229],"product_tag":[],"class_list":{"0":"post-18561","1":"product","2":"type-product","3":"status-publish","4":"has-post-thumbnail","6":"product_cat-pieces-detachees-robot-7320","7":"product_cat-pieces-detachees-robot-7320-20","8":"_wholesalex wsx-wholesalex-product","10":"first","11":"instock","12":"taxable","13":"shipping-taxable","14":"purchasable","15":"product-type-simple"},"_links":{"self":[{"href":"https:\/\/8streme.eu\/it\/wp-json\/wp\/v2\/product\/18561","targetHints":{"allow":["GET"]}}],"collection":[{"href":"https:\/\/8streme.eu\/it\/wp-json\/wp\/v2\/product"}],"about":[{"href":"https:\/\/8streme.eu\/it\/wp-json\/wp\/v2\/types\/product"}],"version-history":[{"count":3,"href":"https:\/\/8streme.eu\/it\/wp-json\/wp\/v2\/product\/18561\/revisions"}],"predecessor-version":[{"id":28067,"href":"https:\/\/8streme.eu\/it\/wp-json\/wp\/v2\/product\/18561\/revisions\/28067"}],"wp:featuredmedia":[{"embeddable":true,"href":"https:\/\/8streme.eu\/it\/wp-json\/wp\/v2\/media\/32412"}],"wp:attachment":[{"href":"https:\/\/8streme.eu\/it\/wp-json\/wp\/v2\/media?parent=18561"}],"wp:term":[{"taxonomy":"product_brand","embeddable":true,"href":"https:\/\/8streme.eu\/it\/wp-json\/wp\/v2\/product_brand?post=18561"},{"taxonomy":"product_cat","embeddable":true,"href":"https:\/\/8streme.eu\/it\/wp-json\/wp\/v2\/product_cat?post=18561"},{"taxonomy":"product_tag","embeddable":true,"href":"https:\/\/8streme.eu\/it\/wp-json\/wp\/v2\/product_tag?post=18561"}],"curies":[{"name":"wp","href":"https:\/\/api.w.org\/{rel}","templated":true}]}}