{"id":29388,"date":"2024-01-02T17:11:56","date_gmt":"2024-01-02T16:11:56","guid":{"rendered":"https:\/\/8streme.eu\/?page_id=29388"},"modified":"2024-01-02T17:12:31","modified_gmt":"2024-01-02T16:12:31","slug":"il-pulitore-per-piscina-8streme-7310-8streme-7320-non-si-avvia-piu","status":"publish","type":"page","link":"https:\/\/8streme.eu\/it\/le-robot-piscine-8streme-7310-8streme-7320-ne-demarre-plus\/","title":{"rendered":"Il robot per piscina 8STREME 7310, 8STREME 7320 non si avvia pi\u00f9."},"content":{"rendered":"<div data-elementor-type=\"wp-page\" data-elementor-id=\"29388\" class=\"elementor elementor-29388\" data-elementor-post-type=\"page\">\n\t\t\t\t\t\t<section class=\"elementor-section elementor-top-section elementor-element elementor-element-39da36e elementor-section-boxed elementor-section-height-default elementor-section-height-default\" data-id=\"39da36e\" data-element_type=\"section\" data-e-type=\"section\">\n\t\t\t\t\t\t<div class=\"elementor-container elementor-column-gap-default\">\n\t\t\t\t\t<div class=\"elementor-column elementor-col-100 elementor-top-column elementor-element elementor-element-5223eb9\" data-id=\"5223eb9\" data-element_type=\"column\" data-e-type=\"column\">\n\t\t\t<div class=\"elementor-widget-wrap elementor-element-populated\">\n\t\t\t\t\t\t<div class=\"elementor-element elementor-element-74f48e8 elementor-widget elementor-widget-text-editor\" data-id=\"74f48e8\" data-element_type=\"widget\" data-e-type=\"widget\" data-widget_type=\"text-editor.default\">\n\t\t\t\t<div class=\"elementor-widget-container\">\n\t\t\t\t\t\t\t\t\t<p style=\"font-weight: 400;\">Il mio ROBOT PER PISCINA 8STREME 7310, 8STREME 7320 non si avvia? Non funziona? Non funziona? Non si accende? \u00a0<\/p><p style=\"font-weight: 400;\">\u00a0<\/p><h1>1\/ Controllare l'alimentazione<\/h1><p style=\"font-weight: 400;\">Verificare che il trasformatore sia funzionante.<\/p><p style=\"font-weight: 400;\">Quando si collega il trasformatore, il LED blu si accende in modo continuo, indicando che l'alimentatore funziona normalmente.<\/p><p style=\"font-weight: 400;\">Se non si accende alcun LED, il trasformatore non \u00e8 alimentato.<\/p><p style=\"font-weight: 400;\">Verificare che la presa a muro sia alimentata. Se lo \u00e8, \u00e8 probabile che sia necessario sostituire il trasformatore.<\/p><p style=\"font-weight: 400;\">\u00a0<\/p><p style=\"font-weight: 400;\">Quando la luce blu \u00e8 accesa, \u00e8 possibile girare l'interruttore sul lato del trasformatore verso destra, quindi fare clic sul pulsante di accensione in alto per avviarlo. Una luce rossa dovrebbe accendersi per indicare che il ciclo di pulizia \u00e8 iniziato e rimarr\u00e0 accesa fino al completamento del ciclo.<\/p><p style=\"font-weight: 400;\">Collegamento al robot per piscina 8STREME 7310, 8STREME 7320:<\/p><p style=\"font-weight: 400;\"><a href=\"https:\/\/www.youtube.com\/watch?v=8Bwj47cupHI&amp;list=PLWoiTHw_wDWv8tDa7QGiQrazACbyhJHXd&amp;index=14\">https:\/\/www.youtube.com\/watch?v=8Bwj47cupHI&amp;list=PLWoiTHw_wDWv8tDa7QGiQrazACbyhJHXd&amp;index=14<\/a><\/p><p style=\"font-weight: 400;\">Se la luce rimane accesa e la spia rossa non si accende, il trasformatore non \u00e8 alimentato.<\/p><p style=\"font-weight: 400;\">Verificare che la presa a muro sia alimentata. Se lo \u00e8, \u00e8 probabile che sia necessario sostituire il trasformatore.<\/p><p style=\"font-weight: 400;\">Se entrambi i LED si spengono, c'\u00e8 un problema di alimentazione o di collegamento. Verificare che i collegamenti dei cavi siano corretti, a tenuta stagna e inseriti nella giusta direzione.<\/p><p style=\"font-weight: 400;\">\u00a0<\/p><h1>2\/ Controllare il collegamento elettrico<\/h1><p style=\"font-weight: 400;\">Se le spie blu e rosse del trasformatore sono accese, ma quelle del galleggiante sono spente, verificare che i collegamenti dei cavi siano corretti, a tenuta stagna e inseriti nel verso giusto.<\/p><p style=\"font-weight: 400;\">Collegamento alla piscina 8STREME ROBOT SWIMMING POOL\u00a0<strong>7310, 8STREME 7320<\/strong><strong>\u00a0:\u00a0<\/strong><a href=\"https:\/\/www.youtube.com\/watch?v=3PPJU9pLre0&amp;list=PLWoiTHw_wDWv8tDa7QGiQrazACbyhJHXd&amp;index=15\">https:\/\/www.youtube.com\/watch?v=3PPJU9pLre0&amp;list=PLWoiTHw_wDWv8tDa7QGiQrazACbyhJHXd&amp;index=15<\/a><\/p><p style=\"font-weight: 400;\">Quando i cavi sono collegati correttamente, il LED blu sul galleggiante si accende continuamente per indicare che l'alimentazione arriva al galleggiante.<\/p><p style=\"font-weight: 400;\">Se non si accende alcuna spia, il galleggiante non \u00e8 alimentato.<\/p><p style=\"font-weight: 400;\">Verificare che il trasformatore sia stato acceso e che il cavo flottante tra il trasformatore e il galleggiante sia collegato correttamente.<\/p><p style=\"font-weight: 400;\">Se tutto \u00e8 a posto, probabilmente sar\u00e0 necessario sostituire il cavo o il galleggiante.<\/p><p style=\"font-weight: 400;\">\u00a0<\/p><p style=\"font-weight: 400;\">Quando la luce blu \u00e8 accesa, la luce verde dovrebbe accendersi quando la pompa del robot \u00e8 in funzione. Questa luce non si accende quando il ROBOT PISCINE 8STREME\u00a0<strong>7310, 8STREME 7320<\/strong><strong>\u00a0<\/strong>ha completato il ciclo di pulizia o durante alcune fasi di funzionamento dell'apparecchio (ad esempio, dopo aver scalato le pareti).<\/p><p style=\"font-weight: 400;\">Se la luce verde non si accende, la pompa del robot non \u00e8 alimentata.<\/p><p style=\"font-weight: 400;\">Verificare di aver acceso il trasformatore e che il cavo galleggiante tra il galleggiante e il robot sia collegato correttamente. \u00c8 inoltre possibile verificare che il LED rosso all'uscita del galleggiante sia acceso svitando il cavo galleggiante tra il galleggiante e il robot.<\/p><p style=\"font-weight: 400;\">Se le spie blu e rossa sono accese, ma la spia verde non \u00e8 accesa, \u00e8 necessario sostituire il cavo del galleggiante o il galleggiante.<\/p><p style=\"font-weight: 400;\">Se la luce blu \u00e8 l'unica accesa, probabilmente il galleggiante deve essere sostituito.\u00a0<\/p><p style=\"font-weight: 400;\">\u00a0<\/p><p style=\"font-weight: 400;\">Vi invitiamo a controllare lo stato delle vostre spine di connessione, per verificare se presentano segni di ossidazione. Se un tappo \u00e8 ossidato, se ne consiglia la sostituzione.<\/p><p style=\"font-weight: 400;\">\u00a0<\/p><h1>3\/ Contattare il rivenditore o il servizio di assistenza 8STREME.<\/h1><p style=\"font-weight: 400;\">Se nessuno di questi controlli ha prodotto una soluzione, contattare il rivenditore o il servizio post-vendita 8STREME.<\/p><p>Informazioni di contatto del servizio clienti 8STREME :<\/p><p>8STREME Servizio post vendita<\/p><p>6 RUE DES FRERES MICHELIN<\/p><p>10600 LA CHAPELLE SAINT LUC<\/p><p>FRANCIA<\/p><p>03 10 64 60 26<\/p><p><a href=\"mailto:service@8streme.eu\">service@8streme.eu<\/a><\/p>\t\t\t\t\t\t\t\t<\/div>\n\t\t\t\t<\/div>\n\t\t\t\t\t<\/div>\n\t\t<\/div>\n\t\t\t\t\t<\/div>\n\t\t<\/section>\n\t\t\t\t<\/div>","protected":false},"excerpt":{"rendered":"<p>Il mio ROBOT PER PISCINA 8STREME 7310, 8STREME 7320 non si avvia? Non funziona? Non funziona? Non si accende?     1\/ Controllare l'alimentazione Controllare che il trasformatore sia funzionante. Quando si inserisce il trasformatore, il ... <a href=\"https:\/\/8streme.eu\/it\/le-robot-piscine-8streme-7310-8streme-7320-ne-demarre-plus\/\">Per saperne di pi\u00f9<\/a><\/p>","protected":false},"author":5,"featured_media":0,"parent":0,"menu_order":0,"comment_status":"closed","ping_status":"closed","template":"","meta":{"_metasync_otto_title":"Solutions de d\u00e9pannage pour d\u00e9marrer le robot piscine.","_metasync_otto_description":"Solutions si robot piscine 8STREME 7310, 8STREME 7320 ne d\u00e9marre pas : v\u00e9rifiez transformateur, connexions et pompe pour bon fonctionnement.","_metasync_otto_keywords":"","_metasync_otto_og_title":"","_metasync_otto_og_description":"","_metasync_otto_twitter_title":"","_metasync_otto_twitter_description":"","rank_math_title":"","rank_math_description":"","_yoast_wpseo_title":"","_yoast_wpseo_metadesc":"","_aioseo_title":"","_aioseo_description":"","_metasync_seo_title":"","_metasync_seo_desc":"","_metasync_breadcrumb_title":"","_metasync_primary_category":0,"_metasync_primary_product_cat":0,"_metasync_otto_disabled":"","_metasync_hreflang":"","_metasync_plugin_sync_ts":"","_metasync_robots_advanced":"","footnotes":""},"class_list":["post-29388","page","type-page","status-publish","hentry","_wholesalex wsx-wholesalex-product"],"_links":{"self":[{"href":"https:\/\/8streme.eu\/it\/wp-json\/wp\/v2\/pages\/29388","targetHints":{"allow":["GET"]}}],"collection":[{"href":"https:\/\/8streme.eu\/it\/wp-json\/wp\/v2\/pages"}],"about":[{"href":"https:\/\/8streme.eu\/it\/wp-json\/wp\/v2\/types\/page"}],"author":[{"embeddable":true,"href":"https:\/\/8streme.eu\/it\/wp-json\/wp\/v2\/users\/5"}],"replies":[{"embeddable":true,"href":"https:\/\/8streme.eu\/it\/wp-json\/wp\/v2\/comments?post=29388"}],"version-history":[{"count":4,"href":"https:\/\/8streme.eu\/it\/wp-json\/wp\/v2\/pages\/29388\/revisions"}],"predecessor-version":[{"id":29394,"href":"https:\/\/8streme.eu\/it\/wp-json\/wp\/v2\/pages\/29388\/revisions\/29394"}],"wp:attachment":[{"href":"https:\/\/8streme.eu\/it\/wp-json\/wp\/v2\/media?parent=29388"}],"curies":[{"name":"wp","href":"https:\/\/api.w.org\/{rel}","templated":true}]}}