{"id":29286,"date":"2024-01-02T16:11:44","date_gmt":"2024-01-02T15:11:44","guid":{"rendered":"https:\/\/8streme.eu\/?page_id=29286"},"modified":"2024-01-02T16:12:28","modified_gmt":"2024-01-02T15:12:28","slug":"differenza-tra-i-robot-7310-e-7320","status":"publish","type":"page","link":"https:\/\/8streme.eu\/it\/difference-entre-robot-7310-et-7320\/","title":{"rendered":"Differenza tra i robot 7310 e 7320"},"content":{"rendered":"<div data-elementor-type=\"wp-page\" data-elementor-id=\"29286\" class=\"elementor elementor-29286\" data-elementor-post-type=\"page\">\n\t\t\t\t\t\t<section class=\"elementor-section elementor-top-section elementor-element elementor-element-b116197 elementor-section-boxed elementor-section-height-default elementor-section-height-default\" data-id=\"b116197\" data-element_type=\"section\" data-e-type=\"section\">\n\t\t\t\t\t\t<div class=\"elementor-container elementor-column-gap-default\">\n\t\t\t\t\t<div class=\"elementor-column elementor-col-100 elementor-top-column elementor-element elementor-element-9f755e2\" data-id=\"9f755e2\" data-element_type=\"column\" data-e-type=\"column\">\n\t\t\t<div class=\"elementor-widget-wrap elementor-element-populated\">\n\t\t\t\t\t\t<div class=\"elementor-element elementor-element-310a5ac elementor-widget elementor-widget-text-editor\" data-id=\"310a5ac\" data-element_type=\"widget\" data-e-type=\"widget\" data-widget_type=\"text-editor.default\">\n\t\t\t\t<div class=\"elementor-widget-container\">\n\t\t\t\t\t\t\t\t\t<p>Di per s\u00e9, questi robot hanno la stessa funzione e le stesse caratteristiche specifiche.<\/p><p>Tuttavia, dato che il 7320 \u00e8 la gamma superiore al 7310, ha accessori diversi o aggiuntivi:<\/p><ul><li>Spazzole morbide supplementari sulle 4 ruote laterali\u00a0<\/li><li>Un cestello filtrante con maglia pi\u00f9 fine<\/li><li>Possibilit\u00e0 di scegliere tra cicli di 1 ora o 3 ore<\/li><li>un cavo pi\u00f9 lungo per piscine fino a 11 m x 5,50 m (invece di 10 m x 5,00 m per il modello 7310)<\/li><\/ul><p>Per ulteriori informazioni, contattateci al numero 03 10 64 60 26 o all'indirizzo e-mail\u00a0<a href=\"mailto:service@8streme.eu\" target=\"_blank\" rel=\"noopener noreferrer\">service@8streme.eu.<\/a><\/p><p>\u00a0<\/p>\t\t\t\t\t\t\t\t<\/div>\n\t\t\t\t<\/div>\n\t\t\t\t\t<\/div>\n\t\t<\/div>\n\t\t\t\t\t<\/div>\n\t\t<\/section>\n\t\t\t\t<\/div>","protected":false},"excerpt":{"rendered":"<p>Di per s\u00e9, questi robot hanno la stessa funzione e le stesse caratteristiche specifiche. Tuttavia, poich\u00e9 il 7320 \u00e8 la gamma superiore al 7310, hanno accessori diversi o aggiuntivi: Spazzole morbide aggiuntive sulle 4 ruote laterali Un cesto ... <a href=\"https:\/\/8streme.eu\/it\/difference-entre-robot-7310-et-7320\/\">Per saperne di pi\u00f9<\/a><\/p>","protected":false},"author":5,"featured_media":0,"parent":0,"menu_order":0,"comment_status":"closed","ping_status":"closed","template":"","meta":{"_metasync_otto_title":"","_metasync_otto_description":"Diff\u00e9rences entre robots piscine 7310 et 7320 : brosses souples, panier filtration fin, cycles 1h\/3h, c\u00e2ble plus long. Contactez-nous d\u00e8s maintenant !","_metasync_otto_keywords":"","_metasync_otto_og_title":"","_metasync_otto_og_description":"","_metasync_otto_twitter_title":"","_metasync_otto_twitter_description":"","rank_math_title":"","rank_math_description":"","_yoast_wpseo_title":"","_yoast_wpseo_metadesc":"","_aioseo_title":"","_aioseo_description":"","_metasync_seo_title":"","_metasync_seo_desc":"","_metasync_breadcrumb_title":"","_metasync_primary_category":0,"_metasync_primary_product_cat":0,"_metasync_otto_disabled":"","_metasync_hreflang":"","_metasync_plugin_sync_ts":"","_metasync_robots_advanced":"","footnotes":""},"class_list":["post-29286","page","type-page","status-publish","hentry","_wholesalex wsx-wholesalex-product"],"_links":{"self":[{"href":"https:\/\/8streme.eu\/it\/wp-json\/wp\/v2\/pages\/29286","targetHints":{"allow":["GET"]}}],"collection":[{"href":"https:\/\/8streme.eu\/it\/wp-json\/wp\/v2\/pages"}],"about":[{"href":"https:\/\/8streme.eu\/it\/wp-json\/wp\/v2\/types\/page"}],"author":[{"embeddable":true,"href":"https:\/\/8streme.eu\/it\/wp-json\/wp\/v2\/users\/5"}],"replies":[{"embeddable":true,"href":"https:\/\/8streme.eu\/it\/wp-json\/wp\/v2\/comments?post=29286"}],"version-history":[{"count":4,"href":"https:\/\/8streme.eu\/it\/wp-json\/wp\/v2\/pages\/29286\/revisions"}],"predecessor-version":[{"id":29292,"href":"https:\/\/8streme.eu\/it\/wp-json\/wp\/v2\/pages\/29286\/revisions\/29292"}],"wp:attachment":[{"href":"https:\/\/8streme.eu\/it\/wp-json\/wp\/v2\/media?parent=29286"}],"curies":[{"name":"wp","href":"https:\/\/api.w.org\/{rel}","templated":true}]}}