{"id":29272,"date":"2024-01-02T16:09:49","date_gmt":"2024-01-02T15:09:49","guid":{"rendered":"https:\/\/8streme.eu\/?page_id=29272"},"modified":"2024-01-02T16:10:09","modified_gmt":"2024-01-02T15:10:09","slug":"come-sostituire-le-ruote-del-pulitore-per-piscina-8streme-7310-8streme-7320","status":"publish","type":"page","link":"https:\/\/8streme.eu\/it\/comment-remplacer-les-roues-du-robot-piscine-8streme-7310-8streme-7320\/","title":{"rendered":"Come si sostituiscono le ruote del ROBOT PER PISCINE 8STREME 7310, 8STREME 7320?"},"content":{"rendered":"<div data-elementor-type=\"wp-page\" data-elementor-id=\"29272\" class=\"elementor elementor-29272\" data-elementor-post-type=\"page\">\n\t\t\t\t\t\t<section class=\"elementor-section elementor-top-section elementor-element elementor-element-16f045c elementor-section-boxed elementor-section-height-default elementor-section-height-default\" data-id=\"16f045c\" data-element_type=\"section\" data-e-type=\"section\">\n\t\t\t\t\t\t<div class=\"elementor-container elementor-column-gap-default\">\n\t\t\t\t\t<div class=\"elementor-column elementor-col-100 elementor-top-column elementor-element elementor-element-3507128\" data-id=\"3507128\" data-element_type=\"column\" data-e-type=\"column\">\n\t\t\t<div class=\"elementor-widget-wrap elementor-element-populated\">\n\t\t\t\t\t\t<div class=\"elementor-element elementor-element-47c5482 elementor-widget elementor-widget-text-editor\" data-id=\"47c5482\" data-element_type=\"widget\" data-e-type=\"widget\" data-widget_type=\"text-editor.default\">\n\t\t\t\t<div class=\"elementor-widget-container\">\n\t\t\t\t\t\t\t\t\t<p style=\"font-weight: 400;\">Quando una ruota si rompe, deve essere sostituita rapidamente in modo da non compromettere il funzionamento del ROBOT PISCINA 8STREME 7310, 8STREME 7320 e da non provocare un'usura pi\u00f9 rapida del ROBOT PISCINA 8STREME 7310, 8STREME 7320.<\/p><p style=\"font-weight: 400;\">\u00a0<\/p><h1>Gli strumenti da utilizzare<\/h1><p style=\"font-weight: 400;\">Per sostituire il rullo, \u00e8 necessario :<\/p><p style=\"font-weight: 400;\">- Cacciavite a croce<\/p><p style=\"font-weight: 400;\">\u00a0<\/p><h1>Parti di ricambio<\/h1><p style=\"font-weight: 400;\">In allegato il link per l'acquisto di una ruota per ROBOT PISCINE 8STREME 7310 :\u00a0<a href=\"https:\/\/8streme.eu\/it\/prodotto\/ruota-dentata-4pz-su-gruppo-grigio-71140\/\">https:\/\/8streme.eu\/produit\/roue-dentee-4pcs-sur-lensemble-gris-71140\/<\/a><\/p><p style=\"font-weight: 400;\">\u00a0<\/p><p style=\"font-weight: 400;\">In allegato il link per l'acquisto di una ruota per ROBOT PISCINE 8STREME 7320 :\u00a0<a href=\"https:\/\/8streme.eu\/it\/?s=71142\">https:\/\/8streme.eu\/?s=71142<\/a><\/p><p style=\"font-weight: 400;\">\u00a0<\/p><h1>La procedura di sostituzione<\/h1><p style=\"font-weight: 400;\">Il primo passo \u00e8 quello di scollegare il robot da piscina 8STREME 7310, 8STREME 7320 prima di procedere a qualsiasi sostituzione.<\/p><p style=\"font-weight: 400;\">\u00a0<\/p><p style=\"font-weight: 400;\">Per rimuovere la ruota, \u00e8 sufficiente svitare la vite dalla ruota dentata che la fissa al rullo con un cacciavite a croce. Rimuovere la ruota dal rullo.<\/p><p style=\"font-weight: 400;\">\u00a0<\/p><p style=\"font-weight: 400;\">Tenere tutte le parti da una parte.\u00a0<\/p><p style=\"font-weight: 400;\">\u00a0<\/p><p style=\"font-weight: 400;\">Per montare la nuova ruota, inserirla nel rullo. Una volta montato il rullo, verificare che la ruota ruoti quando si gira il rullo. Quindi stringere la vite della ruota.<\/p><p style=\"font-weight: 400;\">\u00a0<\/p><h1><strong>Contattare il rivenditore o il servizio di assistenza post-vendita<\/strong><\/h1><p style=\"font-weight: 400;\"><strong>In caso di problemi nella sostituzione delle cinghie di trasmissione, contattare il rivenditore o il servizio di assistenza.<\/strong><\/p><p>Informazioni di contatto del servizio clienti 8STREME :<\/p><p>8STREME Servizio post vendita<\/p><p>6 RUE DES FRERES MICHELIN<\/p><p>10600 LA CHAPELLE SAINT LUC<\/p><p>FRANCIA<\/p><p>03 10 64 60 26<\/p><p><a href=\"mailto:service@8streme.eu\">service@8streme.eu<\/a><\/p>\t\t\t\t\t\t\t\t<\/div>\n\t\t\t\t<\/div>\n\t\t\t\t\t<\/div>\n\t\t<\/div>\n\t\t\t\t\t<\/div>\n\t\t<\/section>\n\t\t\t\t<\/div>","protected":false},"excerpt":{"rendered":"<p>Quando una ruota si rompe, deve essere sostituita rapidamente in modo da non compromettere il funzionamento del ROBOT PISCINA 8STREME 7310, 8STREME 7320 e da non causare un'usura pi\u00f9 rapida del ROBOT PISCINA 8STREME 7310, 8STREME 7320. Gli strumenti da utilizzare Per ... <a href=\"https:\/\/8streme.eu\/it\/comment-remplacer-les-roues-du-robot-piscine-8streme-7310-8streme-7320\/\">Per saperne di pi\u00f9<\/a><\/p>","protected":false},"author":5,"featured_media":0,"parent":0,"menu_order":0,"comment_status":"closed","ping_status":"closed","template":"","meta":{"_metasync_otto_title":"Guide de remplacement des roues pour Robot Piscine 8streme","_metasync_otto_description":"Remplacez rapidement une roue cass\u00e9e du Robot Piscine 8STREME 7310, 8STREME 7320 pour maintenir son fonctionnement. Achetez les pi\u00e8ces et suivez la proc\u00e9dure.","_metasync_otto_keywords":"","_metasync_otto_og_title":"","_metasync_otto_og_description":"","_metasync_otto_twitter_title":"","_metasync_otto_twitter_description":"","rank_math_title":"","rank_math_description":"","_yoast_wpseo_title":"","_yoast_wpseo_metadesc":"","_aioseo_title":"","_aioseo_description":"","_metasync_seo_title":"","_metasync_seo_desc":"","_metasync_breadcrumb_title":"","_metasync_primary_category":0,"_metasync_primary_product_cat":0,"_metasync_otto_disabled":"","_metasync_hreflang":"","_metasync_plugin_sync_ts":"","_metasync_robots_advanced":"","footnotes":""},"class_list":["post-29272","page","type-page","status-publish","hentry","_wholesalex wsx-wholesalex-product"],"_links":{"self":[{"href":"https:\/\/8streme.eu\/it\/wp-json\/wp\/v2\/pages\/29272","targetHints":{"allow":["GET"]}}],"collection":[{"href":"https:\/\/8streme.eu\/it\/wp-json\/wp\/v2\/pages"}],"about":[{"href":"https:\/\/8streme.eu\/it\/wp-json\/wp\/v2\/types\/page"}],"author":[{"embeddable":true,"href":"https:\/\/8streme.eu\/it\/wp-json\/wp\/v2\/users\/5"}],"replies":[{"embeddable":true,"href":"https:\/\/8streme.eu\/it\/wp-json\/wp\/v2\/comments?post=29272"}],"version-history":[{"count":4,"href":"https:\/\/8streme.eu\/it\/wp-json\/wp\/v2\/pages\/29272\/revisions"}],"predecessor-version":[{"id":29278,"href":"https:\/\/8streme.eu\/it\/wp-json\/wp\/v2\/pages\/29272\/revisions\/29278"}],"wp:attachment":[{"href":"https:\/\/8streme.eu\/it\/wp-json\/wp\/v2\/media?parent=29272"}],"curies":[{"name":"wp","href":"https:\/\/api.w.org\/{rel}","templated":true}]}}