{"id":29265,"date":"2024-01-02T16:08:25","date_gmt":"2024-01-02T15:08:25","guid":{"rendered":"https:\/\/8streme.eu\/?page_id=29265"},"modified":"2024-01-02T16:08:54","modified_gmt":"2024-01-02T15:08:54","slug":"come-sostituire-le-cinghie-di-trasmissione-del-pulitore-per-piscine-8streme-7310-8streme-7320","status":"publish","type":"page","link":"https:\/\/8streme.eu\/it\/comment-remplacer-les-courroies-de-transmission-pour-robot-piscine-8streme-7310-8streme-7320\/","title":{"rendered":"Come si sostituiscono le cinghie di trasmissione per ROBOT PISCINE 8STREME 7310, 8STREME 7320?"},"content":{"rendered":"<div data-elementor-type=\"wp-page\" data-elementor-id=\"29265\" class=\"elementor elementor-29265\" data-elementor-post-type=\"page\">\n\t\t\t\t\t\t<section class=\"elementor-section elementor-top-section elementor-element elementor-element-124ff1c elementor-section-boxed elementor-section-height-default elementor-section-height-default\" data-id=\"124ff1c\" data-element_type=\"section\" data-e-type=\"section\">\n\t\t\t\t\t\t<div class=\"elementor-container elementor-column-gap-default\">\n\t\t\t\t\t<div class=\"elementor-column elementor-col-100 elementor-top-column elementor-element elementor-element-d3146d9\" data-id=\"d3146d9\" data-element_type=\"column\" data-e-type=\"column\">\n\t\t\t<div class=\"elementor-widget-wrap elementor-element-populated\">\n\t\t\t\t\t\t<div class=\"elementor-element elementor-element-fda0baf elementor-widget elementor-widget-text-editor\" data-id=\"fda0baf\" data-element_type=\"widget\" data-e-type=\"widget\" data-widget_type=\"text-editor.default\">\n\t\t\t\t<div class=\"elementor-widget-container\">\n\t\t\t\t\t\t\t\t\t<p style=\"font-weight: 400;\">Quando i cingoli sono usurati, lisci o rotti, devono essere sostituiti rapidamente per non compromettere il funzionamento del ROBOT PER PISCINE 8STREME 7310, 8STREME 7320 o per non causare un'usura pi\u00f9 rapida del ROBOT PER PISCINE 8STREME 7310, 8STREME 7320.<\/p><p style=\"font-weight: 400;\">\u00a0<\/p><h1>Gli strumenti da utilizzare<\/h1><p style=\"font-weight: 400;\">Non \u00e8 necessario alcuno strumento per sostituire le cinghie di trasmissione.<\/p><h1>Parti di ricambio<\/h1><p style=\"font-weight: 400;\">In allegato il link per l'acquisto delle cinghie di trasmissione: \u00a0<\/p><p style=\"font-weight: 400;\">\u00a0<\/p><h1>La procedura di sostituzione<\/h1><p style=\"font-weight: 400;\">Si consiglia di seguire il video tutorial per la sostituzione delle cinghie di trasmissione.<\/p><p style=\"font-weight: 400;\">Collegamento allo smontaggio e all'assemblaggio delle cinghie di trasmissione per il ROBOT PISCINA 8STREME 7310, 8STREME 7320:<\/p><p style=\"font-weight: 400;\"><a href=\"https:\/\/www.youtube.com\/watch?v=_O9krQNSCio&amp;list=PLWoiTHw_wDWv8tDa7QGiQrazACbyhJHXd&amp;index=2\">https:\/\/www.youtube.com\/watch?v=_O9krQNSCio&amp;list=PLWoiTHw_wDWv8tDa7QGiQrazACbyhJHXd&amp;index=2<\/a><\/p><p style=\"font-weight: 400;\">\u00a0<\/p><p style=\"font-weight: 400;\">Il primo passo \u00e8 quello di scollegare il robot da piscina 8STREME 7310, 8STREME 7320 prima di procedere a qualsiasi sostituzione.<\/p><p style=\"font-weight: 400;\">\u00a0<\/p><p style=\"font-weight: 400;\">Per rimuovere la cinghia, farla scivolare dalle ruote dentate ruotando i rulli.<\/p><p style=\"font-weight: 400;\">\u00a0<\/p><p style=\"font-weight: 400;\">Per montare la nuova cinghia, individuare il bordo liscio e il bordo dentato della cinghia. Posizionare il bordo liscio della cinghia verso l'esterno. Inserire la cinghia intorno al supporto laterale e alle ruote e aiutarsi girando i rulli.<\/p><p style=\"font-weight: 400;\">\u00a0<\/p><h1><strong>Contattare il rivenditore o il servizio di assistenza post-vendita<\/strong><\/h1><p style=\"font-weight: 400;\"><strong>In caso di problemi nella sostituzione delle cinghie di trasmissione, contattare il rivenditore o il servizio di assistenza.<\/strong><\/p><p>Informazioni di contatto del servizio clienti 8STREME :<\/p><p>8STREME Servizio post vendita<\/p><p>6 RUE DES FRERES MICHELIN<\/p><p>10600 LA CHAPELLE SAINT LUC<\/p><p>FRANCIA<\/p><p>03 10 64 60 26<\/p><p><a href=\"mailto:service@8streme.eu\">service@8streme.eu<\/a><\/p>\t\t\t\t\t\t\t\t<\/div>\n\t\t\t\t<\/div>\n\t\t\t\t\t<\/div>\n\t\t<\/div>\n\t\t\t\t\t<\/div>\n\t\t<\/section>\n\t\t\t\t<\/div>","protected":false},"excerpt":{"rendered":"<p>Quando i cingoli sono consumati, lisci o rotti, \u00e8 necessario cambiarli rapidamente in modo che ci\u00f2 non influenzi il funzionamento del ROBOT PISCINA 8STREME 7310, 8STREME 7320 e non causi un'usura pi\u00f9 rapida del ROBOT PISCINA 8STREME 7310, 8STREME 7320. I... <a href=\"https:\/\/8streme.eu\/it\/comment-remplacer-les-courroies-de-transmission-pour-robot-piscine-8streme-7310-8streme-7320\/\">Per saperne di pi\u00f9<\/a><\/p>","protected":false},"author":5,"featured_media":0,"parent":0,"menu_order":0,"comment_status":"closed","ping_status":"closed","template":"","meta":{"_metasync_otto_title":"Changement courroies transmission Robots Piscine 8STREME","_metasync_otto_description":"Remplacez les courroies du Robot Piscine 8STREME 7310, 8STREME 7320 facilement avec nos conseils pratiques en vid\u00e9o.","_metasync_otto_keywords":"","_metasync_otto_og_title":"","_metasync_otto_og_description":"","_metasync_otto_twitter_title":"","_metasync_otto_twitter_description":"","rank_math_title":"","rank_math_description":"","_yoast_wpseo_title":"","_yoast_wpseo_metadesc":"","_aioseo_title":"","_aioseo_description":"","_metasync_seo_title":"","_metasync_seo_desc":"","_metasync_breadcrumb_title":"","_metasync_primary_category":0,"_metasync_primary_product_cat":0,"_metasync_otto_disabled":"","_metasync_hreflang":"","_metasync_plugin_sync_ts":"","_metasync_robots_advanced":"","footnotes":""},"class_list":["post-29265","page","type-page","status-publish","hentry","_wholesalex wsx-wholesalex-product"],"_links":{"self":[{"href":"https:\/\/8streme.eu\/it\/wp-json\/wp\/v2\/pages\/29265","targetHints":{"allow":["GET"]}}],"collection":[{"href":"https:\/\/8streme.eu\/it\/wp-json\/wp\/v2\/pages"}],"about":[{"href":"https:\/\/8streme.eu\/it\/wp-json\/wp\/v2\/types\/page"}],"author":[{"embeddable":true,"href":"https:\/\/8streme.eu\/it\/wp-json\/wp\/v2\/users\/5"}],"replies":[{"embeddable":true,"href":"https:\/\/8streme.eu\/it\/wp-json\/wp\/v2\/comments?post=29265"}],"version-history":[{"count":4,"href":"https:\/\/8streme.eu\/it\/wp-json\/wp\/v2\/pages\/29265\/revisions"}],"predecessor-version":[{"id":29271,"href":"https:\/\/8streme.eu\/it\/wp-json\/wp\/v2\/pages\/29265\/revisions\/29271"}],"wp:attachment":[{"href":"https:\/\/8streme.eu\/it\/wp-json\/wp\/v2\/media?parent=29265"}],"curies":[{"name":"wp","href":"https:\/\/api.w.org\/{rel}","templated":true}]}}