{"id":29258,"date":"2024-01-02T16:07:14","date_gmt":"2024-01-02T15:07:14","guid":{"rendered":"https:\/\/8streme.eu\/?page_id=29258"},"modified":"2024-01-02T16:07:39","modified_gmt":"2024-01-02T15:07:39","slug":"come-sostituire-le-spazzole-in-pvc-del-pulitore-per-piscine-8streme-7310-8streme-7320","status":"publish","type":"page","link":"https:\/\/8streme.eu\/it\/comment-remplacer-les-brosses-pvc-du-robot-piscine-8streme-7310-8streme-7320\/","title":{"rendered":"Come si sostituiscono le spazzole in PVC del ROBOT PISCINA 8STREME 7310, 8STREME 7320?"},"content":{"rendered":"<div data-elementor-type=\"wp-page\" data-elementor-id=\"29258\" class=\"elementor elementor-29258\" data-elementor-post-type=\"page\">\n\t\t\t\t\t\t<section class=\"elementor-section elementor-top-section elementor-element elementor-element-437d82d elementor-section-boxed elementor-section-height-default elementor-section-height-default\" data-id=\"437d82d\" data-element_type=\"section\" data-e-type=\"section\">\n\t\t\t\t\t\t<div class=\"elementor-container elementor-column-gap-default\">\n\t\t\t\t\t<div class=\"elementor-column elementor-col-100 elementor-top-column elementor-element elementor-element-db14741\" data-id=\"db14741\" data-element_type=\"column\" data-e-type=\"column\">\n\t\t\t<div class=\"elementor-widget-wrap elementor-element-populated\">\n\t\t\t\t\t\t<div class=\"elementor-element elementor-element-d254252 elementor-widget elementor-widget-text-editor\" data-id=\"d254252\" data-element_type=\"widget\" data-e-type=\"widget\" data-widget_type=\"text-editor.default\">\n\t\t\t\t<div class=\"elementor-widget-container\">\n\t\t\t\t\t\t\t\t\t<p style=\"font-weight: 400;\">Se le spazzole in PVC sono usurate o rotte, devono essere sostituite rapidamente per non compromettere il funzionamento del ROBOT PER PISCINE 8STREME 7310, 8STREME 7320 o per non causare un'usura pi\u00f9 rapida del ROBOT PER PISCINE.<\/p><p style=\"font-weight: 400;\">\u00a0<\/p><h1>Gli strumenti da utilizzare<\/h1><p style=\"font-weight: 400;\">Non \u00e8 necessario alcuno strumento per sostituire le spazzole in PVC.<\/p><h1>Parti di ricambio<\/h1><p style=\"font-weight: 400;\">In allegato il link per l'acquisto delle spazzole in PVC:\u00a0<a href=\"https:\/\/8streme.eu\/it\/prodotto\/set-di-spazzole-per-pvc-5-pezzi-71180\/\">https:\/\/8streme.eu\/produit\/ensemble-de-brosse-de-pvc-5-pcs-71180\/<\/a><\/p><p style=\"font-weight: 400;\">\u00a0<\/p><h1>La procedura di sostituzione<\/h1><p style=\"font-weight: 400;\">Si consiglia di seguire il video tutorial per sostituire le spazzole in PVC.<\/p><p style=\"font-weight: 400;\">Collegamento alla sostituzione delle spazzole in PVC del ROBOT PISCINA 8STREME 7310, 8STREME 7320:<\/p><p style=\"font-weight: 400;\"><a href=\"https:\/\/www.youtube.com\/watch?v=JAWWgYJ_z4M&amp;list=PLWoiTHw_wDWv8tDa7QGiQrazACbyhJHXd&amp;index=10\">https:\/\/www.youtube.com\/watch?v=JAWWgYJ_z4M&amp;list=PLWoiTHw_wDWv8tDa7QGiQrazACbyhJHXd&amp;index=10<\/a><\/p><p style=\"font-weight: 400;\">\u00a0<\/p><p style=\"font-weight: 400;\">Per facilitare l'uso, si consiglia di smontare il rullo.<\/p><p style=\"font-weight: 400;\">Collegamento allo smontaggio dei rulli del ROBOT PISCINE 8STREME 7310, 8STREME 7320 :<\/p><p style=\"font-weight: 400;\"><a href=\"https:\/\/www.youtube.com\/watch?v=BEJbVVmLMVM&amp;list=PLWoiTHw_wDWv8tDa7QGiQrazACbyhJHXd&amp;index=8\">https:\/\/www.youtube.com\/watch?v=BEJbVVmLMVM&amp;list=PLWoiTHw_wDWv8tDa7QGiQrazACbyhJHXd&amp;index=8<\/a><\/p><p style=\"font-weight: 400;\">\u00a0<\/p><p style=\"font-weight: 400;\">Collegamento al montaggio dei rulli del ROBOT PISCINE 8STREME 7310, 8STREME 7320 :<\/p><p style=\"font-weight: 400;\"><a href=\"https:\/\/www.youtube.com\/watch?v=mU-q6TRrOO8&amp;list=PLWoiTHw_wDWv8tDa7QGiQrazACbyhJHXd&amp;index=9\">https:\/\/www.youtube.com\/watch?v=mU-q6TRrOO8&amp;list=PLWoiTHw_wDWv8tDa7QGiQrazACbyhJHXd&amp;index=9<\/a><\/p><p style=\"font-weight: 400;\">\u00a0<\/p><p style=\"font-weight: 400;\">\u00a0<\/p><p style=\"font-weight: 400;\">\u00a0<\/p><p style=\"font-weight: 400;\">Il primo passo \u00e8 quello di scollegare il robot da piscina 8STREME 7310, 8STREME 7320 prima di procedere a qualsiasi sostituzione.<\/p><p style=\"font-weight: 400;\">\u00a0<\/p><p style=\"font-weight: 400;\">Per rimuovere la spazzola in PVC, \u00e8 sufficiente togliere i fermi della spazzola e il piccolo tappo di plastica.<\/p><p style=\"font-weight: 400;\">\u00a0<\/p><p style=\"font-weight: 400;\">Per montare la nuova spazzola, individuare la spazzola in PVC giusta al posto giusto. Deve essere installata con la sporgenza nei fori del rullo previsti a questo scopo. Le spazzole devono essere installate nella stessa direzione degli elementi di fissaggio, una sopra l'altra.<\/p><p style=\"font-weight: 400;\">Una volta installato, rimettere il piccolo tappo di plastica nell'apposito foro.<\/p><p style=\"font-weight: 400;\">\u00a0<\/p><p style=\"font-weight: 400;\">\u00a0<\/p><h1><strong>Contattare il rivenditore o il servizio di assistenza post-vendita<\/strong><\/h1><p style=\"font-weight: 400;\"><strong>In caso di problemi nella sostituzione delle cinghie di trasmissione, contattare il rivenditore o il servizio di assistenza.<\/strong><\/p><p>Informazioni di contatto del servizio clienti 8STREME :<\/p><p>8STREME Servizio post vendita<\/p><p>6 RUE DES FRERES MICHELIN<\/p><p>10600 LA CHAPELLE SAINT LUC<\/p><p>FRANCIA<\/p><p>03 10 64 60 26<\/p><p><a href=\"mailto:service@8streme.eu\">service@8streme.eu<\/a><\/p>\t\t\t\t\t\t\t\t<\/div>\n\t\t\t\t<\/div>\n\t\t\t\t\t<\/div>\n\t\t<\/div>\n\t\t\t\t\t<\/div>\n\t\t<\/section>\n\t\t\t\t<\/div>","protected":false},"excerpt":{"rendered":"<p>Quando le spazzole in PVC sono usurate o rotte, \u00e8 necessario cambiarle rapidamente in modo che ci\u00f2 non comprometta il funzionamento del ROBOT PISCINA 8STREME 7310, 8STREME 7320 e non causi un'usura pi\u00f9 rapida del ROBOT PISCINA. Gli strumenti da utilizzare\u2026 <a href=\"https:\/\/8streme.eu\/it\/comment-remplacer-les-brosses-pvc-du-robot-piscine-8streme-7310-8streme-7320\/\">Per saperne di pi\u00f9<\/a><\/p>","protected":false},"author":5,"featured_media":0,"parent":0,"menu_order":0,"comment_status":"closed","ping_status":"closed","template":"","meta":{"_metasync_otto_title":"","_metasync_otto_description":"","_metasync_otto_keywords":"","_metasync_otto_og_title":"","_metasync_otto_og_description":"","_metasync_otto_twitter_title":"","_metasync_otto_twitter_description":"","rank_math_title":"","rank_math_description":"","_yoast_wpseo_title":"","_yoast_wpseo_metadesc":"","_aioseo_title":"","_aioseo_description":"","_metasync_seo_title":"","_metasync_seo_desc":"","_metasync_breadcrumb_title":"","_metasync_primary_category":0,"_metasync_primary_product_cat":0,"_metasync_otto_disabled":"","_metasync_hreflang":"","_metasync_plugin_sync_ts":"","_metasync_robots_advanced":"","footnotes":""},"class_list":["post-29258","page","type-page","status-publish","hentry","_wholesalex wsx-wholesalex-product"],"_links":{"self":[{"href":"https:\/\/8streme.eu\/it\/wp-json\/wp\/v2\/pages\/29258","targetHints":{"allow":["GET"]}}],"collection":[{"href":"https:\/\/8streme.eu\/it\/wp-json\/wp\/v2\/pages"}],"about":[{"href":"https:\/\/8streme.eu\/it\/wp-json\/wp\/v2\/types\/page"}],"author":[{"embeddable":true,"href":"https:\/\/8streme.eu\/it\/wp-json\/wp\/v2\/users\/5"}],"replies":[{"embeddable":true,"href":"https:\/\/8streme.eu\/it\/wp-json\/wp\/v2\/comments?post=29258"}],"version-history":[{"count":4,"href":"https:\/\/8streme.eu\/it\/wp-json\/wp\/v2\/pages\/29258\/revisions"}],"predecessor-version":[{"id":29264,"href":"https:\/\/8streme.eu\/it\/wp-json\/wp\/v2\/pages\/29258\/revisions\/29264"}],"wp:attachment":[{"href":"https:\/\/8streme.eu\/it\/wp-json\/wp\/v2\/media?parent=29258"}],"curies":[{"name":"wp","href":"https:\/\/api.w.org\/{rel}","templated":true}]}}