{"id":29244,"date":"2024-01-02T16:03:18","date_gmt":"2024-01-02T15:03:18","guid":{"rendered":"https:\/\/8streme.eu\/?page_id=29244"},"modified":"2024-01-02T16:04:25","modified_gmt":"2024-01-02T15:04:25","slug":"come-sostituire-la-copertura-del-pulitore-per-piscine-8streme-7310-8streme-7320","status":"publish","type":"page","link":"https:\/\/8streme.eu\/it\/comment-remplacer-le-couvercle-du-robot-piscine-8streme-7310-8streme-7320\/","title":{"rendered":"Come si sostituisce il coperchio del ROBOT PISCINA 8STREME 7310, 8STREME 7320?"},"content":{"rendered":"<div data-elementor-type=\"wp-page\" data-elementor-id=\"29244\" class=\"elementor elementor-29244\" data-elementor-post-type=\"page\">\n\t\t\t\t\t\t<section class=\"elementor-section elementor-top-section elementor-element elementor-element-e1a7524 elementor-section-boxed elementor-section-height-default elementor-section-height-default\" data-id=\"e1a7524\" data-element_type=\"section\" data-e-type=\"section\">\n\t\t\t\t\t\t<div class=\"elementor-container elementor-column-gap-default\">\n\t\t\t\t\t<div class=\"elementor-column elementor-col-100 elementor-top-column elementor-element elementor-element-b5bb566\" data-id=\"b5bb566\" data-element_type=\"column\" data-e-type=\"column\">\n\t\t\t<div class=\"elementor-widget-wrap elementor-element-populated\">\n\t\t\t\t\t\t<div class=\"elementor-element elementor-element-179e30a elementor-widget elementor-widget-text-editor\" data-id=\"179e30a\" data-element_type=\"widget\" data-e-type=\"widget\" data-widget_type=\"text-editor.default\">\n\t\t\t\t<div class=\"elementor-widget-container\">\n\t\t\t\t\t\t\t\t\t<p>Se il coperchio \u00e8 rotto o incrinato, deve essere sostituito rapidamente in modo da non compromettere il funzionamento del robot per piscine 8STREME 7310, 8STREME 7320 e da non provocare un'usura pi\u00f9 rapida del robot per piscine 8STREME 7310, 8STREME 7320.<\/p><p>\u00a0<\/p><h1>Gli strumenti da utilizzare<\/h1><p>Per sostituire il coperchio, \u00e8 necessario :<\/p><ul><li>Cacciavite a croce<\/li><\/ul><p>\u00a0<\/p><h1>Parti di ricambio<\/h1><p>In allegato il link per l'acquisto della copertina: \u00a0<a href=\"https:\/\/8streme.eu\/it\/prodotto\/coperchio-superiore-fumi-71020\/\">https:\/\/8streme.eu\/produit\/couvercle-superieur-fume-71020\/<\/a><\/p><p>\u00a0<\/p><h1>La procedura di sostituzione<\/h1><p>Si consiglia di seguire il video tutorial per la sostituzione del coperchio.<\/p><p>Link alla sostituzione del coperchio per 8STREME 7310, 8STREME 7320 ROBOT PISCINA : <a href=\"https:\/\/www.youtube.com\/watch?v=gTqU9o5udOU&amp;list=PLWoiTHw_wDWv8tDa7QGiQrazACbyhJHXd&amp;index=12\">https:\/\/www.youtube.com\/watch?v=gTqU9o5udOU&amp;list=PLWoiTHw_wDWv8tDa7QGiQrazACbyhJHXd&amp;index=12<\/a><\/p><p>\u00a0<\/p><p>Il primo passo \u00e8 quello di scollegare il robot da piscina 8STREME 7310, 8STREME 7320 prima di procedere a qualsiasi sostituzione.<\/p><p>\u00a0<\/p><p>Per rimuovere il coperchio, rimuovere i due tappi a vite su entrambi i lati del coperchio, quindi svitare le due staffe utilizzando i cacciaviti Phillips. Conservare le parti in un luogo sicuro.<\/p><p>Una volta svitato, sollevare il coperchio.<\/p><p>\u00a0<\/p><p>Per montare il nuovo coperchio, sostituire il nuovo coperchio e montare le staffe sul coperchio. Serrare con il cacciavite a croce e rimettere i tappi a vite.<\/p><p>\u00a0<\/p><p>\u00a0<\/p><h1><strong>Contattare il rivenditore o il servizio di assistenza post-vendita<\/strong><\/h1><p><strong>In caso di problemi nella sostituzione delle cinghie di trasmissione, contattare il rivenditore o il servizio di assistenza. <\/strong><\/p><p>Informazioni di contatto del servizio clienti 8STREME :<\/p><p>8STREME Servizio post vendita<\/p><p>6 RUE DES FRERES MICHELIN<\/p><p>10600 LA CHAPELLE SAINT LUC<\/p><p>FRANCIA<\/p><p>03 10 64 60 26<\/p><p><a href=\"mailto:service@8streme.eu\">service@8streme.eu<\/a><\/p>\t\t\t\t\t\t\t\t<\/div>\n\t\t\t\t<\/div>\n\t\t\t\t\t<\/div>\n\t\t<\/div>\n\t\t\t\t\t<\/div>\n\t\t<\/section>\n\t\t\t\t<\/div>","protected":false},"excerpt":{"rendered":"<p>Quando il coperchio \u00e8 rotto o crepato, \u00e8 necessario sostituirlo rapidamente affinch\u00e9 ci\u00f2 non comprometta il funzionamento del ROBOT PISCINA 8STREME 7310, 8STREME 7320 e non provochi un'usura pi\u00f9 rapida del ROBOT PISCINA 8STREME 7310, 8STREME 7320. \u2026 <a href=\"https:\/\/8streme.eu\/it\/comment-remplacer-le-couvercle-du-robot-piscine-8streme-7310-8streme-7320\/\">Per saperne di pi\u00f9<\/a><\/p>","protected":false},"author":5,"featured_media":0,"parent":0,"menu_order":0,"comment_status":"closed","ping_status":"closed","template":"","meta":{"_metasync_otto_title":"Remplacer le couvercle du Robot Piscine 8streme - Guide","_metasync_otto_description":"D\u00e9couvrez comment remplacer le couvercle du Robot Piscine 8STREME 7310, 8STREME 7320. Suivez notre vid\u00e9o tutoriel pour un remplacement facile et efficace.","_metasync_otto_keywords":"","_metasync_otto_og_title":"","_metasync_otto_og_description":"","_metasync_otto_twitter_title":"","_metasync_otto_twitter_description":"","rank_math_title":"","rank_math_description":"","_yoast_wpseo_title":"","_yoast_wpseo_metadesc":"","_aioseo_title":"","_aioseo_description":"","_metasync_seo_title":"","_metasync_seo_desc":"","_metasync_breadcrumb_title":"","_metasync_primary_category":0,"_metasync_primary_product_cat":0,"_metasync_otto_disabled":"","_metasync_hreflang":"","_metasync_plugin_sync_ts":"","_metasync_robots_advanced":"","footnotes":""},"class_list":["post-29244","page","type-page","status-publish","hentry","_wholesalex wsx-wholesalex-product"],"_links":{"self":[{"href":"https:\/\/8streme.eu\/it\/wp-json\/wp\/v2\/pages\/29244","targetHints":{"allow":["GET"]}}],"collection":[{"href":"https:\/\/8streme.eu\/it\/wp-json\/wp\/v2\/pages"}],"about":[{"href":"https:\/\/8streme.eu\/it\/wp-json\/wp\/v2\/types\/page"}],"author":[{"embeddable":true,"href":"https:\/\/8streme.eu\/it\/wp-json\/wp\/v2\/users\/5"}],"replies":[{"embeddable":true,"href":"https:\/\/8streme.eu\/it\/wp-json\/wp\/v2\/comments?post=29244"}],"version-history":[{"count":4,"href":"https:\/\/8streme.eu\/it\/wp-json\/wp\/v2\/pages\/29244\/revisions"}],"predecessor-version":[{"id":29250,"href":"https:\/\/8streme.eu\/it\/wp-json\/wp\/v2\/pages\/29244\/revisions\/29250"}],"wp:attachment":[{"href":"https:\/\/8streme.eu\/it\/wp-json\/wp\/v2\/media?parent=29244"}],"curies":[{"name":"wp","href":"https:\/\/api.w.org\/{rel}","templated":true}]}}