{"id":29230,"date":"2024-01-02T15:58:16","date_gmt":"2024-01-02T14:58:16","guid":{"rendered":"https:\/\/8streme.eu\/?page_id=29230"},"modified":"2024-01-02T15:59:02","modified_gmt":"2024-01-02T14:59:02","slug":"come-sostituire-il-blocco-motore-del-pulitore-per-piscine-8streme-7310-8streme-7320","status":"publish","type":"page","link":"https:\/\/8streme.eu\/it\/comment-remplacer-le-bloc-moteur-du-robot-piscine-8streme-7310-8streme-7320\/","title":{"rendered":"Come si sostituisce il motore del robot per piscine 8STREME 7310, 8STREME 7320?"},"content":{"rendered":"<div data-elementor-type=\"wp-page\" data-elementor-id=\"29230\" class=\"elementor elementor-29230\" data-elementor-post-type=\"page\">\n\t\t\t\t\t\t<section class=\"elementor-section elementor-top-section elementor-element elementor-element-e1f25f5 elementor-section-boxed elementor-section-height-default elementor-section-height-default\" data-id=\"e1f25f5\" data-element_type=\"section\" data-e-type=\"section\">\n\t\t\t\t\t\t<div class=\"elementor-container elementor-column-gap-default\">\n\t\t\t\t\t<div class=\"elementor-column elementor-col-100 elementor-top-column elementor-element elementor-element-822c59c\" data-id=\"822c59c\" data-element_type=\"column\" data-e-type=\"column\">\n\t\t\t<div class=\"elementor-widget-wrap elementor-element-populated\">\n\t\t\t\t\t\t<div class=\"elementor-element elementor-element-7df123a elementor-widget elementor-widget-text-editor\" data-id=\"7df123a\" data-element_type=\"widget\" data-e-type=\"widget\" data-widget_type=\"text-editor.default\">\n\t\t\t\t<div class=\"elementor-widget-container\">\n\t\t\t\t\t\t\t\t\t<p>Quando il blocco motore \u00e8 usurato o si rompe, deve essere sostituito rapidamente in modo da non compromettere il funzionamento del robot 8STREME 7310, 8STREME 7320 POOL ROBOT e da non causare un'usura pi\u00f9 rapida del robot 8STREME 7310, 8STREME 7320 POOL ROBOT.<\/p><p>\u00a0<\/p><h1>Gli strumenti da utilizzare<\/h1><p>Per sostituire il rullo, \u00e8 necessario :<\/p><ul><li>Chiave a brugola<\/li><li>Cacciavite a croce<\/li><li>Un cacciavite a testa piatta<\/li><li>Una chiave del motore<\/li><\/ul><p>\u00a0<\/p><h1>Parti di ricambio<\/h1><p>In allegato il link per l'acquisto del blocco motore: <a href=\"https:\/\/8streme.eu\/it\/prodotto\/gruppo-motore-pompa-2\/\">https:\/\/8streme.eu\/produit\/bloc-moteur-de-la-pompe-71050\/<\/a><\/p><p>\u00a0<\/p><p>La chiave del motore sar\u00e0 inserita nella confezione.<\/p><h1>La procedura di sostituzione<\/h1><p>Si consiglia di seguire il video tutorial per la sostituzione del blocco motore.<\/p><p>\u00a0<\/p><p>Collegamento per lo smontaggio del motore del robot per piscine 8STREME 7310, 8STREME 7320: <a href=\"https:\/\/www.youtube.com\/watch?v=-q-rfdu2Wy8&amp;list=PLWoiTHw_wDWv8tDa7QGiQrazACbyhJHXd&amp;index=3\">https:\/\/www.youtube.com\/watch?v=-q-rfdu2Wy8&amp;list=PLWoiTHw_wDWv8tDa7QGiQrazACbyhJHXd&amp;index=3<\/a><\/p><p>\u00a0<\/p><p>8STREME 7310, 8STREME 7320 ROBOT PISCINA Collegamento gruppo motore:<\/p><p><a href=\"https:\/\/www.youtube.com\/watch?v=ItmaF-YrXz4&amp;list=PLWoiTHw_wDWv8tDa7QGiQrazACbyhJHXd&amp;index=4\">https:\/\/www.youtube.com\/watch?v=ItmaF-YrXz4&amp;list=PLWoiTHw_wDWv8tDa7QGiQrazACbyhJHXd&amp;index=4<\/a> \u00a0<\/p><p>\u00a0<\/p><p>Il primo passo \u00e8 quello di scollegare il robot da piscina 8STREME 7310, 8STREME 7320 prima di procedere a qualsiasi sostituzione.<\/p><p>\u00a0<\/p><p>Aprire il coperchio del robot da cucina e rimuovere il cestello del filtro tirando le maniglie del cestello.<\/p><p>Per smontare il motore, \u00e8 sufficiente svitare le quattro viti a brugola utilizzando una chiave a brugola situata negli angoli all'interno del robot. Capovolgere il robot e svitare le due piccole viti sulle due rotelle esterne e rimuovere le due rotelle.<\/p><p>Quindi rimuovere le quattro viti che tengono la base del robot e sollevarla tirando su entrambi i lati.<\/p><p>Una volta rimossa la base, svitare le tre viti che tengono in posizione l'unit\u00e0 motore.<\/p><p>Girare il robot sul lato destro e sganciare la griglia del motore sulla parte superiore con un cacciavite a testa piatta.<\/p><p>Aprire il coperchio e rimuovere l'unit\u00e0 motore sollevandola e inclinandola verso l'esterno.<\/p><p>Svitare il dado nero sul blocco motore utilizzando la chiave del motore, quindi rimuovere il cavo flottante dal blocco motore.<\/p><p>\u00a0<\/p><p>Tenere tutte le parti da una parte.\u00a0<\/p><p>\u00a0<\/p><p>Per montare il nuovo motore, collegare il cavo flottante alla nuova unit\u00e0 motore e avvitare il dado nero sul motore utilizzando la chiave del motore.<\/p><p>Riposizionare il blocco motore nel robot e capovolgere il robot.<\/p><p>Serrare le tre viti che tengono in posizione l'unit\u00e0 motore.<\/p><p>Riposizionare la base sul guscio del robot nella direzione corretta. Serrare le quattro viti che fissano la base al guscio del robot. Riposizionare le due rotelle con i loro supporti in plastica e serrare le due piccole viti.<\/p><p>Girare il robot sul lato destro e riavvitare le quattro viti a brugola nel robot.<\/p><p>Riagganciare la griglia del motore, facendo attenzione a riposizionare la guarnizione nera del cavo nella posizione in cui dovrebbe trovarsi sulla griglia.<\/p><p>\u00a0<\/p><h1><strong>Contattare il rivenditore o il servizio di assistenza post-vendita<\/strong><\/h1><p><strong>In caso di problemi nella sostituzione delle cinghie di trasmissione, contattare il rivenditore o il servizio di assistenza. <\/strong><\/p><p>Informazioni di contatto del servizio clienti 8STREME :<\/p><p>8STREME Servizio post vendita<\/p><p>6 RUE DES FRERES MICHELIN<\/p><p>10600 LA CHAPELLE SAINT LUC<\/p><p>FRANCIA<\/p><p>03 10 64 60 26<\/p><p><a href=\"mailto:service@8streme.eu\">service@8streme.eu<\/a><\/p>\t\t\t\t\t\t\t\t<\/div>\n\t\t\t\t<\/div>\n\t\t\t\t\t<\/div>\n\t\t<\/div>\n\t\t\t\t\t<\/div>\n\t\t<\/section>\n\t\t\t\t<\/div>","protected":false},"excerpt":{"rendered":"<p>Quando il blocco motore \u00e8 usurato o in panne, \u00e8 necessario sostituirlo rapidamente in modo che ci\u00f2 non comprometta il funzionamento del ROBOT PISCINE 8STREME 7310, 8STREME 7320 e non causi un'usura pi\u00f9 rapida del ROBOT PISCINE 8STREME 7310, \u2026 <a href=\"https:\/\/8streme.eu\/it\/comment-remplacer-le-bloc-moteur-du-robot-piscine-8streme-7310-8streme-7320\/\">Per saperne di pi\u00f9<\/a><\/p>","protected":false},"author":5,"featured_media":0,"parent":0,"menu_order":0,"comment_status":"closed","ping_status":"closed","template":"","meta":{"_metasync_otto_title":"Changement rapide bloc moteur Robot Piscine 8streme","_metasync_otto_description":"Remplacez rapidement le bloc moteur du Robot Piscine 8Streme 7310, 8Streme 7320 avec nos conseils. D\u00e9montage et montage faciles gr\u00e2ce \u00e0 nos vid\u00e9os tutoriels.","_metasync_otto_keywords":"","_metasync_otto_og_title":"","_metasync_otto_og_description":"","_metasync_otto_twitter_title":"","_metasync_otto_twitter_description":"","rank_math_title":"","rank_math_description":"","_yoast_wpseo_title":"","_yoast_wpseo_metadesc":"","_aioseo_title":"","_aioseo_description":"","_metasync_seo_title":"","_metasync_seo_desc":"","_metasync_breadcrumb_title":"","_metasync_primary_category":0,"_metasync_primary_product_cat":0,"_metasync_otto_disabled":"","_metasync_hreflang":"","_metasync_plugin_sync_ts":"","_metasync_robots_advanced":"","footnotes":""},"class_list":["post-29230","page","type-page","status-publish","hentry","_wholesalex wsx-wholesalex-product"],"_links":{"self":[{"href":"https:\/\/8streme.eu\/it\/wp-json\/wp\/v2\/pages\/29230","targetHints":{"allow":["GET"]}}],"collection":[{"href":"https:\/\/8streme.eu\/it\/wp-json\/wp\/v2\/pages"}],"about":[{"href":"https:\/\/8streme.eu\/it\/wp-json\/wp\/v2\/types\/page"}],"author":[{"embeddable":true,"href":"https:\/\/8streme.eu\/it\/wp-json\/wp\/v2\/users\/5"}],"replies":[{"embeddable":true,"href":"https:\/\/8streme.eu\/it\/wp-json\/wp\/v2\/comments?post=29230"}],"version-history":[{"count":4,"href":"https:\/\/8streme.eu\/it\/wp-json\/wp\/v2\/pages\/29230\/revisions"}],"predecessor-version":[{"id":29236,"href":"https:\/\/8streme.eu\/it\/wp-json\/wp\/v2\/pages\/29230\/revisions\/29236"}],"wp:attachment":[{"href":"https:\/\/8streme.eu\/it\/wp-json\/wp\/v2\/media?parent=29230"}],"curies":[{"name":"wp","href":"https:\/\/api.w.org\/{rel}","templated":true}]}}