{"id":29223,"date":"2024-01-02T15:55:54","date_gmt":"2024-01-02T14:55:54","guid":{"rendered":"https:\/\/8streme.eu\/?page_id=29223"},"modified":"2024-01-02T15:56:09","modified_gmt":"2024-01-02T14:56:09","slug":"come-sostituire-il-blocco-motore-del-pulitore-per-piscine-8streme-5310","status":"publish","type":"page","link":"https:\/\/8streme.eu\/it\/comment-remplacer-le-bloc-moteur-du-robot-piscine-8streme-5310\/","title":{"rendered":"Come si sostituisce l'unit\u00e0 motore della PISCINA ROBOT 8STREME 5310?"},"content":{"rendered":"<div data-elementor-type=\"wp-page\" data-elementor-id=\"29223\" class=\"elementor elementor-29223\" data-elementor-post-type=\"page\">\n\t\t\t\t\t\t<section class=\"elementor-section elementor-top-section elementor-element elementor-element-4c131252 elementor-section-boxed elementor-section-height-default elementor-section-height-default\" data-id=\"4c131252\" data-element_type=\"section\" data-e-type=\"section\">\n\t\t\t\t\t\t<div class=\"elementor-container elementor-column-gap-default\">\n\t\t\t\t\t<div class=\"elementor-column elementor-col-100 elementor-top-column elementor-element elementor-element-51fd32b0\" data-id=\"51fd32b0\" data-element_type=\"column\" data-e-type=\"column\">\n\t\t\t<div class=\"elementor-widget-wrap elementor-element-populated\">\n\t\t\t\t\t\t<div class=\"elementor-element elementor-element-49759b00 elementor-widget elementor-widget-text-editor\" data-id=\"49759b00\" data-element_type=\"widget\" data-e-type=\"widget\" data-widget_type=\"text-editor.default\">\n\t\t\t\t<div class=\"elementor-widget-container\">\n\t\t\t\t\t\t\t\t\t\n<p>Quando il blocco motore \u00e8 usurato o si rompe, deve essere sostituito rapidamente in modo da non compromettere il funzionamento della 8STREME 5310 ROBOT POOL e da non causare un'usura pi\u00f9 rapida della 8STREME 5310 ROBOT POOL.<\/p>\n\n\n\n<h1 class=\"wp-block-heading\">Gli strumenti da utilizzare<\/h1>\n\n\n\n<p>Per sostituire il rullo, \u00e8 necessario :<\/p>\n\n\n\n<ul class=\"wp-block-list\">\n<li>Cacciavite a croce<\/li>\n\n\n\n<li>Una chiave del motore<\/li>\n<\/ul>\n\n\n\n<h1 class=\"wp-block-heading\">Parti di ricambio<\/h1>\n\n\n\n<p>In allegato il link per l'acquisto dell'unit\u00e0 motore per il ROBOT PISCINA 8STREME 5310: <a href=\"https:\/\/8streme.eu\/it\/prodotto\/motore-della-pompa-51400\/\">https:\/\/8streme.eu\/produit\/moteur-de-pompe-51400\/<\/a><\/p>\n\n\n\n<p>La chiave del motore sar\u00e0 inserita nella confezione.<\/p>\n\n\n\n<h1 class=\"wp-block-heading\">La procedura di sostituzione<\/h1>\n\n\n\n<p>Il primo passo \u00e8 quello di scollegare il robot da piscina 8STREME 5310 prima di procedere a qualsiasi sostituzione.<\/p>\n\n\n\n<p>Per rimuovere il motore, aprire il robot da cucina premendo il pulsante sulla parte anteriore del robot, quindi sollevare il coperchio finch\u00e9 non si sente uno \"scatto\" sulle cerniere per bloccare il coperchio in posizione.<\/p>\n\n\n\n<p>Quindi rimuovere le quattro viti all'interno del robot che tengono in posizione la staffa superiore del motore della pompa ed estrarla.<\/p>\n\n\n\n<p>Quindi rimuovere le valvole di scarico della pompa su ciascun lato svitando le tre piccole viti.<\/p>\n\n\n\n<p>Quindi, svitare le due viti che fissano il motore alla staffa e rimuovere il motore.<\/p>\n\n\n\n<p>Svitare il dado nero del motore utilizzando la chiave del motore e rimuovere il cavo flottante.<\/p>\n\n\n\n<p>Tenere tutte le parti da una parte.&nbsp;<\/p>\n\n\n\n<p>Per montare il nuovo motore, collegare il cavo flottante alla nuova unit\u00e0 motore e avvitare il dado nero sul motore utilizzando la chiave del motore.<\/p>\n\n\n\n<p>Riposizionare l'unit\u00e0 motore nella staffa superiore e serrare le due viti che la tengono in posizione.<\/p>\n\n\n\n<p>Rimontare le valvole di scarico della pompa stringendo le tre piccole viti.<\/p>\n\n\n\n<p>Riposizionare il supporto superiore sul robot e riavvitarlo in posizione utilizzando le quattro viti all'interno.<\/p>\n\n\n\n<h1 class=\"wp-block-heading\"><strong>Contattare il rivenditore o il servizio di assistenza post-vendita<\/strong><\/h1>\n\n\n\n<p><strong>In caso di problemi nella sostituzione delle cinghie di trasmissione, contattare il rivenditore o il servizio di assistenza.<\/strong><\/p>\n\n\n\n<p>Informazioni di contatto del servizio clienti 8STREME :<\/p>\n\n\n\n<p>8STREME Servizio post vendita<\/p>\n\n\n\n<p>6 RUE DES FRERES MICHELIN<\/p>\n\n\n\n<p>10600 LA CHAPELLE SAINT LUC<\/p>\n\n\n\n<p>FRANCIA<\/p>\n\n\n\n<p>03 10 64 60 26<\/p>\n\n\n\n<p><a href=\"mailto:service@8streme.eu\">service@8streme.eu<\/a><\/p>\n\t\t\t\t\t\t\t\t<\/div>\n\t\t\t\t<\/div>\n\t\t\t\t\t<\/div>\n\t\t<\/div>\n\t\t\t\t\t<\/div>\n\t\t<\/section>\n\t\t\t\t<\/div>","protected":false},"excerpt":{"rendered":"<p>Quando il blocco motore \u00e8 usurato o in avaria, \u00e8 necessario sostituirlo rapidamente affinch\u00e9 ci\u00f2 non comprometta il funzionamento del ROBOT PISCINA 8STREME 5310 e non causi un'usura pi\u00f9 rapida del ROBOT PISCINA 8STREME 5310. Gli utensili... <a href=\"https:\/\/8streme.eu\/it\/comment-remplacer-le-bloc-moteur-du-robot-piscine-8streme-5310\/\">Per saperne di pi\u00f9<\/a><\/p>","protected":false},"author":5,"featured_media":0,"parent":0,"menu_order":0,"comment_status":"closed","ping_status":"closed","template":"","meta":{"_metasync_otto_title":"","_metasync_otto_description":"","_metasync_otto_keywords":"","_metasync_otto_og_title":"","_metasync_otto_og_description":"","_metasync_otto_twitter_title":"","_metasync_otto_twitter_description":"","rank_math_title":"","rank_math_description":"","_yoast_wpseo_title":"","_yoast_wpseo_metadesc":"","_aioseo_title":"","_aioseo_description":"","_metasync_seo_title":"","_metasync_seo_desc":"","_metasync_breadcrumb_title":"","_metasync_primary_category":0,"_metasync_primary_product_cat":0,"_metasync_otto_disabled":"","_metasync_hreflang":"","_metasync_plugin_sync_ts":"","_metasync_robots_advanced":"","footnotes":""},"class_list":["post-29223","page","type-page","status-publish","hentry","_wholesalex wsx-wholesalex-product"],"_links":{"self":[{"href":"https:\/\/8streme.eu\/it\/wp-json\/wp\/v2\/pages\/29223","targetHints":{"allow":["GET"]}}],"collection":[{"href":"https:\/\/8streme.eu\/it\/wp-json\/wp\/v2\/pages"}],"about":[{"href":"https:\/\/8streme.eu\/it\/wp-json\/wp\/v2\/types\/page"}],"author":[{"embeddable":true,"href":"https:\/\/8streme.eu\/it\/wp-json\/wp\/v2\/users\/5"}],"replies":[{"embeddable":true,"href":"https:\/\/8streme.eu\/it\/wp-json\/wp\/v2\/comments?post=29223"}],"version-history":[{"count":4,"href":"https:\/\/8streme.eu\/it\/wp-json\/wp\/v2\/pages\/29223\/revisions"}],"predecessor-version":[{"id":29229,"href":"https:\/\/8streme.eu\/it\/wp-json\/wp\/v2\/pages\/29223\/revisions\/29229"}],"wp:attachment":[{"href":"https:\/\/8streme.eu\/it\/wp-json\/wp\/v2\/media?parent=29223"}],"curies":[{"name":"wp","href":"https:\/\/api.w.org\/{rel}","templated":true}]}}