{"id":4835,"date":"2019-05-16T11:49:36","date_gmt":"2019-05-16T09:49:36","guid":{"rendered":"http:\/\/8streme.eu\/?post_type=product&#038;p=4835"},"modified":"2024-09-10T16:38:06","modified_gmt":"2024-09-10T14:38:06","slug":"uszo-kabel-a-gep-vegen-3-m-hosszu-szurke-33111","status":"publish","type":"product","link":"https:\/\/8streme.eu\/hu\/produit\/cable-flottant-a-lextremite-de-la-machine-3-m-de-long-gris-33111\/","title":{"rendered":"\u00dasz\u00f3 k\u00e1bel 3 m - 33111"},"content":{"rendered":"<p>\u00dasz\u00f3 k\u00e1bel 3m, robot kimenet - 33111<\/p>\n<p>Ez a term\u00e9k a k\u00f6vetkez\u0151 robotokkal kompatibilis: 8STREME 7310, 8STREME 7320, Black Pearl, Catfish, I-Qualer, Klinwass, Lynx ES10, Malibu, Pontaqua Phantom, Power 4.0, Power 4.0 Plus, Remora, Scooby, Tebas ...<\/p>\n<p><a href=\"https:\/\/www.youtube.com\/watch?v=3PPJU9pLre0&amp;list=PLWoiTHw_wDWv8tDa7QGiQrazACbyhJHXd&amp;index=15\">K\u00e1belcsatlakoz\u00e1s vide\u00f3<\/a><\/p>\n<p><a href=\"https:\/\/www.youtube.com\/watch?v=Wm1gVmIjdDs\">Csatlakoztassa a k\u00e1beleket<\/a><\/p>","protected":false},"excerpt":{"rendered":"<p>\u00dasz\u00f3 k\u00e1bel 3m, robot kimenet - 33111<\/p>\n<p>Ez a term\u00e9k kompatibilis a 8STREME 7310, 8STREME 7320, Black Pearl, Catfish, I-Qualer, Klinwass, Lynx ES10, Malibu, Pontaqua Phantom, Power 4.0, Power 4.0 Plus, Remora, Scooby, Tebas ... ... robotokkal. <a href=\"https:\/\/8streme.eu\/hu\/produit\/cable-flottant-a-lextremite-de-la-machine-3-m-de-long-gris-33111\/\">Olvass tov\u00e1bb<\/a><\/p>","protected":false},"featured_media":32424,"template":"","meta":{"_metasync_otto_title":"","_metasync_otto_description":"D\u00e9couvrez notre c\u00e2ble flottant de 3m pour robots de piscine 8STREME 7310-20, 7320 et autres mod\u00e8les compatibles. Procurez-vous le v\u00f4tre d\u00e8s maintenant!","_metasync_otto_keywords":"","_metasync_otto_og_title":"","_metasync_otto_og_description":"","_metasync_otto_twitter_title":"","_metasync_otto_twitter_description":"","rank_math_title":"","rank_math_description":"","_yoast_wpseo_title":"","_yoast_wpseo_metadesc":"","_aioseo_title":"","_aioseo_description":"","_metasync_seo_title":"","_metasync_seo_desc":"","_metasync_breadcrumb_title":"","_metasync_primary_category":0,"_metasync_primary_product_cat":0,"_metasync_otto_disabled":"","_metasync_hreflang":"","_metasync_plugin_sync_ts":"","_metasync_robots_advanced":""},"product_brand":[],"product_cat":[173,174,145,229],"product_tag":[],"class_list":{"0":"post-4835","1":"product","2":"type-product","3":"status-publish","4":"has-post-thumbnail","6":"product_cat-pieces-detachees-robot-7310-19","7":"product_cat-pieces-detachees-robot-7310-20","8":"product_cat-pieces-detachees-robot-7320","9":"product_cat-pieces-detachees-robot-7320-20","10":"_wholesalex wsx-wholesalex-product","12":"first","13":"instock","14":"taxable","15":"shipping-taxable","16":"purchasable","17":"product-type-simple"},"_links":{"self":[{"href":"https:\/\/8streme.eu\/hu\/wp-json\/wp\/v2\/product\/4835","targetHints":{"allow":["GET"]}}],"collection":[{"href":"https:\/\/8streme.eu\/hu\/wp-json\/wp\/v2\/product"}],"about":[{"href":"https:\/\/8streme.eu\/hu\/wp-json\/wp\/v2\/types\/product"}],"version-history":[{"count":5,"href":"https:\/\/8streme.eu\/hu\/wp-json\/wp\/v2\/product\/4835\/revisions"}],"predecessor-version":[{"id":28038,"href":"https:\/\/8streme.eu\/hu\/wp-json\/wp\/v2\/product\/4835\/revisions\/28038"}],"wp:featuredmedia":[{"embeddable":true,"href":"https:\/\/8streme.eu\/hu\/wp-json\/wp\/v2\/media\/32424"}],"wp:attachment":[{"href":"https:\/\/8streme.eu\/hu\/wp-json\/wp\/v2\/media?parent=4835"}],"wp:term":[{"taxonomy":"product_brand","embeddable":true,"href":"https:\/\/8streme.eu\/hu\/wp-json\/wp\/v2\/product_brand?post=4835"},{"taxonomy":"product_cat","embeddable":true,"href":"https:\/\/8streme.eu\/hu\/wp-json\/wp\/v2\/product_cat?post=4835"},{"taxonomy":"product_tag","embeddable":true,"href":"https:\/\/8streme.eu\/hu\/wp-json\/wp\/v2\/product_tag?post=4835"}],"curies":[{"name":"wp","href":"https:\/\/api.w.org\/{rel}","templated":true}]}}