{"id":4728,"date":"2019-04-17T12:00:01","date_gmt":"2019-04-17T10:00:01","guid":{"rendered":"http:\/\/8streme.eu\/?post_type=product&#038;p=4728"},"modified":"2026-02-15T18:07:14","modified_gmt":"2026-02-15T17:07:14","slug":"5200-j2x-robot","status":"publish","type":"product","link":"https:\/\/8streme.eu\/hu\/produit\/robot-5200-j2x\/","title":{"rendered":"ROBOT 5200-J2X"},"content":{"rendered":"<p><em>\u00d6ko-r\u00e9szv\u00e9tel (DEE) \u00c1FA n\u00e9lk\u00fcl - 0,71 \u20ac.<\/em><\/p>\n<p>Medenc\u00e9khez 4,50 m-ig \/ Nincs \u00fasz\u00f3 forg\u00f3 \/ Automatikus 1 \u00f3r\u00e1s ciklus a transzform\u00e1tor be- \u00e9s kih\u00faz\u00e1s\u00e1val \/ Standard motor speci\u00e1lis programmal kis medenc\u00e9khez \/ Sz\u0171r\u0151zs\u00e1k \/ Nem m\u00e1szik fel a falra \/ Csak s\u00edk feneket tiszt\u00edt.<\/p>","protected":false},"excerpt":{"rendered":"<p>Eco participation (DEE) HT incluse &#8211; 0,71\u20ac. Pour piscines jusqu&#8217;\u00e0 4,50 m \/ Sans raccord tournant flottant \/ Cycle 1H automatique en branchant-d\u00e9branchant le transformateur \/ Moteur standard avec programme sp\u00e9cifique pour petites piscines \/ Sac de filtration \/ Ne &hellip; <a href=\"https:\/\/8streme.eu\/hu\/produit\/robot-5200-j2x\/\">Olvass tov\u00e1bb<\/a><\/p>","protected":false},"featured_media":3803,"template":"","meta":{"_metasync_otto_title":"","_metasync_otto_description":"","_metasync_otto_keywords":"","_metasync_otto_og_title":"","_metasync_otto_og_description":"","_metasync_otto_twitter_title":"","_metasync_otto_twitter_description":"","rank_math_title":"","rank_math_description":"","_yoast_wpseo_title":"","_yoast_wpseo_metadesc":"","_aioseo_title":"","_aioseo_description":"","_metasync_seo_title":"","_metasync_seo_desc":"","_metasync_breadcrumb_title":"","_metasync_primary_category":0,"_metasync_primary_product_cat":0,"_metasync_otto_disabled":"","_metasync_hreflang":"","_metasync_plugin_sync_ts":"","_metasync_robots_advanced":""},"product_brand":[],"product_cat":[170,476],"product_tag":[],"class_list":{"0":"post-4728","1":"product","2":"type-product","3":"status-publish","4":"has-post-thumbnail","6":"product_cat-robots-8streme","7":"product_cat-robots-piscines-8streme","8":"_wholesalex wsx-wholesalex-product","10":"first","11":"instock","12":"taxable","13":"shipping-taxable","14":"purchasable","15":"product-type-simple"},"_links":{"self":[{"href":"https:\/\/8streme.eu\/hu\/wp-json\/wp\/v2\/product\/4728","targetHints":{"allow":["GET"]}}],"collection":[{"href":"https:\/\/8streme.eu\/hu\/wp-json\/wp\/v2\/product"}],"about":[{"href":"https:\/\/8streme.eu\/hu\/wp-json\/wp\/v2\/types\/product"}],"version-history":[{"count":4,"href":"https:\/\/8streme.eu\/hu\/wp-json\/wp\/v2\/product\/4728\/revisions"}],"predecessor-version":[{"id":4799,"href":"https:\/\/8streme.eu\/hu\/wp-json\/wp\/v2\/product\/4728\/revisions\/4799"}],"wp:featuredmedia":[{"embeddable":true,"href":"https:\/\/8streme.eu\/hu\/wp-json\/wp\/v2\/media\/3803"}],"wp:attachment":[{"href":"https:\/\/8streme.eu\/hu\/wp-json\/wp\/v2\/media?parent=4728"}],"wp:term":[{"taxonomy":"product_brand","embeddable":true,"href":"https:\/\/8streme.eu\/hu\/wp-json\/wp\/v2\/product_brand?post=4728"},{"taxonomy":"product_cat","embeddable":true,"href":"https:\/\/8streme.eu\/hu\/wp-json\/wp\/v2\/product_cat?post=4728"},{"taxonomy":"product_tag","embeddable":true,"href":"https:\/\/8streme.eu\/hu\/wp-json\/wp\/v2\/product_tag?post=4728"}],"curies":[{"name":"wp","href":"https:\/\/api.w.org\/{rel}","templated":true}]}}