{"id":4534,"date":"2019-04-01T13:17:30","date_gmt":"2019-04-01T11:17:30","guid":{"rendered":"http:\/\/8streme.eu\/?post_type=product&#038;p=4534"},"modified":"2024-09-13T16:20:12","modified_gmt":"2024-09-13T14:20:12","slug":"kerekek-a-puha-kefek-rogzitesehez-4-db-szurke-71142","status":"publish","type":"product","link":"https:\/\/8streme.eu\/hu\/produit\/roues-pour-montage-brosses-souples-les-4-pieces-gris-71142\/","title":{"rendered":"Kerekek puha kef\u00e9k r\u00f6gz\u00edt\u00e9s\u00e9hez - 4 db, sz\u00fcrke - 71142"},"content":{"rendered":"<p>Fogazott ker\u00e9k, puha kef\u00e9k r\u00f6gz\u00edt\u00e9s\u00e9hez - 4db k\u00e9szletben, sz\u00fcrke - 71142<\/p>\n<p>Ez a term\u00e9k kompatibilis a 8STREME 7320, Power 4.0 Plus \u00e9s ...<\/p>","protected":false},"excerpt":{"rendered":"<p>Fogazott ker\u00e9k, puha kef\u00e9k r\u00f6gz\u00edt\u00e9s\u00e9hez - 4db k\u00e9szletben, sz\u00fcrke - 71142<\/p>\n<p>Ez a term\u00e9k kompatibilis a 8STREME 7320, Power 4.0 Plus ... ... <a href=\"https:\/\/8streme.eu\/hu\/produit\/roues-pour-montage-brosses-souples-les-4-pieces-gris-71142\/\">Olvass tov\u00e1bb<\/a><\/p>","protected":false},"featured_media":32482,"template":"","meta":{"_metasync_otto_title":"Roues pour montage brosses souples - Ensemble 4 pi\u00e8ces gris","_metasync_otto_description":"Roues de montage brosses souples 4 pcs grises - compatibles avec robots 8STREME 7320 et Power 4.0 Plus. Livraison rapide.","_metasync_otto_keywords":"","_metasync_otto_og_title":"","_metasync_otto_og_description":"","_metasync_otto_twitter_title":"","_metasync_otto_twitter_description":"","rank_math_title":"","rank_math_description":"","_yoast_wpseo_title":"","_yoast_wpseo_metadesc":"","_aioseo_title":"","_aioseo_description":"","_metasync_seo_title":"","_metasync_seo_desc":"","_metasync_breadcrumb_title":"","_metasync_primary_category":0,"_metasync_primary_product_cat":0,"_metasync_otto_disabled":"","_metasync_hreflang":"","_metasync_plugin_sync_ts":"","_metasync_robots_advanced":""},"product_brand":[],"product_cat":[145,229],"product_tag":[],"class_list":{"0":"post-4534","1":"product","2":"type-product","3":"status-publish","4":"has-post-thumbnail","6":"product_cat-pieces-detachees-robot-7320","7":"product_cat-pieces-detachees-robot-7320-20","8":"_wholesalex wsx-wholesalex-product","10":"first","11":"instock","12":"taxable","13":"shipping-taxable","14":"purchasable","15":"product-type-simple"},"_links":{"self":[{"href":"https:\/\/8streme.eu\/hu\/wp-json\/wp\/v2\/product\/4534","targetHints":{"allow":["GET"]}}],"collection":[{"href":"https:\/\/8streme.eu\/hu\/wp-json\/wp\/v2\/product"}],"about":[{"href":"https:\/\/8streme.eu\/hu\/wp-json\/wp\/v2\/types\/product"}],"version-history":[{"count":4,"href":"https:\/\/8streme.eu\/hu\/wp-json\/wp\/v2\/product\/4534\/revisions"}],"predecessor-version":[{"id":28072,"href":"https:\/\/8streme.eu\/hu\/wp-json\/wp\/v2\/product\/4534\/revisions\/28072"}],"wp:featuredmedia":[{"embeddable":true,"href":"https:\/\/8streme.eu\/hu\/wp-json\/wp\/v2\/media\/32482"}],"wp:attachment":[{"href":"https:\/\/8streme.eu\/hu\/wp-json\/wp\/v2\/media?parent=4534"}],"wp:term":[{"taxonomy":"product_brand","embeddable":true,"href":"https:\/\/8streme.eu\/hu\/wp-json\/wp\/v2\/product_brand?post=4534"},{"taxonomy":"product_cat","embeddable":true,"href":"https:\/\/8streme.eu\/hu\/wp-json\/wp\/v2\/product_cat?post=4534"},{"taxonomy":"product_tag","embeddable":true,"href":"https:\/\/8streme.eu\/hu\/wp-json\/wp\/v2\/product_tag?post=4534"}],"curies":[{"name":"wp","href":"https:\/\/api.w.org\/{rel}","templated":true}]}}