{"id":36499,"date":"2026-01-10T16:25:06","date_gmt":"2026-01-10T15:25:06","guid":{"rendered":"https:\/\/8streme.eu\/?post_type=product&#038;p=36499"},"modified":"2026-03-27T09:06:06","modified_gmt":"2026-03-27T08:06:06","slug":"8streme-1-2hp-mono-medence-szivattyu-eloszurovel","status":"publish","type":"product","link":"https:\/\/8streme.eu\/hu\/produit\/pompe-piscine-avec-prefiltre-8streme-1-2cv-mono\/","title":{"rendered":"Medenceszivatty\u00fa el\u0151sz\u0171r\u0151vel 8STREME 1\/2CV Mono (\u00f6ko-r\u00e9szv\u00e9tel 0.68\u20ac HT) - \u00c1raml\u00e1si sebess\u00e9g 6.7m3\/h medenc\u00e9khez 26m3-ig."},"content":{"rendered":"<div data-elementor-type=\"product-post\" data-elementor-id=\"36499\" class=\"elementor elementor-36499\" data-elementor-post-type=\"product\">\n\t\t\t\t\t\t<section class=\"elementor-section elementor-top-section elementor-element elementor-element-2464f1e8 elementor-section-boxed elementor-section-height-default elementor-section-height-default\" data-id=\"2464f1e8\" data-element_type=\"section\" data-e-type=\"section\">\n\t\t\t\t\t\t<div class=\"elementor-container elementor-column-gap-default\">\n\t\t\t\t\t<div class=\"elementor-column elementor-col-100 elementor-top-column elementor-element elementor-element-639462\" data-id=\"639462\" data-element_type=\"column\" data-e-type=\"column\">\n\t\t\t<div class=\"elementor-widget-wrap elementor-element-populated\">\n\t\t\t\t\t\t<div class=\"elementor-element elementor-element-1858d101 elementor-widget elementor-widget-text-editor\" data-id=\"1858d101\" data-element_type=\"widget\" data-e-type=\"widget\" data-widget_type=\"text-editor.default\">\n\t\t\t\t<div class=\"elementor-widget-container\">\n\t\t\t\t\t\t\t\t\t<div style=\"line-height: 1.7;\"><h2 style=\"font-size: 26px; border-bottom: 3px solid #0066FF; padding-bottom: 12px; margin-bottom: 24px; font-weight: bold;\">8STREME szivatty\u00fa - Innov\u00e1ci\u00f3 \u00e9s teljes\u00edtm\u00e9ny<\/h2><p>Fedezze fel a <strong>8STREME by SYLLENT medence szivatty\u00fa<\/strong>, egy technol\u00f3giai forradalom, amely \u00fajradefini\u00e1lja a szabv\u00e1nyokat. K\u00f6sz\u00f6nhet\u0151en a <strong>fejlett technol\u00f3gia<\/strong> \u00e9s egyed\u00fcl\u00e1ll\u00f3 v\u00edzh\u0171t\u00e9si rendszer\u00e9nek k\u00f6sz\u00f6nhet\u0151en ez a szivatty\u00fa kiv\u00e9teles teljes\u00edtm\u00e9nyt ny\u00fajt.<\/p><p>A hagyom\u00e1nyos modellekkel ellent\u00e9tben a mer\u00fcl\u0151motor biztos\u00edtja, hogy <strong>szab\u00e1lyozott h\u0151m\u00e9rs\u00e9klet<\/strong>, \u00e9s rendk\u00edv\u00fcl csendes m\u0171k\u00f6d\u00e9s.<\/p><p><span style=\"color: #ff0000;\"><strong>Javasoljuk, hogy ezt a szivatty\u00fat\u00edpust ne telep\u00edtse 6-7 m-n\u00e9l t\u00e1volabb a medenc\u00e9t\u0151l, mivel ezen a t\u00e1vols\u00e1gon t\u00fal az \u00e1raml\u00e1si sebess\u00e9g meredeken cs\u00f6kken.<\/strong><\/span><\/p><div style=\"background-color: #0066ff; color: white; padding: 24px; border-radius: 10px; margin: 24px 0;\"><h3 style=\"margin-top: 0; border-bottom: 1px solid rgba(255,255,255,0.3); padding-bottom: 8px;\">\u2713 Az \u00d6n szakmai el\u0151nyei<\/h3><div style=\"display: grid; grid-template-columns: 1fr 1fr; gap: 15px;\"><div>\u2022 <strong>El\u00e9gedett \u00fcgyfelek: abszol\u00fat csend \u00e9s kiv\u00e9teles megb\u00edzhat\u00f3s\u00e1g<\/strong><\/div><div>\u2022 <strong>Kevesebb \u00e9rt\u00e9kes\u00edt\u00e9s ut\u00e1ni szerviz: nincs sz\u00fcks\u00e9g m\u0171szaki beavatkoz\u00e1sra, nincsenek kop\u00f3 alkatr\u00e9szek.<\/strong><\/div><div>\u2022 <strong>K\u00f6nnyen telep\u00edthet\u0151: Egyszer\u0171en telep\u00edthet\u0151, m\u00e9g t\u00f6k\u00e9letesen szell\u0151z\u0151 m\u0171szaki helyis\u00e9g n\u00e9lk\u00fcl is.<\/strong><\/div><div>\u2022 <strong>Pr\u00e9mium min\u0151s\u00e9g: Fokozott h\u00edrn\u00e9v az exkluz\u00edv technol\u00f3gi\u00e1nak k\u00f6sz\u00f6nhet\u0151en<\/strong><\/div><\/div><\/div><h3>M\u0171szaki specifik\u00e1ci\u00f3k<\/h3><div style=\"overflow-x: auto; margin: 24px 0; border-radius: 10px;\"><table style=\"width: 100%; border-collapse: collapse; font-size: 13px; min-width: 600px;\"><thead style=\"text-align: left;\"><tr style=\"background: #6b7280; color: white;\"><th style=\"padding: 12px 8px;\">50 Hz-es MODELL<\/th><th style=\"padding: 12px 8px;\">FESZ\u00dcLTS\u00c9G (V)<\/th><th style=\"padding: 12px 8px;\">N\u00c9VLEGES TELJES\u00cdTM\u00c9NY (LE)<\/th><th style=\"padding: 12px 8px;\">INTENZIT\u00c1S (A)<\/th><th style=\"padding: 12px 8px;\">Teljes\u00edtm\u00e9nyt\u00e9nyez\u0151 \u00c1tlagos (cos)<\/th><\/tr><\/thead><tbody><tr style=\"background-color: #ffff00;\"><td style=\"padding: 10px 8px; border: 1px solid #e5e7eb;\">PF42M050-230\/ASI<\/td><td style=\"padding: 10px 8px; border: 1px solid #e5e7eb;\">230<\/td><td style=\"padding: 10px 8px; border: 1px solid #e5e7eb;\">1\/2<\/td><td style=\"padding: 10px 8px; border: 1px solid #e5e7eb;\">3,1<\/td><td style=\"padding: 10px 8px; border: 1px solid #e5e7eb;\">0,98<\/td><\/tr><tr><td style=\"padding: 10px 8px; border: 1px solid #e5e7eb;\">PF42M075-230\/ASI<\/td><td style=\"padding: 10px 8px; border: 1px solid #e5e7eb;\">230<\/td><td style=\"padding: 10px 8px; border: 1px solid #e5e7eb;\">3\/4<\/td><td style=\"padding: 10px 8px; border: 1px solid #e5e7eb;\">4,4<\/td><td style=\"padding: 10px 8px; border: 1px solid #e5e7eb;\">0,99<\/td><\/tr><tr style=\"background-color: #f9fafb;\"><td style=\"padding: 10px 8px; border: 1px solid #e5e7eb;\">PF42M100-230\/ASI<\/td><td style=\"padding: 10px 8px; border: 1px solid #e5e7eb;\">230<\/td><td style=\"padding: 10px 8px; border: 1px solid #e5e7eb;\">1,0<\/td><td style=\"padding: 10px 8px; border: 1px solid #e5e7eb;\">5,6<\/td><td style=\"padding: 10px 8px; border: 1px solid #e5e7eb;\">0,97<\/td><\/tr><tr><td style=\"padding: 10px 8px; border: 1px solid #e5e7eb;\">PF48M200-230\/ASI<\/td><td style=\"padding: 10px 8px; border: 1px solid #e5e7eb;\">230<\/td><td style=\"padding: 10px 8px; border: 1px solid #e5e7eb;\">2,0<\/td><td style=\"padding: 10px 8px; border: 1px solid #e5e7eb;\">8,3<\/td><td style=\"padding: 10px 8px; border: 1px solid #e5e7eb;\">1,00<\/td><\/tr><\/tbody><\/table><\/div><h3>Hidraulikai jellemz\u0151k<\/h3><div style=\"overflow-x: auto; margin: 24px 0; border-radius: 8px;\"><table style=\"width: 100%; border-collapse: collapse; font-size: 13px; min-width: 600px;\"><thead style=\"text-align: left;\"><tr style=\"background: #6b7280; color: white;\"><th style=\"padding: 12px 8px;\" rowspan=\"2\">50 Hz-es MODELL<\/th><th style=\"padding: 12px 8px;\" rowspan=\"2\">TELJES\u00cdTM\u00c9NY (HP)<\/th><th style=\"padding: 12px 8px;\" colspan=\"2\">MAXIM\u00c1LIS NYOM\u00c1S<\/th><th style=\"padding: 12px 8px;\" colspan=\"2\">Csatlakoz\u00e1s (mm)<\/th><th style=\"padding: 12px 8px;\" colspan=\"9\">\u00d6SSZES M\u00c9R\u0150MAGass\u00e1g (m)<\/th><th style=\"padding: 12px 8px;\" rowspan=\"2\">S\u00faly (kg)<\/th><th style=\"padding: 12px 8px;\" rowspan=\"2\">HOSSZ\u00da (mm)<\/th><\/tr><tr style=\"background: #6b7280; color: white;\"><th style=\"padding: 12px 8px;\">kPa<\/th><th style=\"padding: 12px 8px;\">m magass\u00e1g<\/th><th style=\"padding: 12px 8px;\">ASPIR\u00c1CI\u00d3<\/th><th style=\"padding: 12px 8px;\">REFLOW<\/th><th style=\"padding: 12px 8px;\">2<\/th><th style=\"padding: 12px 8px;\">4<\/th><th style=\"padding: 12px 8px;\">6<\/th><th style=\"padding: 12px 8px;\">8<\/th><th style=\"padding: 12px 8px;\">10<\/th><th style=\"padding: 12px 8px;\">12<\/th><th style=\"padding: 12px 8px;\">14<\/th><th style=\"padding: 12px 8px;\">16<\/th><th style=\"padding: 12px 8px;\">18<\/th><\/tr><tr style=\"background: #6b7280; color: white;\"><th style=\"padding: 12px 8px;\" colspan=\"4\">\u00a0<\/th><th style=\"padding: 12px 8px;\" colspan=\"2\">\u00a0<\/th><th style=\"padding: 8px; background-color: #d1d5db; text-align: center;\" colspan=\"9\">\u00c1RAM (m\u00b3\/h)<\/th><th style=\"padding: 12px 8px;\">\u00a0<\/th><th style=\"padding: 12px 8px;\">\u00a0<\/th><\/tr><\/thead><tbody><tr style=\"background-color: #ffff00;\"><td style=\"padding: 10px 8px; border: 1px solid #e5e7eb;\">PF42M050-230\/ASI<\/td><td style=\"padding: 10px 8px; border: 1px solid #e5e7eb;\">1\/2<\/td><td style=\"padding: 10px 8px; border: 1px solid #e5e7eb;\">110<\/td><td style=\"padding: 10px 8px; border: 1px solid #e5e7eb;\">11,0<\/td><td style=\"padding: 10px 8px; border: 1px solid #e5e7eb;\">50 vagy 1 1\/2\u2033<\/td><td style=\"padding: 10px 8px; border: 1px solid #e5e7eb;\">50 vagy 1 1\/2\u2033<\/td><td style=\"padding: 10px 8px; border: 1px solid #e5e7eb;\">16,2<\/td><td style=\"padding: 10px 8px; border: 1px solid #e5e7eb;\">13,2<\/td><td style=\"padding: 10px 8px; border: 1px solid #e5e7eb;\">10,2<\/td><td style=\"padding: 10px 8px; border: 1px solid #e5e7eb;\">6,7<\/td><td style=\"padding: 10px 8px; border: 1px solid #e5e7eb;\">2,1<\/td><td style=\"padding: 10px 8px; border: 1px solid #e5e7eb;\">0,0<\/td><td style=\"padding: 10px 8px; border: 1px solid #e5e7eb;\">\u2014<\/td><td style=\"padding: 10px 8px; border: 1px solid #e5e7eb;\">\u2014<\/td><td style=\"padding: 10px 8px; border: 1px solid #e5e7eb;\">\u2014<\/td><td style=\"padding: 10px 8px; border: 1px solid #e5e7eb;\">8,4<\/td><td style=\"padding: 10px 8px; border: 1px solid #e5e7eb;\">449<\/td><\/tr><tr><td style=\"padding: 10px 8px; border: 1px solid #e5e7eb;\">PF42M075-230\/ASI<\/td><td style=\"padding: 10px 8px; border: 1px solid #e5e7eb;\">3\/4<\/td><td style=\"padding: 10px 8px; border: 1px solid #e5e7eb;\">134<\/td><td style=\"padding: 10px 8px; border: 1px solid #e5e7eb;\">13,4<\/td><td style=\"padding: 10px 8px; border: 1px solid #e5e7eb;\">50 vagy 1 1\/2\u2033<\/td><td style=\"padding: 10px 8px; border: 1px solid #e5e7eb;\">50 vagy 1 1\/2\u2033<\/td><td style=\"padding: 10px 8px; border: 1px solid #e5e7eb;\">18,8<\/td><td style=\"padding: 10px 8px; border: 1px solid #e5e7eb;\">16,4<\/td><td style=\"padding: 10px 8px; border: 1px solid #e5e7eb;\">14,1<\/td><td style=\"padding: 10px 8px; border: 1px solid #e5e7eb;\">11,2<\/td><td style=\"padding: 10px 8px; border: 1px solid #e5e7eb;\">7,8<\/td><td style=\"padding: 10px 8px; border: 1px solid #e5e7eb;\">3,6<\/td><td style=\"padding: 10px 8px; border: 1px solid #e5e7eb;\">0,0<\/td><td style=\"padding: 10px 8px; border: 1px solid #e5e7eb;\">\u2014<\/td><td style=\"padding: 10px 8px; border: 1px solid #e5e7eb;\">\u2014<\/td><td style=\"padding: 10px 8px; border: 1px solid #e5e7eb;\">10,3<\/td><td style=\"padding: 10px 8px; border: 1px solid #e5e7eb;\">479<\/td><\/tr><tr style=\"background-color: #f9fafb;\"><td style=\"padding: 10px 8px; border: 1px solid #e5e7eb;\">PF42M100-230\/ASI<\/td><td style=\"padding: 10px 8px; border: 1px solid #e5e7eb;\">1,0<\/td><td style=\"padding: 10px 8px; border: 1px solid #e5e7eb;\">160<\/td><td style=\"padding: 10px 8px; border: 1px solid #e5e7eb;\">16,0<\/td><td style=\"padding: 10px 8px; border: 1px solid #e5e7eb;\">50 vagy 1 1\/2\u2033<\/td><td style=\"padding: 10px 8px; border: 1px solid #e5e7eb;\">50 vagy 1 1\/2\u2033<\/td><td style=\"padding: 10px 8px; border: 1px solid #e5e7eb;\">21,4<\/td><td style=\"padding: 10px 8px; border: 1px solid #e5e7eb;\">19,7<\/td><td style=\"padding: 10px 8px; border: 1px solid #e5e7eb;\">17,2<\/td><td style=\"padding: 10px 8px; border: 1px solid #e5e7eb;\">15,1<\/td><td style=\"padding: 10px 8px; border: 1px solid #e5e7eb;\">12,2<\/td><td style=\"padding: 10px 8px; border: 1px solid #e5e7eb;\">8,7<\/td><td style=\"padding: 10px 8px; border: 1px solid #e5e7eb;\">5,1<\/td><td style=\"padding: 10px 8px; border: 1px solid #e5e7eb;\">0,0<\/td><td style=\"padding: 10px 8px; border: 1px solid #e5e7eb;\">\u2014<\/td><td style=\"padding: 10px 8px; border: 1px solid #e5e7eb;\">10,7<\/td><td style=\"padding: 10px 8px; border: 1px solid #e5e7eb;\">479<\/td><\/tr><tr><td style=\"padding: 10px 8px; border: 1px solid #e5e7eb;\">PF48M200-230\/ASI<\/td><td style=\"padding: 10px 8px; border: 1px solid #e5e7eb;\">2,0<\/td><td style=\"padding: 10px 8px; border: 1px solid #e5e7eb;\">167<\/td><td style=\"padding: 10px 8px; border: 1px solid #e5e7eb;\">16,7<\/td><td style=\"padding: 10px 8px; border: 1px solid #e5e7eb;\">63 vagy 2\u2033<\/td><td style=\"padding: 10px 8px; border: 1px solid #e5e7eb;\">63 vagy 2\u2033<\/td><td style=\"padding: 10px 8px; border: 1px solid #e5e7eb;\">34,6<\/td><td style=\"padding: 10px 8px; border: 1px solid #e5e7eb;\">32,4<\/td><td style=\"padding: 10px 8px; border: 1px solid #e5e7eb;\">28,8<\/td><td style=\"padding: 10px 8px; border: 1px solid #e5e7eb;\">25,3<\/td><td style=\"padding: 10px 8px; border: 1px solid #e5e7eb;\">21,7<\/td><td style=\"padding: 10px 8px; border: 1px solid #e5e7eb;\">16,5<\/td><td style=\"padding: 10px 8px; border: 1px solid #e5e7eb;\">10,8<\/td><td style=\"padding: 10px 8px; border: 1px solid #e5e7eb;\">2,4<\/td><td style=\"padding: 10px 8px; border: 1px solid #e5e7eb;\">0,0<\/td><td style=\"padding: 10px 8px; border: 1px solid #e5e7eb;\">15,8<\/td><td style=\"padding: 10px 8px; border: 1px solid #e5e7eb;\">707<\/td><\/tr><\/tbody><\/table><\/div><div style=\"background: #f9fafb; padding: 15px; border-radius: 6px; border: 1px solid #e5e7eb;\"><p><strong>M\u0171szaki pontok :<\/strong><\/p><ul><li>Egyf\u00e1zis\u00fa motor \u00e1lland\u00f3 kondenz\u00e1torral - egyfesz\u00fclts\u00e9g\u0171 230 V - 50 Hz<\/li><li>V\u00edzh\u0171t\u00e9s - nincs sz\u00fcks\u00e9g k\u00fcls\u0151 szell\u0151z\u00e9sre<\/li><li>A be\u00e9p\u00edtett h\u0151v\u00e9delem t\u00falmeleged\u00e9s eset\u00e9n automatikusan kikapcsolja a szivatty\u00fat.<\/li><li>\u00dczemi v\u00edzh\u0151m\u00e9rs\u00e9klet: 1 \u00b0C \u00e9s 45 \u00b0C k\u00f6z\u00f6tt<\/li><\/ul><\/div><div style=\"background-color: #f0f9ff; border-left: 4px solid #0066FF; padding: 3%; margin-top: 32px; border-radius: 4px; color: #1e40af;\"><strong>\ud83d\udcbc Teljes k\u00f6r\u0171 professzion\u00e1lis megold\u00e1s<\/strong> m\u0171szaki dokument\u00e1ci\u00f3, \u00e9rz\u00e9keny t\u00e1mogat\u00e1s. A 8STREME term\u00e9kcsal\u00e1dot a teljes\u00edtm\u00e9nyt, megb\u00edzhat\u00f3s\u00e1got \u00e9s megk\u00fcl\u00f6nb\u00f6ztet\u00e9st keres\u0151, ig\u00e9nyes telep\u00edt\u0151k sz\u00e1m\u00e1ra tervezt\u00e9k.<\/div><\/div>\t\t\t\t\t\t\t\t<\/div>\n\t\t\t\t<\/div>\n\t\t\t\t\t<\/div>\n\t\t<\/div>\n\t\t\t\t\t<\/div>\n\t\t<\/section>\n\t\t\t\t<\/div>","protected":false},"excerpt":{"rendered":"<p>Pompe 8STREME \u2013 Innovation et Performance D\u00e9couvrez la pompe de piscine 8STREME by SYLLENT, une r\u00e9volution technologique qui red\u00e9finit les standards. Gr\u00e2ce \u00e0 sa technologie avanc\u00e9e et son syst\u00e8me de refroidissement par eau unique, cette pompe offre des performances exceptionnelles. &hellip; <a href=\"https:\/\/8streme.eu\/hu\/produit\/pompe-piscine-avec-prefiltre-8streme-1-2cv-mono\/\">Olvass tov\u00e1bb<\/a><\/p>","protected":false},"featured_media":36495,"template":"","meta":{"_metasync_otto_title":"","_metasync_otto_description":"Robot de piscine autonome pour piscines jusqu","_metasync_otto_keywords":"","_metasync_otto_og_title":"","_metasync_otto_og_description":"","_metasync_otto_twitter_title":"","_metasync_otto_twitter_description":"","rank_math_title":"","rank_math_description":"","_yoast_wpseo_title":"","_yoast_wpseo_metadesc":"","_aioseo_title":"","_aioseo_description":"","_metasync_seo_title":"","_metasync_seo_desc":"","_metasync_breadcrumb_title":"","_metasync_primary_category":0,"_metasync_primary_product_cat":0,"_metasync_otto_disabled":"","_metasync_hreflang":"","_metasync_plugin_sync_ts":"","_metasync_robots_advanced":""},"product_brand":[],"product_cat":[475],"product_tag":[],"class_list":{"0":"post-36499","1":"product","2":"type-product","3":"status-publish","4":"has-post-thumbnail","6":"product_cat-pompes-piscines-8streme","7":"_wholesalex wsx-wholesalex-product","9":"first","10":"instock","11":"taxable","12":"shipping-taxable","13":"purchasable","14":"product-type-simple"},"_links":{"self":[{"href":"https:\/\/8streme.eu\/hu\/wp-json\/wp\/v2\/product\/36499","targetHints":{"allow":["GET"]}}],"collection":[{"href":"https:\/\/8streme.eu\/hu\/wp-json\/wp\/v2\/product"}],"about":[{"href":"https:\/\/8streme.eu\/hu\/wp-json\/wp\/v2\/types\/product"}],"version-history":[{"count":21,"href":"https:\/\/8streme.eu\/hu\/wp-json\/wp\/v2\/product\/36499\/revisions"}],"predecessor-version":[{"id":36996,"href":"https:\/\/8streme.eu\/hu\/wp-json\/wp\/v2\/product\/36499\/revisions\/36996"}],"wp:featuredmedia":[{"embeddable":true,"href":"https:\/\/8streme.eu\/hu\/wp-json\/wp\/v2\/media\/36495"}],"wp:attachment":[{"href":"https:\/\/8streme.eu\/hu\/wp-json\/wp\/v2\/media?parent=36499"}],"wp:term":[{"taxonomy":"product_brand","embeddable":true,"href":"https:\/\/8streme.eu\/hu\/wp-json\/wp\/v2\/product_brand?post=36499"},{"taxonomy":"product_cat","embeddable":true,"href":"https:\/\/8streme.eu\/hu\/wp-json\/wp\/v2\/product_cat?post=36499"},{"taxonomy":"product_tag","embeddable":true,"href":"https:\/\/8streme.eu\/hu\/wp-json\/wp\/v2\/product_tag?post=36499"}],"curies":[{"name":"wp","href":"https:\/\/api.w.org\/{rel}","templated":true}]}}