{"id":2557,"date":"2018-03-16T12:31:57","date_gmt":"2018-03-16T11:31:57","guid":{"rendered":"http:\/\/8streme.eu\/?post_type=product&#038;p=2557"},"modified":"2023-08-25T16:35:10","modified_gmt":"2023-08-25T14:35:10","slug":"pvc-kefekeszlet-5-db-71180","status":"publish","type":"product","link":"https:\/\/8streme.eu\/hu\/produit\/ensemble-de-brosse-de-pvc-5-pcs-71180\/","title":{"rendered":"PVC kefe, 5 db - 71180"},"content":{"rendered":"<p>PVC kefe, 5 db - 71180<\/p>\n<p>Ez a term\u00e9k a k\u00f6vetkez\u0151 robotokkal kompatibilis: 8STREME 7310, 8STREME 7320, Black Pearl, Catfish, I-Qualer, Klinwass, Lynx ES10, Malibu, Pontaqua Phantom, Power 4.0, Power 4.0 Plus, Remora, Scooby, Tebas ...<\/p>\n<p><a href=\"https:\/\/www.youtube.com\/watch?v=JAWWgYJ_z4M&amp;list=PLWoiTHw_wDWv8tDa7QGiQrazACbyhJHXd&amp;index=10\">PVC kefe csere vide\u00f3<\/a><\/p>","protected":false},"excerpt":{"rendered":"<p>PVC kefe, 5 db - 71180<\/p>\n<p>Ez a term\u00e9k kompatibilis a 8STREME 7310, 8STREME 7320, Black Pearl, Catfish, I-Qualer, Klinwass, Lynx ES10, Malibu, Pontaqua Phantom, Power 4.0, Power 4.0 Plus, Remora, Scooby, Tebas ... ... robotokkal. <a href=\"https:\/\/8streme.eu\/hu\/produit\/ensemble-de-brosse-de-pvc-5-pcs-71180\/\">Olvass tov\u00e1bb<\/a><\/p>","protected":false},"featured_media":2558,"template":"","meta":{"_metasync_otto_title":"","_metasync_otto_description":"D\u00e9couvrez les Brosses PVC, 5 pcs \u2013 71180 compatibles avec de nombreux robots de piscine. Remplacement facile pour une performance optimale. Achetez maintenant!","_metasync_otto_keywords":"","_metasync_otto_og_title":"","_metasync_otto_og_description":"","_metasync_otto_twitter_title":"","_metasync_otto_twitter_description":"","rank_math_title":"","rank_math_description":"","_yoast_wpseo_title":"","_yoast_wpseo_metadesc":"","_aioseo_title":"","_aioseo_description":"","_metasync_seo_title":"","_metasync_seo_desc":"","_metasync_breadcrumb_title":"","_metasync_primary_category":0,"_metasync_primary_product_cat":0,"_metasync_otto_disabled":"","_metasync_hreflang":"","_metasync_plugin_sync_ts":"","_metasync_robots_advanced":""},"product_brand":[],"product_cat":[60,173,174,145,229],"product_tag":[],"class_list":{"0":"post-2557","1":"product","2":"type-product","3":"status-publish","4":"has-post-thumbnail","6":"product_cat-pieces-detachees-robot-7310","7":"product_cat-pieces-detachees-robot-7310-19","8":"product_cat-pieces-detachees-robot-7310-20","9":"product_cat-pieces-detachees-robot-7320","10":"product_cat-pieces-detachees-robot-7320-20","11":"_wholesalex wsx-wholesalex-product","13":"first","14":"instock","15":"taxable","16":"shipping-taxable","17":"purchasable","18":"product-type-simple"},"_links":{"self":[{"href":"https:\/\/8streme.eu\/hu\/wp-json\/wp\/v2\/product\/2557","targetHints":{"allow":["GET"]}}],"collection":[{"href":"https:\/\/8streme.eu\/hu\/wp-json\/wp\/v2\/product"}],"about":[{"href":"https:\/\/8streme.eu\/hu\/wp-json\/wp\/v2\/types\/product"}],"version-history":[{"count":9,"href":"https:\/\/8streme.eu\/hu\/wp-json\/wp\/v2\/product\/2557\/revisions"}],"predecessor-version":[{"id":28065,"href":"https:\/\/8streme.eu\/hu\/wp-json\/wp\/v2\/product\/2557\/revisions\/28065"}],"wp:featuredmedia":[{"embeddable":true,"href":"https:\/\/8streme.eu\/hu\/wp-json\/wp\/v2\/media\/2558"}],"wp:attachment":[{"href":"https:\/\/8streme.eu\/hu\/wp-json\/wp\/v2\/media?parent=2557"}],"wp:term":[{"taxonomy":"product_brand","embeddable":true,"href":"https:\/\/8streme.eu\/hu\/wp-json\/wp\/v2\/product_brand?post=2557"},{"taxonomy":"product_cat","embeddable":true,"href":"https:\/\/8streme.eu\/hu\/wp-json\/wp\/v2\/product_cat?post=2557"},{"taxonomy":"product_tag","embeddable":true,"href":"https:\/\/8streme.eu\/hu\/wp-json\/wp\/v2\/product_tag?post=2557"}],"curies":[{"name":"wp","href":"https:\/\/api.w.org\/{rel}","templated":true}]}}