{"id":2477,"date":"2018-03-16T11:22:33","date_gmt":"2018-03-16T10:22:33","guid":{"rendered":"http:\/\/8streme.eu\/?post_type=product&#038;p=2477"},"modified":"2024-05-30T16:40:34","modified_gmt":"2024-05-30T14:40:34","slug":"fogazott-kerek-4db-szurke-szerelvenyen-71140","status":"publish","type":"product","link":"https:\/\/8streme.eu\/hu\/produit\/roue-dentee-4pcs-sur-lensemble-gris-71140\/","title":{"rendered":"Kerekek - 4 darabos k\u00e9szlet, sz\u00fcrke - 71140"},"content":{"rendered":"<p>Fogazott kerekek, 4db k\u00e9szlet, sz\u00fcrke - 71140<\/p>\n<p>Ez a term\u00e9k a k\u00f6vetkez\u0151 robotokkal kompatibilis: 8STREME 7310, 8STREME 7311, Black Pearl, Catfish, I-Qualer, Klinwass, Lynx ES10, Malibu, Pontaqua Phantom, Power 4.0, Remora, Scooby, Tebas ...<\/p>","protected":false},"excerpt":{"rendered":"<p>Fogazott kerekek, 4db k\u00e9szlet, sz\u00fcrke - 71140<\/p>\n<p>Ce produit est compatible avec les robots 8STREME 7310, 8STREME 7311, Black Pearl, Catfish, I-Qualer, Klinwass, Lynx ES10, Malibu, Pontaqua Phantom, Power 4.0, Remora, Scooby, Tebas &#8230; &hellip; <a href=\"https:\/\/8streme.eu\/hu\/produit\/roue-dentee-4pcs-sur-lensemble-gris-71140\/\">Olvass tov\u00e1bb<\/a><\/p>","protected":false},"featured_media":2478,"template":"","meta":{"_metasync_otto_title":"","_metasync_otto_description":"Achetez les roues dent\u00e9es gris 71140 pour les robots compatibles 8STREME 7310, 7311, Catfish, Scooby, etc. Pi\u00e8ces d\u00e9tach\u00e9es de qualit\u00e9 pour votre robot piscine.","_metasync_otto_keywords":"","_metasync_otto_og_title":"","_metasync_otto_og_description":"","_metasync_otto_twitter_title":"","_metasync_otto_twitter_description":"","rank_math_title":"","rank_math_description":"","_yoast_wpseo_title":"","_yoast_wpseo_metadesc":"","_aioseo_title":"","_aioseo_description":"","_metasync_seo_title":"","_metasync_seo_desc":"","_metasync_breadcrumb_title":"","_metasync_primary_category":0,"_metasync_primary_product_cat":0,"_metasync_otto_disabled":"","_metasync_hreflang":"","_metasync_plugin_sync_ts":"","_metasync_robots_advanced":""},"product_brand":[],"product_cat":[60,173,174,376],"product_tag":[],"class_list":{"0":"post-2477","1":"product","2":"type-product","3":"status-publish","4":"has-post-thumbnail","6":"product_cat-pieces-detachees-robot-7310","7":"product_cat-pieces-detachees-robot-7310-19","8":"product_cat-pieces-detachees-robot-7310-20","9":"product_cat-pieces-detachees-robot-7311","10":"_wholesalex wsx-wholesalex-product","12":"first","13":"instock","14":"taxable","15":"shipping-taxable","16":"purchasable","17":"product-type-simple"},"_links":{"self":[{"href":"https:\/\/8streme.eu\/hu\/wp-json\/wp\/v2\/product\/2477","targetHints":{"allow":["GET"]}}],"collection":[{"href":"https:\/\/8streme.eu\/hu\/wp-json\/wp\/v2\/product"}],"about":[{"href":"https:\/\/8streme.eu\/hu\/wp-json\/wp\/v2\/types\/product"}],"version-history":[{"count":6,"href":"https:\/\/8streme.eu\/hu\/wp-json\/wp\/v2\/product\/2477\/revisions"}],"predecessor-version":[{"id":30386,"href":"https:\/\/8streme.eu\/hu\/wp-json\/wp\/v2\/product\/2477\/revisions\/30386"}],"wp:featuredmedia":[{"embeddable":true,"href":"https:\/\/8streme.eu\/hu\/wp-json\/wp\/v2\/media\/2478"}],"wp:attachment":[{"href":"https:\/\/8streme.eu\/hu\/wp-json\/wp\/v2\/media?parent=2477"}],"wp:term":[{"taxonomy":"product_brand","embeddable":true,"href":"https:\/\/8streme.eu\/hu\/wp-json\/wp\/v2\/product_brand?post=2477"},{"taxonomy":"product_cat","embeddable":true,"href":"https:\/\/8streme.eu\/hu\/wp-json\/wp\/v2\/product_cat?post=2477"},{"taxonomy":"product_tag","embeddable":true,"href":"https:\/\/8streme.eu\/hu\/wp-json\/wp\/v2\/product_tag?post=2477"}],"curies":[{"name":"wp","href":"https:\/\/api.w.org\/{rel}","templated":true}]}}