{"id":23618,"date":"2022-01-27T14:16:29","date_gmt":"2022-01-27T13:16:29","guid":{"rendered":"https:\/\/8streme.eu\/?post_type=product&#038;p=23618"},"modified":"2024-09-13T15:28:34","modified_gmt":"2024-09-13T13:28:34","slug":"szivattyu-motor-5200-j2x-51061-robothoz","status":"publish","type":"product","link":"https:\/\/8streme.eu\/hu\/produit\/moteur-de-pompe-pour-robot-5200-j2x-51061\/","title":{"rendered":"Szivatty\u00famotor 5200-J2X robothoz - 51061"},"content":{"rendered":"<p>Szivatty\u00famotor 5200-J2X robothoz - 51061<\/p>\n<p>Ez a term\u00e9k kompatibilis a 8STREME 5200-J2X robotokkal.<\/p>\n<p><a href=\"https:\/\/www.youtube.com\/watch?v=SBlBmxTYrV4&amp;list=PLWoiTHw_wDWuyX-0fggC-UzWEwVnIynCi&amp;index=2\">A motor sz\u00e9tszerel\u00e9s\u00e9nek vide\u00f3ja<\/a><\/p>\n<p><a href=\"https:\/\/www.youtube.com\/watch?v=gbLVl4e2jds&amp;list=PLWoiTHw_wDWuvH5kBwAM5BZvIMkbwVWv0&amp;index=1\">Motor sz\u00e9tszerel\u00e9si vide\u00f3<\/a><\/p>\n<p><a href=\"https:\/\/www.youtube.com\/watch?v=7Ky8s4CO8Gc&amp;list=PLWoiTHw_wDWuyX-0fggC-UzWEwVnIynCi&amp;index=3\">Motor \u00f6sszeszerel\u00e9si vide\u00f3<\/a><\/p>\n<p><a href=\"https:\/\/www.youtube.com\/watch?v=dBWVvtUZw5U&amp;list=PLWoiTHw_wDWuvH5kBwAM5BZvIMkbwVWv0&amp;index=3\">A motor \u00f6sszeszerel\u00e9se vide\u00f3<\/a><\/p>","protected":false},"excerpt":{"rendered":"<p>Szivatty\u00famotor 5200-J2X robothoz - 51061<\/p>\n<p>Ez a term\u00e9k kompatibilis a 8STREME 5200-J2X robotokkal. <a href=\"https:\/\/8streme.eu\/hu\/produit\/moteur-de-pompe-pour-robot-5200-j2x-51061\/\">Olvass tov\u00e1bb<\/a><\/p>","protected":false},"featured_media":32476,"template":"","meta":{"_metasync_otto_title":"Moteur de pompe 5200-J2X - 51061 pour robot 8streme","_metasync_otto_description":"Moteur de pompe compatible avec le robot 8STREME 5200-J2X, assurant un fonctionnement optimal. Remplacez-le pour une pompe en bon \u00e9tat.","_metasync_otto_keywords":"","_metasync_otto_og_title":"","_metasync_otto_og_description":"","_metasync_otto_twitter_title":"","_metasync_otto_twitter_description":"","rank_math_title":"","rank_math_description":"","_yoast_wpseo_title":"","_yoast_wpseo_metadesc":"","_aioseo_title":"","_aioseo_description":"","_metasync_seo_title":"","_metasync_seo_desc":"","_metasync_breadcrumb_title":"","_metasync_primary_category":0,"_metasync_primary_product_cat":0,"_metasync_otto_disabled":"","_metasync_hreflang":"","_metasync_plugin_sync_ts":"","_metasync_robots_advanced":""},"product_brand":[],"product_cat":[44],"product_tag":[],"class_list":{"0":"post-23618","1":"product","2":"type-product","3":"status-publish","4":"has-post-thumbnail","6":"product_cat-pieces-detachees-robot-5200-j2x","7":"_wholesalex wsx-wholesalex-product","9":"first","10":"instock","11":"taxable","12":"shipping-taxable","13":"purchasable","14":"product-type-simple"},"_links":{"self":[{"href":"https:\/\/8streme.eu\/hu\/wp-json\/wp\/v2\/product\/23618","targetHints":{"allow":["GET"]}}],"collection":[{"href":"https:\/\/8streme.eu\/hu\/wp-json\/wp\/v2\/product"}],"about":[{"href":"https:\/\/8streme.eu\/hu\/wp-json\/wp\/v2\/types\/product"}],"version-history":[{"count":3,"href":"https:\/\/8streme.eu\/hu\/wp-json\/wp\/v2\/product\/23618\/revisions"}],"predecessor-version":[{"id":28084,"href":"https:\/\/8streme.eu\/hu\/wp-json\/wp\/v2\/product\/23618\/revisions\/28084"}],"wp:featuredmedia":[{"embeddable":true,"href":"https:\/\/8streme.eu\/hu\/wp-json\/wp\/v2\/media\/32476"}],"wp:attachment":[{"href":"https:\/\/8streme.eu\/hu\/wp-json\/wp\/v2\/media?parent=23618"}],"wp:term":[{"taxonomy":"product_brand","embeddable":true,"href":"https:\/\/8streme.eu\/hu\/wp-json\/wp\/v2\/product_brand?post=23618"},{"taxonomy":"product_cat","embeddable":true,"href":"https:\/\/8streme.eu\/hu\/wp-json\/wp\/v2\/product_cat?post=23618"},{"taxonomy":"product_tag","embeddable":true,"href":"https:\/\/8streme.eu\/hu\/wp-json\/wp\/v2\/product_tag?post=23618"}],"curies":[{"name":"wp","href":"https:\/\/api.w.org\/{rel}","templated":true}]}}