{"id":22011,"date":"2021-07-23T10:24:12","date_gmt":"2021-07-23T08:24:12","guid":{"rendered":"http:\/\/8streme.eu\/?post_type=product&#038;p=22011"},"modified":"2024-09-10T14:36:28","modified_gmt":"2024-09-10T12:36:28","slug":"2-reszes-csereanya-a-robotkabelhez","status":"publish","type":"product","link":"https:\/\/8streme.eu\/hu\/produit\/ecrou-de-remplacement-2-pieces-pour-cable-robot\/","title":{"rendered":"2-r\u00e9szes csereanya a robotk\u00e1belhez"},"content":{"rendered":"<p>2-r\u00e9szes csereanya a robotk\u00e1belhez<\/p>\n<p>Ez a term\u00e9k kompatibilis a 8STREME 5210-J200, 8STREME 5212, 8STREME 5220-Luna 10, 8STREME 5222, 8STREME 5310, 8STREME 7310, 8STREME 7311, 8STREME 7320 robotokkal, Fekete korall, Fekete gy\u00f6ngy, Harcsa, I-Qualer, Med\u00faza, Kir\u00e1lyr\u00e1k, Klinwass, Lynx ES10, Malibu, Pontaqua Phantom, Power 4.0, Power 4.0 Plus, Remora, Scooby, Snapper, Tebas ...<\/p>\n<p><a href=\"https:\/\/www.youtube.com\/watch?v=Qg9ONZi5Hz8&amp;list=PLWoiTHw_wDWv8tDa7QGiQrazACbyhJHXd&amp;index=13\">Any\u00e1k cser\u00e9je vide\u00f3<\/a><\/p>","protected":false},"excerpt":{"rendered":"<p>2-r\u00e9szes anya a robotk\u00e1belhez.<\/p>\n<p>Lehet\u0151v\u00e9 teszi a s\u00e9r\u00fclt anya cser\u00e9j\u00e9t an\u00e9lk\u00fcl, hogy az eg\u00e9sz k\u00e1belt ki kellene cser\u00e9lni.<\/p>\n<p>A 2 kagyl\u00f3t a k\u00e1bel mindk\u00e9t oldal\u00e1ra klipszelik, \u00e9s a mell\u00e9kelt csavarokkal tart\u00f3san \u00f6sszeillesztik.<\/p>\n<p>Ez a term\u00e9k kompatibilis a 8STREME 5210-J200, 8STREME 5212, 8STREME 5220-Luna 10, 8STREME 5222, 8STREME 5310, 8STREME 7310, 8STREME 7311, 8STREME 7320 robotokkal, Fekete korall, Fekete gy\u00f6ngy, Harcsa, I-Qualer, Med\u00faza, Kir\u00e1lyr\u00e1k, Klinwass, Lynx ES10, Malibu, Pontaqua Phantom, Power 4.0, Power 4.0 Plus, Remora, Scooby, Snapper, Tebas ... ... <a href=\"https:\/\/8streme.eu\/hu\/produit\/ecrou-de-remplacement-2-pieces-pour-cable-robot\/\">Olvass tov\u00e1bb<\/a><\/p>","protected":false},"featured_media":32399,"template":"","meta":{"_metasync_otto_title":"","_metasync_otto_description":"","_metasync_otto_keywords":"","_metasync_otto_og_title":"","_metasync_otto_og_description":"","_metasync_otto_twitter_title":"","_metasync_otto_twitter_description":"","rank_math_title":"","rank_math_description":"","_yoast_wpseo_title":"","_yoast_wpseo_metadesc":"","_aioseo_title":"","_aioseo_description":"","_metasync_seo_title":"","_metasync_seo_desc":"","_metasync_breadcrumb_title":"","_metasync_primary_category":0,"_metasync_primary_product_cat":0,"_metasync_otto_disabled":"","_metasync_hreflang":"","_metasync_plugin_sync_ts":"","_metasync_robots_advanced":""},"product_brand":[],"product_cat":[60,173,174,145,229],"product_tag":[],"class_list":{"0":"post-22011","1":"product","2":"type-product","3":"status-publish","4":"has-post-thumbnail","6":"product_cat-pieces-detachees-robot-7310","7":"product_cat-pieces-detachees-robot-7310-19","8":"product_cat-pieces-detachees-robot-7310-20","9":"product_cat-pieces-detachees-robot-7320","10":"product_cat-pieces-detachees-robot-7320-20","11":"_wholesalex wsx-wholesalex-product","13":"first","14":"instock","15":"taxable","16":"shipping-taxable","17":"purchasable","18":"product-type-simple"},"_links":{"self":[{"href":"https:\/\/8streme.eu\/hu\/wp-json\/wp\/v2\/product\/22011","targetHints":{"allow":["GET"]}}],"collection":[{"href":"https:\/\/8streme.eu\/hu\/wp-json\/wp\/v2\/product"}],"about":[{"href":"https:\/\/8streme.eu\/hu\/wp-json\/wp\/v2\/types\/product"}],"version-history":[{"count":5,"href":"https:\/\/8streme.eu\/hu\/wp-json\/wp\/v2\/product\/22011\/revisions"}],"predecessor-version":[{"id":22016,"href":"https:\/\/8streme.eu\/hu\/wp-json\/wp\/v2\/product\/22011\/revisions\/22016"}],"wp:featuredmedia":[{"embeddable":true,"href":"https:\/\/8streme.eu\/hu\/wp-json\/wp\/v2\/media\/32399"}],"wp:attachment":[{"href":"https:\/\/8streme.eu\/hu\/wp-json\/wp\/v2\/media?parent=22011"}],"wp:term":[{"taxonomy":"product_brand","embeddable":true,"href":"https:\/\/8streme.eu\/hu\/wp-json\/wp\/v2\/product_brand?post=22011"},{"taxonomy":"product_cat","embeddable":true,"href":"https:\/\/8streme.eu\/hu\/wp-json\/wp\/v2\/product_cat?post=22011"},{"taxonomy":"product_tag","embeddable":true,"href":"https:\/\/8streme.eu\/hu\/wp-json\/wp\/v2\/product_tag?post=22011"}],"curies":[{"name":"wp","href":"https:\/\/api.w.org\/{rel}","templated":true}]}}