{"id":2124,"date":"2018-03-15T16:44:06","date_gmt":"2018-03-15T15:44:06","guid":{"rendered":"http:\/\/8streme.eu\/?post_type=product&#038;p=2124"},"modified":"2023-07-11T11:35:44","modified_gmt":"2023-07-11T09:35:44","slug":"zsanerkeszlet-81000","status":"publish","type":"product","link":"https:\/\/8streme.eu\/hu\/produit\/ensemble-de-charnieres-81000\/","title":{"rendered":"Csukl\u00f3p\u00e1nt-k\u00e9szlet - 81000"},"content":{"rendered":"<p>Csukl\u00f3p\u00e1nt-k\u00e9szlet - 81000<\/p>\n<p>Ez a term\u00e9k kompatibilis a 8STREME 5200-J2X, 8STREME 5210-J200, 8STREME 5212, 8STREME 5200-LUNA 10, 8STREME 5222, 8STREME 5310, Black Coral, Jellyfish, King Crab, Snapper ...<\/p>","protected":false},"excerpt":{"rendered":"<p>Csukl\u00f3p\u00e1nt-k\u00e9szlet - 81000<\/p>\n<p>Ce produit est compatible avec les robots 8STREME 5200-J2X, 8STREME 5210-J200, 8STREME 5212, 8STREME 5200-LUNA 10, 8STREME 5222, 8STREME 5310, Black Coral, Jellyfish, King Crab, Snapper &#8230; &hellip; <a href=\"https:\/\/8streme.eu\/hu\/produit\/ensemble-de-charnieres-81000\/\">Olvass tov\u00e1bb<\/a><\/p>","protected":false},"featured_media":2125,"template":"","meta":{"_metasync_otto_title":"","_metasync_otto_description":"","_metasync_otto_keywords":"","_metasync_otto_og_title":"","_metasync_otto_og_description":"","_metasync_otto_twitter_title":"","_metasync_otto_twitter_description":"","rank_math_title":"","rank_math_description":"","_yoast_wpseo_title":"","_yoast_wpseo_metadesc":"","_aioseo_title":"","_aioseo_description":"","_metasync_seo_title":"","_metasync_seo_desc":"","_metasync_breadcrumb_title":"","_metasync_primary_category":0,"_metasync_primary_product_cat":0,"_metasync_otto_disabled":"","_metasync_hreflang":"","_metasync_plugin_sync_ts":"","_metasync_robots_advanced":""},"product_brand":[],"product_cat":[44,58,260,59,314,261,313],"product_tag":[],"class_list":{"0":"post-2124","1":"product","2":"type-product","3":"status-publish","4":"has-post-thumbnail","6":"product_cat-pieces-detachees-robot-5200-j2x","7":"product_cat-pieces-detachees-robot-5210-j200","8":"product_cat-pieces-detachees-robot-5212","9":"product_cat-pieces-detachees-robot-5220-luna10","10":"product_cat-pieces-detachees-robot-5220-luna10-v19","11":"product_cat-pieces-detachees-robot-5222","12":"product_cat-pieces-detachees-robot-5310","13":"_wholesalex wsx-wholesalex-product","15":"first","16":"instock","17":"taxable","18":"shipping-taxable","19":"purchasable","20":"product-type-simple"},"_links":{"self":[{"href":"https:\/\/8streme.eu\/hu\/wp-json\/wp\/v2\/product\/2124","targetHints":{"allow":["GET"]}}],"collection":[{"href":"https:\/\/8streme.eu\/hu\/wp-json\/wp\/v2\/product"}],"about":[{"href":"https:\/\/8streme.eu\/hu\/wp-json\/wp\/v2\/types\/product"}],"version-history":[{"count":3,"href":"https:\/\/8streme.eu\/hu\/wp-json\/wp\/v2\/product\/2124\/revisions"}],"predecessor-version":[{"id":28096,"href":"https:\/\/8streme.eu\/hu\/wp-json\/wp\/v2\/product\/2124\/revisions\/28096"}],"wp:featuredmedia":[{"embeddable":true,"href":"https:\/\/8streme.eu\/hu\/wp-json\/wp\/v2\/media\/2125"}],"wp:attachment":[{"href":"https:\/\/8streme.eu\/hu\/wp-json\/wp\/v2\/media?parent=2124"}],"wp:term":[{"taxonomy":"product_brand","embeddable":true,"href":"https:\/\/8streme.eu\/hu\/wp-json\/wp\/v2\/product_brand?post=2124"},{"taxonomy":"product_cat","embeddable":true,"href":"https:\/\/8streme.eu\/hu\/wp-json\/wp\/v2\/product_cat?post=2124"},{"taxonomy":"product_tag","embeddable":true,"href":"https:\/\/8streme.eu\/hu\/wp-json\/wp\/v2\/product_tag?post=2124"}],"curies":[{"name":"wp","href":"https:\/\/api.w.org\/{rel}","templated":true}]}}