{"id":20784,"date":"2021-05-10T15:03:50","date_gmt":"2021-05-10T13:03:50","guid":{"rendered":"http:\/\/8streme.eu\/?post_type=product&#038;p=20784"},"modified":"2024-09-10T16:40:47","modified_gmt":"2024-09-10T14:40:47","slug":"15m-uszo-kabelkeszlet-uszo-forgocsavarral-33301-20-35011","status":"publish","type":"product","link":"https:\/\/8streme.eu\/hu\/produit\/kit-cable-flottant-long-15m-flotteur-avec-raccord-tournant-33301-20-35011\/","title":{"rendered":"15 m \u00fasz\u00f3 k\u00e1belk\u00e9szlet + \u00fasz\u00f3 forg\u00f3csavarral (33301-20 + 35011)."},"content":{"rendered":"<p>15 m \u00fasz\u00f3 k\u00e1belk\u00e9szlet + \u00fasz\u00f3 forg\u00f3csavarral (33301-20 + 35011).<\/p>\n<p>(A r\u00e9gi 33301-es k\u00e1beles, be\u00e9p\u00edtett \u00fasz\u00f3val ell\u00e1tott modelleket helyettes\u00edti)<\/p>\n<p>Ez a term\u00e9k kompatibilis a 8STREME 7320, Power 4.0 Plus \u00e9s ...<\/p>\n<p><a href=\"https:\/\/www.youtube.com\/watch?v=3PPJU9pLre0&amp;list=PLWoiTHw_wDWv8tDa7QGiQrazACbyhJHXd&amp;index=15\">K\u00e1belcsatlakoz\u00e1s vide\u00f3<\/a><\/p>\n<p><a href=\"https:\/\/www.youtube.com\/watch?v=Wm1gVmIjdDs\">Csatlakoztassa a videok\u00e1beleket<\/a><\/p>","protected":false},"excerpt":{"rendered":"<p>15 m \u00fasz\u00f3 k\u00e1belk\u00e9szlet + \u00fasz\u00f3 forg\u00f3csavarral (33301-20 + 35011).<\/p>\n<p>A r\u00e9gi 33301-es k\u00e1beleket helyettes\u00edti be\u00e9p\u00edtett \u00fasz\u00f3kkal<\/p>\n<p>Ez a term\u00e9k kompatibilis a 8STREME 7320, Power 4.0 Plus ... ... <a href=\"https:\/\/8streme.eu\/hu\/produit\/kit-cable-flottant-long-15m-flotteur-avec-raccord-tournant-33301-20-35011\/\">Olvass tov\u00e1bb<\/a><\/p>","protected":false},"featured_media":32425,"template":"","meta":{"_metasync_otto_title":"C\u00e2ble flottant 15m + flotteur - Robot 8streme","_metasync_otto_description":"Achetez le kit c\u00e2ble flottant 15m + flotteur pour robots 7320, Power 4.0 Plus. Remplace les anciens c\u00e2bles 33301 avec flotteur int\u00e9gr\u00e9. Commandez maintenant.","_metasync_otto_keywords":"","_metasync_otto_og_title":"","_metasync_otto_og_description":"","_metasync_otto_twitter_title":"","_metasync_otto_twitter_description":"","rank_math_title":"","rank_math_description":"","_yoast_wpseo_title":"","_yoast_wpseo_metadesc":"","_aioseo_title":"","_aioseo_description":"","_metasync_seo_title":"","_metasync_seo_desc":"","_metasync_breadcrumb_title":"","_metasync_primary_category":0,"_metasync_primary_product_cat":0,"_metasync_otto_disabled":"","_metasync_hreflang":"","_metasync_plugin_sync_ts":"","_metasync_robots_advanced":""},"product_brand":[],"product_cat":[145],"product_tag":[],"class_list":{"0":"post-20784","1":"product","2":"type-product","3":"status-publish","4":"has-post-thumbnail","6":"product_cat-pieces-detachees-robot-7320","7":"_wholesalex wsx-wholesalex-product","9":"first","10":"instock","11":"taxable","12":"shipping-taxable","13":"purchasable","14":"product-type-simple"},"_links":{"self":[{"href":"https:\/\/8streme.eu\/hu\/wp-json\/wp\/v2\/product\/20784","targetHints":{"allow":["GET"]}}],"collection":[{"href":"https:\/\/8streme.eu\/hu\/wp-json\/wp\/v2\/product"}],"about":[{"href":"https:\/\/8streme.eu\/hu\/wp-json\/wp\/v2\/types\/product"}],"version-history":[{"count":6,"href":"https:\/\/8streme.eu\/hu\/wp-json\/wp\/v2\/product\/20784\/revisions"}],"predecessor-version":[{"id":28042,"href":"https:\/\/8streme.eu\/hu\/wp-json\/wp\/v2\/product\/20784\/revisions\/28042"}],"wp:featuredmedia":[{"embeddable":true,"href":"https:\/\/8streme.eu\/hu\/wp-json\/wp\/v2\/media\/32425"}],"wp:attachment":[{"href":"https:\/\/8streme.eu\/hu\/wp-json\/wp\/v2\/media?parent=20784"}],"wp:term":[{"taxonomy":"product_brand","embeddable":true,"href":"https:\/\/8streme.eu\/hu\/wp-json\/wp\/v2\/product_brand?post=20784"},{"taxonomy":"product_cat","embeddable":true,"href":"https:\/\/8streme.eu\/hu\/wp-json\/wp\/v2\/product_cat?post=20784"},{"taxonomy":"product_tag","embeddable":true,"href":"https:\/\/8streme.eu\/hu\/wp-json\/wp\/v2\/product_tag?post=20784"}],"curies":[{"name":"wp","href":"https:\/\/api.w.org\/{rel}","templated":true}]}}