{"id":19391,"date":"2020-08-18T10:57:25","date_gmt":"2020-08-18T08:57:25","guid":{"rendered":"http:\/\/8streme.eu\/?post_type=product&#038;p=19391"},"modified":"2023-07-11T15:19:46","modified_gmt":"2023-07-11T13:19:46","slug":"kerekek-4-db-feher-51170","status":"publish","type":"product","link":"https:\/\/8streme.eu\/hu\/produit\/roues-les-4-pieces-bleues-51170\/","title":{"rendered":"Kerekek, a 4 k\u00e9k darab - 51170"},"content":{"rendered":"<p>Kerekek, a 4 k\u00e9k darab - 51170<\/p>\n<p>Ez a term\u00e9k kompatibilis a 8STREME 5310 robotokkal.<\/p>","protected":false},"excerpt":{"rendered":"<p>Kerekek, a 4 k\u00e9k darab - 51170<\/p>\n<p>Ez a term\u00e9k kompatibilis a 8STREME 5310 robotokkal. <a href=\"https:\/\/8streme.eu\/hu\/produit\/roues-les-4-pieces-bleues-51170\/\">Olvass tov\u00e1bb<\/a><\/p>","protected":false},"featured_media":19393,"template":"","meta":{"_metasync_otto_title":"","_metasync_otto_description":"Roues bleues 4 pi\u00e8ces 51170 pour robots 8STREME 5310. Am\u00e9liorez la performance de votre robot avec ces roues de rechange de haute qualit\u00e9.","_metasync_otto_keywords":"","_metasync_otto_og_title":"","_metasync_otto_og_description":"","_metasync_otto_twitter_title":"","_metasync_otto_twitter_description":"","rank_math_title":"","rank_math_description":"","_yoast_wpseo_title":"","_yoast_wpseo_metadesc":"","_aioseo_title":"","_aioseo_description":"","_metasync_seo_title":"","_metasync_seo_desc":"","_metasync_breadcrumb_title":"","_metasync_primary_category":0,"_metasync_primary_product_cat":0,"_metasync_otto_disabled":"","_metasync_hreflang":"","_metasync_plugin_sync_ts":"","_metasync_robots_advanced":""},"product_brand":[],"product_cat":[313],"product_tag":[],"class_list":{"0":"post-19391","1":"product","2":"type-product","3":"status-publish","4":"has-post-thumbnail","6":"product_cat-pieces-detachees-robot-5310","7":"_wholesalex wsx-wholesalex-product","9":"first","10":"instock","11":"taxable","12":"shipping-taxable","13":"purchasable","14":"product-type-simple"},"_links":{"self":[{"href":"https:\/\/8streme.eu\/hu\/wp-json\/wp\/v2\/product\/19391","targetHints":{"allow":["GET"]}}],"collection":[{"href":"https:\/\/8streme.eu\/hu\/wp-json\/wp\/v2\/product"}],"about":[{"href":"https:\/\/8streme.eu\/hu\/wp-json\/wp\/v2\/types\/product"}],"version-history":[{"count":3,"href":"https:\/\/8streme.eu\/hu\/wp-json\/wp\/v2\/product\/19391\/revisions"}],"predecessor-version":[{"id":28151,"href":"https:\/\/8streme.eu\/hu\/wp-json\/wp\/v2\/product\/19391\/revisions\/28151"}],"wp:featuredmedia":[{"embeddable":true,"href":"https:\/\/8streme.eu\/hu\/wp-json\/wp\/v2\/media\/19393"}],"wp:attachment":[{"href":"https:\/\/8streme.eu\/hu\/wp-json\/wp\/v2\/media?parent=19391"}],"wp:term":[{"taxonomy":"product_brand","embeddable":true,"href":"https:\/\/8streme.eu\/hu\/wp-json\/wp\/v2\/product_brand?post=19391"},{"taxonomy":"product_cat","embeddable":true,"href":"https:\/\/8streme.eu\/hu\/wp-json\/wp\/v2\/product_cat?post=19391"},{"taxonomy":"product_tag","embeddable":true,"href":"https:\/\/8streme.eu\/hu\/wp-json\/wp\/v2\/product_tag?post=19391"}],"curies":[{"name":"wp","href":"https:\/\/api.w.org\/{rel}","templated":true}]}}