{"id":19291,"date":"2020-08-07T16:35:43","date_gmt":"2020-08-07T14:35:43","guid":{"rendered":"http:\/\/8streme.eu\/?post_type=product&#038;p=19291"},"modified":"2023-07-11T15:22:55","modified_gmt":"2023-07-11T13:22:55","slug":"szivattyu-kimeneti-szelep-szerelveny-51430","status":"publish","type":"product","link":"https:\/\/8streme.eu\/hu\/produit\/ensemble-de-clapets-de-sortie-de-pompe-51430\/","title":{"rendered":"Szivatty\u00fa kimeneti szelep szerelv\u00e9ny - 51430"},"content":{"rendered":"<p>Szivatty\u00fa kimeneti szelep szerelv\u00e9ny - 51430<\/p>\n<p>Ez a term\u00e9k kompatibilis a 8STREME 5310 robotokkal.<\/p>\n<div id=\"gtx-trans\" style=\"position: absolute; left: -211px; top: 0px;\">\n<div class=\"gtx-trans-icon\"><\/div>\n<\/div>","protected":false},"excerpt":{"rendered":"<p>Szivatty\u00fa kimeneti szelep szerelv\u00e9ny - 51430<\/p>\n<p>Ez a term\u00e9k kompatibilis a 8STREME 5310 robotokkal. <a href=\"https:\/\/8streme.eu\/hu\/produit\/ensemble-de-clapets-de-sortie-de-pompe-51430\/\">Olvass tov\u00e1bb<\/a><\/p>","protected":false},"featured_media":19294,"template":"","meta":{"_metasync_otto_title":"Ensemble de clapets de sortie pour robots 8STREME 5310","_metasync_otto_description":"Ensemble de clapets de sortie de pompe - 51430 pour robots 8STREME 5310. Pi\u00e8ce de rechange de qualit\u00e9 pour une performance optimale.","_metasync_otto_keywords":"","_metasync_otto_og_title":"","_metasync_otto_og_description":"","_metasync_otto_twitter_title":"","_metasync_otto_twitter_description":"","rank_math_title":"","rank_math_description":"","_yoast_wpseo_title":"","_yoast_wpseo_metadesc":"","_aioseo_title":"","_aioseo_description":"","_metasync_seo_title":"","_metasync_seo_desc":"","_metasync_breadcrumb_title":"","_metasync_primary_category":0,"_metasync_primary_product_cat":0,"_metasync_otto_disabled":"","_metasync_hreflang":"","_metasync_plugin_sync_ts":"","_metasync_robots_advanced":""},"product_brand":[],"product_cat":[313],"product_tag":[],"class_list":{"0":"post-19291","1":"product","2":"type-product","3":"status-publish","4":"has-post-thumbnail","6":"product_cat-pieces-detachees-robot-5310","7":"_wholesalex wsx-wholesalex-product","9":"first","10":"instock","11":"taxable","12":"shipping-taxable","13":"purchasable","14":"product-type-simple"},"_links":{"self":[{"href":"https:\/\/8streme.eu\/hu\/wp-json\/wp\/v2\/product\/19291","targetHints":{"allow":["GET"]}}],"collection":[{"href":"https:\/\/8streme.eu\/hu\/wp-json\/wp\/v2\/product"}],"about":[{"href":"https:\/\/8streme.eu\/hu\/wp-json\/wp\/v2\/types\/product"}],"version-history":[{"count":2,"href":"https:\/\/8streme.eu\/hu\/wp-json\/wp\/v2\/product\/19291\/revisions"}],"predecessor-version":[{"id":28154,"href":"https:\/\/8streme.eu\/hu\/wp-json\/wp\/v2\/product\/19291\/revisions\/28154"}],"wp:featuredmedia":[{"embeddable":true,"href":"https:\/\/8streme.eu\/hu\/wp-json\/wp\/v2\/media\/19294"}],"wp:attachment":[{"href":"https:\/\/8streme.eu\/hu\/wp-json\/wp\/v2\/media?parent=19291"}],"wp:term":[{"taxonomy":"product_brand","embeddable":true,"href":"https:\/\/8streme.eu\/hu\/wp-json\/wp\/v2\/product_brand?post=19291"},{"taxonomy":"product_cat","embeddable":true,"href":"https:\/\/8streme.eu\/hu\/wp-json\/wp\/v2\/product_cat?post=19291"},{"taxonomy":"product_tag","embeddable":true,"href":"https:\/\/8streme.eu\/hu\/wp-json\/wp\/v2\/product_tag?post=19291"}],"curies":[{"name":"wp","href":"https:\/\/api.w.org\/{rel}","templated":true}]}}