{"id":19214,"date":"2020-07-30T18:20:49","date_gmt":"2020-07-30T16:20:49","guid":{"rendered":"http:\/\/8streme.eu\/?post_type=product&#038;p=19214"},"modified":"2023-07-11T15:18:27","modified_gmt":"2023-07-11T13:18:27","slug":"13m-uszo-kabelkeszlet-uszo-forgocsavarral-33291-20-35011","status":"publish","type":"product","link":"https:\/\/8streme.eu\/hu\/produit\/kit-cable-flottant-long-13m-flotteur-avec-raccord-tournant-33291-20-35011\/","title":{"rendered":"13 m \u00fasz\u00f3 k\u00e1belk\u00e9szlet + \u00fasz\u00f3 forg\u00f3csavarral (33291-20 + 35011)."},"content":{"rendered":"<p>13 m \u00fasz\u00f3 k\u00e1belk\u00e9szlet + \u00fasz\u00f3 forg\u00f3csavarral (33291-20 + 35011).<\/p>\n<p>(A r\u00e9gebbi, 33291-es, be\u00e9p\u00edtett \u00fasz\u00f3val ell\u00e1tott k\u00e1belmodelleket helyettes\u00edti)<\/p>\n<p>Ez a term\u00e9k kompatibilis a 8STREME 5310, 8STREME 7310, Black Pearl, Catfish, I-Qualer, Klinwass, Lynx ES10, Malibu, Pontaqua Phantom, Power 4.0, Remora, Scooby, Tebas robotok ...<\/p>\n<p><a href=\"https:\/\/www.youtube.com\/watch?v=3PPJU9pLre0&amp;list=PLWoiTHw_wDWv8tDa7QGiQrazACbyhJHXd&amp;index=15\">K\u00e1belcsatlakoz\u00e1s vide\u00f3<\/a><\/p>\n<p><a href=\"https:\/\/www.youtube.com\/watch?v=Wm1gVmIjdDs\">Csatlakoztassa a videok\u00e1beleket<\/a><\/p>","protected":false},"excerpt":{"rendered":"<p>13 m \u00fasz\u00f3 k\u00e1belk\u00e9szlet + \u00fasz\u00f3 forg\u00f3csavarral (33291-20 + 35011).<\/p>\n<p>A r\u00e9gebbi 33291-es, be\u00e9p\u00edtett \u00fasz\u00f3val ell\u00e1tott k\u00e1belmodelleket helyettes\u00edti.<\/p>\n<p>Ce produit est compatible avec les robots 8STREME 5310, 8STREME 7310, Black Pearl, Catfish, I-Qualer, Klinwass, Lynx ES10, Malibu, Pontaqua Phantom, Power 4.0, Remora, Scooby, Tebas &#8230; &hellip; <a href=\"https:\/\/8streme.eu\/hu\/produit\/kit-cable-flottant-long-13m-flotteur-avec-raccord-tournant-33291-20-35011\/\">Olvass tov\u00e1bb<\/a><\/p>","protected":false},"featured_media":19215,"template":"","meta":{"_metasync_otto_title":"Kit de C\u00e2ble Flottant Long avec Flotteur - 8STREME Robots","_metasync_otto_description":"Mettez \u00e0 jour vos anciens c\u00e2bles par ce kit c\u00e2ble flottant de 13m. Compatible avec divers robots de piscine. Faites le changement d\u00e8s maintenant!","_metasync_otto_keywords":"","_metasync_otto_og_title":"","_metasync_otto_og_description":"","_metasync_otto_twitter_title":"","_metasync_otto_twitter_description":"","rank_math_title":"","rank_math_description":"","_yoast_wpseo_title":"","_yoast_wpseo_metadesc":"","_aioseo_title":"","_aioseo_description":"","_metasync_seo_title":"","_metasync_seo_desc":"","_metasync_breadcrumb_title":"","_metasync_primary_category":0,"_metasync_primary_product_cat":0,"_metasync_otto_disabled":"","_metasync_hreflang":"","_metasync_plugin_sync_ts":"","_metasync_robots_advanced":""},"product_brand":[],"product_cat":[313,173],"product_tag":[],"class_list":{"0":"post-19214","1":"product","2":"type-product","3":"status-publish","4":"has-post-thumbnail","6":"product_cat-pieces-detachees-robot-5310","7":"product_cat-pieces-detachees-robot-7310-19","8":"_wholesalex wsx-wholesalex-product","10":"first","11":"instock","12":"taxable","13":"shipping-taxable","14":"purchasable","15":"product-type-simple"},"_links":{"self":[{"href":"https:\/\/8streme.eu\/hu\/wp-json\/wp\/v2\/product\/19214","targetHints":{"allow":["GET"]}}],"collection":[{"href":"https:\/\/8streme.eu\/hu\/wp-json\/wp\/v2\/product"}],"about":[{"href":"https:\/\/8streme.eu\/hu\/wp-json\/wp\/v2\/types\/product"}],"version-history":[{"count":6,"href":"https:\/\/8streme.eu\/hu\/wp-json\/wp\/v2\/product\/19214\/revisions"}],"predecessor-version":[{"id":28147,"href":"https:\/\/8streme.eu\/hu\/wp-json\/wp\/v2\/product\/19214\/revisions\/28147"}],"wp:featuredmedia":[{"embeddable":true,"href":"https:\/\/8streme.eu\/hu\/wp-json\/wp\/v2\/media\/19215"}],"wp:attachment":[{"href":"https:\/\/8streme.eu\/hu\/wp-json\/wp\/v2\/media?parent=19214"}],"wp:term":[{"taxonomy":"product_brand","embeddable":true,"href":"https:\/\/8streme.eu\/hu\/wp-json\/wp\/v2\/product_brand?post=19214"},{"taxonomy":"product_cat","embeddable":true,"href":"https:\/\/8streme.eu\/hu\/wp-json\/wp\/v2\/product_cat?post=19214"},{"taxonomy":"product_tag","embeddable":true,"href":"https:\/\/8streme.eu\/hu\/wp-json\/wp\/v2\/product_tag?post=19214"}],"curies":[{"name":"wp","href":"https:\/\/api.w.org\/{rel}","templated":true}]}}