{"id":18898,"date":"2020-06-09T14:43:31","date_gmt":"2020-06-09T12:43:31","guid":{"rendered":"http:\/\/8streme.eu\/?post_type=product&#038;p=18898"},"modified":"2023-07-11T12:18:59","modified_gmt":"2023-07-11T10:18:59","slug":"forgathato-kefe-51490","status":"publish","type":"product","link":"https:\/\/8streme.eu\/hu\/produit\/brosse-pivotante-51490\/","title":{"rendered":"Forgathat\u00f3 kefe - 51490"},"content":{"rendered":"<p>Forgathat\u00f3 kefe - 51490<\/p>\n<p>Ez a term\u00e9k kompatibilis a 8STREME 5212, 8STREME 5222, King Crab ...<\/p>","protected":false},"excerpt":{"rendered":"<p>Forgathat\u00f3 kefe - 51490<\/p>\n<p>Ce produit est compatible avec les robots 8STREME 5212, 8STREME 5222, King Crab &#8230; &hellip; <a href=\"https:\/\/8streme.eu\/hu\/produit\/brosse-pivotante-51490\/\">Olvass tov\u00e1bb<\/a><\/p>","protected":false},"featured_media":18935,"template":"","meta":{"_metasync_otto_title":"","_metasync_otto_description":"Brosse pivotante compatible avec les robots 8STREME 5212, 8STREME 5222, King Crab. Pi\u00e8ce d\u00e9tach\u00e9e id\u00e9ale pour maintenir la performance de votre robot.","_metasync_otto_keywords":"","_metasync_otto_og_title":"","_metasync_otto_og_description":"","_metasync_otto_twitter_title":"","_metasync_otto_twitter_description":"","rank_math_title":"","rank_math_description":"","_yoast_wpseo_title":"","_yoast_wpseo_metadesc":"","_aioseo_title":"","_aioseo_description":"","_metasync_seo_title":"","_metasync_seo_desc":"","_metasync_breadcrumb_title":"","_metasync_primary_category":0,"_metasync_primary_product_cat":0,"_metasync_otto_disabled":"","_metasync_hreflang":"","_metasync_plugin_sync_ts":"","_metasync_robots_advanced":""},"product_brand":[],"product_cat":[260,261],"product_tag":[],"class_list":{"0":"post-18898","1":"product","2":"type-product","3":"status-publish","4":"has-post-thumbnail","6":"product_cat-pieces-detachees-robot-5212","7":"product_cat-pieces-detachees-robot-5222","8":"_wholesalex wsx-wholesalex-product","10":"first","11":"instock","12":"taxable","13":"shipping-taxable","14":"purchasable","15":"product-type-simple"},"_links":{"self":[{"href":"https:\/\/8streme.eu\/hu\/wp-json\/wp\/v2\/product\/18898","targetHints":{"allow":["GET"]}}],"collection":[{"href":"https:\/\/8streme.eu\/hu\/wp-json\/wp\/v2\/product"}],"about":[{"href":"https:\/\/8streme.eu\/hu\/wp-json\/wp\/v2\/types\/product"}],"version-history":[{"count":4,"href":"https:\/\/8streme.eu\/hu\/wp-json\/wp\/v2\/product\/18898\/revisions"}],"predecessor-version":[{"id":28110,"href":"https:\/\/8streme.eu\/hu\/wp-json\/wp\/v2\/product\/18898\/revisions\/28110"}],"wp:featuredmedia":[{"embeddable":true,"href":"https:\/\/8streme.eu\/hu\/wp-json\/wp\/v2\/media\/18935"}],"wp:attachment":[{"href":"https:\/\/8streme.eu\/hu\/wp-json\/wp\/v2\/media?parent=18898"}],"wp:term":[{"taxonomy":"product_brand","embeddable":true,"href":"https:\/\/8streme.eu\/hu\/wp-json\/wp\/v2\/product_brand?post=18898"},{"taxonomy":"product_cat","embeddable":true,"href":"https:\/\/8streme.eu\/hu\/wp-json\/wp\/v2\/product_cat?post=18898"},{"taxonomy":"product_tag","embeddable":true,"href":"https:\/\/8streme.eu\/hu\/wp-json\/wp\/v2\/product_tag?post=18898"}],"curies":[{"name":"wp","href":"https:\/\/api.w.org\/{rel}","templated":true}]}}