{"id":1782,"date":"2018-03-15T10:01:52","date_gmt":"2018-03-15T09:01:52","guid":{"rendered":"http:\/\/8streme.eu\/?post_type=product&#038;p=1782"},"modified":"2025-02-20T16:40:30","modified_gmt":"2025-02-20T15:40:30","slug":"szivattyu-kimeneti-szelep-keszlet-fekete-51240","status":"publish","type":"product","link":"https:\/\/8streme.eu\/hu\/produit\/ensemble-de-clapets-de-sortie-de-pompe-couleur-noire-51240\/","title":{"rendered":"Szivatty\u00fa kimeneti szelepek k\u00e9szlete. Fekete - 51240"},"content":{"rendered":"<p>Szivatty\u00fa kimeneti szelepek k\u00e9szlete. Fekete - 51240<\/p>\n<p>Ez a term\u00e9k kompatibilis a 8STREME 5220-LUNA 10, 8STREME 5222, Black Coral, Jellyfish ...<\/p>","protected":false},"excerpt":{"rendered":"<p>Szivatty\u00fa kimeneti szelepek k\u00e9szlete. Fekete - 51240<\/p>\n<p>Ce produit est compatible avec les robots 8STREME 5220-LUNA 10, 8STREME 5222, Black Coral, Jellyfish &#8230; &hellip; <a href=\"https:\/\/8streme.eu\/hu\/produit\/ensemble-de-clapets-de-sortie-de-pompe-couleur-noire-51240\/\">Olvass tov\u00e1bb<\/a><\/p>","protected":false},"featured_media":1783,"template":"","meta":{"_metasync_otto_title":"Clapets de sortie de pompe noirs pour robot 8streme","_metasync_otto_description":"Ensemble de clapets de sortie de pompe compatible avec les robots 8STREME 5220-LUNA 10, 8STREME 5222, Black Coral, Jellyfish. Disponible pour 17,05\u20ac.","_metasync_otto_keywords":"","_metasync_otto_og_title":"","_metasync_otto_og_description":"","_metasync_otto_twitter_title":"","_metasync_otto_twitter_description":"","rank_math_title":"","rank_math_description":"","_yoast_wpseo_title":"","_yoast_wpseo_metadesc":"","_aioseo_title":"","_aioseo_description":"","_metasync_seo_title":"","_metasync_seo_desc":"","_metasync_breadcrumb_title":"","_metasync_primary_category":0,"_metasync_primary_product_cat":0,"_metasync_otto_disabled":"","_metasync_hreflang":"","_metasync_plugin_sync_ts":"","_metasync_robots_advanced":""},"product_brand":[],"product_cat":[59,314,261],"product_tag":[],"class_list":{"0":"post-1782","1":"product","2":"type-product","3":"status-publish","4":"has-post-thumbnail","6":"product_cat-pieces-detachees-robot-5220-luna10","7":"product_cat-pieces-detachees-robot-5220-luna10-v19","8":"product_cat-pieces-detachees-robot-5222","9":"_wholesalex wsx-wholesalex-product","11":"first","12":"instock","13":"taxable","14":"shipping-taxable","15":"purchasable","16":"product-type-simple"},"_links":{"self":[{"href":"https:\/\/8streme.eu\/hu\/wp-json\/wp\/v2\/product\/1782","targetHints":{"allow":["GET"]}}],"collection":[{"href":"https:\/\/8streme.eu\/hu\/wp-json\/wp\/v2\/product"}],"about":[{"href":"https:\/\/8streme.eu\/hu\/wp-json\/wp\/v2\/types\/product"}],"version-history":[{"count":3,"href":"https:\/\/8streme.eu\/hu\/wp-json\/wp\/v2\/product\/1782\/revisions"}],"predecessor-version":[{"id":28135,"href":"https:\/\/8streme.eu\/hu\/wp-json\/wp\/v2\/product\/1782\/revisions\/28135"}],"wp:featuredmedia":[{"embeddable":true,"href":"https:\/\/8streme.eu\/hu\/wp-json\/wp\/v2\/media\/1783"}],"wp:attachment":[{"href":"https:\/\/8streme.eu\/hu\/wp-json\/wp\/v2\/media?parent=1782"}],"wp:term":[{"taxonomy":"product_brand","embeddable":true,"href":"https:\/\/8streme.eu\/hu\/wp-json\/wp\/v2\/product_brand?post=1782"},{"taxonomy":"product_cat","embeddable":true,"href":"https:\/\/8streme.eu\/hu\/wp-json\/wp\/v2\/product_cat?post=1782"},{"taxonomy":"product_tag","embeddable":true,"href":"https:\/\/8streme.eu\/hu\/wp-json\/wp\/v2\/product_tag?post=1782"}],"curies":[{"name":"wp","href":"https:\/\/api.w.org\/{rel}","templated":true}]}}