{"id":1652,"date":"2018-03-14T16:55:04","date_gmt":"2018-03-14T15:55:04","guid":{"rendered":"http:\/\/8streme.eu\/?post_type=product&#038;p=1652"},"modified":"2024-09-13T14:41:31","modified_gmt":"2024-09-13T12:41:31","slug":"gorgos-csovek-2-db-keszletben-51050","status":"publish","type":"product","link":"https:\/\/8streme.eu\/hu\/produit\/tubes-a-rouleaux-2-pcs-sur-lensemble-51050\/","title":{"rendered":"G\u00f6rg\u0151s cs\u00f6vek. 2 db k\u00e9szletben - 51050"},"content":{"rendered":"<p>G\u00f6rg\u0151s cs\u00f6vek. 2 db k\u00e9szletben - 51050<\/p>\n<p>Ez a term\u00e9k kompatibilis a 8STREME 5200-J2X, 8STREME 5210-J200, 8STREME 5212, 8STREME 5220-LUNA 10, 8STREME 5222, Black Coral, Jellyfish, King Crab, Snapper ...<\/p>","protected":false},"excerpt":{"rendered":"<p>G\u00f6rg\u0151s cs\u00f6vek. 2 db k\u00e9szletben - 51050<\/p>\n<p>Ce produit est compatible avec les robots 8STREME 5200-J2X, 8STREME 5210-J200, 8STREME 5212, 8STREME 5220-LUNA 10, 8STREME 5222, Black Coral, Jellyfish, King Crab, Snapper &#8230; &hellip; <a href=\"https:\/\/8streme.eu\/hu\/produit\/tubes-a-rouleaux-2-pcs-sur-lensemble-51050\/\">Olvass tov\u00e1bb<\/a><\/p>","protected":false},"featured_media":32474,"template":"","meta":{"_metasync_otto_title":"Tubes \u00e0 rouleaux 2 pcs pour robots 8STREME - 51050","_metasync_otto_description":"Tubes \u00e0 rouleaux en ensemble de 2 pi\u00e8ces compatibles avec divers robots, dont 8STREME 5200-J2X, 5210-J200, 5212, etc. Id\u00e9al pour la maintenance.","_metasync_otto_keywords":"","_metasync_otto_og_title":"","_metasync_otto_og_description":"","_metasync_otto_twitter_title":"","_metasync_otto_twitter_description":"","rank_math_title":"","rank_math_description":"","_yoast_wpseo_title":"","_yoast_wpseo_metadesc":"","_aioseo_title":"","_aioseo_description":"","_metasync_seo_title":"","_metasync_seo_desc":"","_metasync_breadcrumb_title":"","_metasync_primary_category":0,"_metasync_primary_product_cat":0,"_metasync_otto_disabled":"","_metasync_hreflang":"","_metasync_plugin_sync_ts":"","_metasync_robots_advanced":""},"product_brand":[],"product_cat":[44,58,260,59,314,261],"product_tag":[],"class_list":{"0":"post-1652","1":"product","2":"type-product","3":"status-publish","4":"has-post-thumbnail","6":"product_cat-pieces-detachees-robot-5200-j2x","7":"product_cat-pieces-detachees-robot-5210-j200","8":"product_cat-pieces-detachees-robot-5212","9":"product_cat-pieces-detachees-robot-5220-luna10","10":"product_cat-pieces-detachees-robot-5220-luna10-v19","11":"product_cat-pieces-detachees-robot-5222","12":"_wholesalex wsx-wholesalex-product","14":"first","15":"instock","16":"taxable","17":"shipping-taxable","18":"purchasable","19":"product-type-simple"},"_links":{"self":[{"href":"https:\/\/8streme.eu\/hu\/wp-json\/wp\/v2\/product\/1652","targetHints":{"allow":["GET"]}}],"collection":[{"href":"https:\/\/8streme.eu\/hu\/wp-json\/wp\/v2\/product"}],"about":[{"href":"https:\/\/8streme.eu\/hu\/wp-json\/wp\/v2\/types\/product"}],"version-history":[{"count":8,"href":"https:\/\/8streme.eu\/hu\/wp-json\/wp\/v2\/product\/1652\/revisions"}],"predecessor-version":[{"id":28083,"href":"https:\/\/8streme.eu\/hu\/wp-json\/wp\/v2\/product\/1652\/revisions\/28083"}],"wp:featuredmedia":[{"embeddable":true,"href":"https:\/\/8streme.eu\/hu\/wp-json\/wp\/v2\/media\/32474"}],"wp:attachment":[{"href":"https:\/\/8streme.eu\/hu\/wp-json\/wp\/v2\/media?parent=1652"}],"wp:term":[{"taxonomy":"product_brand","embeddable":true,"href":"https:\/\/8streme.eu\/hu\/wp-json\/wp\/v2\/product_brand?post=1652"},{"taxonomy":"product_cat","embeddable":true,"href":"https:\/\/8streme.eu\/hu\/wp-json\/wp\/v2\/product_cat?post=1652"},{"taxonomy":"product_tag","embeddable":true,"href":"https:\/\/8streme.eu\/hu\/wp-json\/wp\/v2\/product_tag?post=1652"}],"curies":[{"name":"wp","href":"https:\/\/api.w.org\/{rel}","templated":true}]}}