{"id":1584,"date":"2018-03-14T16:26:07","date_gmt":"2018-03-14T15:26:07","guid":{"rendered":"http:\/\/8streme.eu\/?post_type=product&#038;p=1584"},"modified":"2024-09-13T10:03:11","modified_gmt":"2024-09-13T08:03:11","slug":"szuropanel-51001","status":"publish","type":"product","link":"https:\/\/8streme.eu\/hu\/produit\/panneau-filtrant-51001\/","title":{"rendered":"Sz\u0171r\u0151panel - 51001"},"content":{"rendered":"<p>Sz\u0171r\u0151panel - 51001<\/p>\n<p>Ez a term\u00e9k kompatibilis a 8STREME 5220-LUNA 10, 8STREME 5222, Black Coral, Jellyfish ...<\/p>\n<p><a href=\"https:\/\/www.youtube.com\/watch?v=BIZdHMCMsDQ&amp;list=PLWoiTHw_wDWui0WuFoqDcDC5flkTzWiag&amp;index=2\">Vegye ki \u00e9s cser\u00e9lje ki a sz\u0171r\u0151panelt <\/a><\/p>\n<p><a href=\"https:\/\/www.youtube.com\/watch?v=QpAjW3hwreU&amp;list=PLWoiTHw_wDWslD61mvTJxOUtIhnU-clkG&amp;index=4\">Vegye ki \u00e9s cser\u00e9lje ki a sz\u0171r\u0151panelt <\/a><\/p>","protected":false},"excerpt":{"rendered":"<p>Sz\u0171r\u0151panel - 51001<\/p>\n<p>Ce produit est compatible avec les robots 8STREME 5220-LUNA 10, 8STREME 5222, Black Coral, Jellyfish &#8230; &hellip; <a href=\"https:\/\/8streme.eu\/hu\/produit\/panneau-filtrant-51001\/\">Olvass tov\u00e1bb<\/a><\/p>","protected":false},"featured_media":32465,"template":"","meta":{"_metasync_otto_title":"","_metasync_otto_description":"Panneau filtrant pour robots 8STREME 5220-LUNA 10, 5222, Black Coral, Jellyfish. Remplacez-le pour une performance optimale.","_metasync_otto_keywords":"","_metasync_otto_og_title":"","_metasync_otto_og_description":"","_metasync_otto_twitter_title":"","_metasync_otto_twitter_description":"","rank_math_title":"","rank_math_description":"","_yoast_wpseo_title":"","_yoast_wpseo_metadesc":"","_aioseo_title":"","_aioseo_description":"","_metasync_seo_title":"","_metasync_seo_desc":"","_metasync_breadcrumb_title":"","_metasync_primary_category":0,"_metasync_primary_product_cat":0,"_metasync_otto_disabled":"","_metasync_hreflang":"","_metasync_plugin_sync_ts":"","_metasync_robots_advanced":""},"product_brand":[],"product_cat":[59,314,261],"product_tag":[],"class_list":{"0":"post-1584","1":"product","2":"type-product","3":"status-publish","4":"has-post-thumbnail","6":"product_cat-pieces-detachees-robot-5220-luna10","7":"product_cat-pieces-detachees-robot-5220-luna10-v19","8":"product_cat-pieces-detachees-robot-5222","9":"_wholesalex wsx-wholesalex-product","11":"first","12":"instock","13":"taxable","14":"shipping-taxable","15":"purchasable","16":"product-type-simple"},"_links":{"self":[{"href":"https:\/\/8streme.eu\/hu\/wp-json\/wp\/v2\/product\/1584","targetHints":{"allow":["GET"]}}],"collection":[{"href":"https:\/\/8streme.eu\/hu\/wp-json\/wp\/v2\/product"}],"about":[{"href":"https:\/\/8streme.eu\/hu\/wp-json\/wp\/v2\/types\/product"}],"version-history":[{"count":8,"href":"https:\/\/8streme.eu\/hu\/wp-json\/wp\/v2\/product\/1584\/revisions"}],"predecessor-version":[{"id":28130,"href":"https:\/\/8streme.eu\/hu\/wp-json\/wp\/v2\/product\/1584\/revisions\/28130"}],"wp:featuredmedia":[{"embeddable":true,"href":"https:\/\/8streme.eu\/hu\/wp-json\/wp\/v2\/media\/32465"}],"wp:attachment":[{"href":"https:\/\/8streme.eu\/hu\/wp-json\/wp\/v2\/media?parent=1584"}],"wp:term":[{"taxonomy":"product_brand","embeddable":true,"href":"https:\/\/8streme.eu\/hu\/wp-json\/wp\/v2\/product_brand?post=1584"},{"taxonomy":"product_cat","embeddable":true,"href":"https:\/\/8streme.eu\/hu\/wp-json\/wp\/v2\/product_cat?post=1584"},{"taxonomy":"product_tag","embeddable":true,"href":"https:\/\/8streme.eu\/hu\/wp-json\/wp\/v2\/product_tag?post=1584"}],"curies":[{"name":"wp","href":"https:\/\/api.w.org\/{rel}","templated":true}]}}