{"id":29388,"date":"2024-01-02T17:11:56","date_gmt":"2024-01-02T16:11:56","guid":{"rendered":"https:\/\/8streme.eu\/?page_id=29388"},"modified":"2024-01-02T17:12:31","modified_gmt":"2024-01-02T16:12:31","slug":"a-8streme-7310-8streme-7320-medencetisztito-mar-nem-indul-el","status":"publish","type":"page","link":"https:\/\/8streme.eu\/hu\/le-robot-piscine-8streme-7310-8streme-7320-ne-demarre-plus\/","title":{"rendered":"A 8STREME 7310, 8STREME 7320 SWIMMING POOL ROBOT m\u00e1r nem indul el."},"content":{"rendered":"<div data-elementor-type=\"wp-page\" data-elementor-id=\"29388\" class=\"elementor elementor-29388\" data-elementor-post-type=\"page\">\n\t\t\t\t\t\t<section class=\"elementor-section elementor-top-section elementor-element elementor-element-39da36e elementor-section-boxed elementor-section-height-default elementor-section-height-default\" data-id=\"39da36e\" data-element_type=\"section\" data-e-type=\"section\">\n\t\t\t\t\t\t<div class=\"elementor-container elementor-column-gap-default\">\n\t\t\t\t\t<div class=\"elementor-column elementor-col-100 elementor-top-column elementor-element elementor-element-5223eb9\" data-id=\"5223eb9\" data-element_type=\"column\" data-e-type=\"column\">\n\t\t\t<div class=\"elementor-widget-wrap elementor-element-populated\">\n\t\t\t\t\t\t<div class=\"elementor-element elementor-element-74f48e8 elementor-widget elementor-widget-text-editor\" data-id=\"74f48e8\" data-element_type=\"widget\" data-e-type=\"widget\" data-widget_type=\"text-editor.default\">\n\t\t\t\t<div class=\"elementor-widget-container\">\n\t\t\t\t\t\t\t\t\t<p style=\"font-weight: 400;\">Nem indul a 8STREME 7310, 8STREME 7320 \u00daSZ\u00d3PAD ROBOTOM? Nem m\u0171k\u00f6dik? Nem m\u0171k\u00f6dik? Nem kapcsol be? \u00a0<\/p><p style=\"font-weight: 400;\">\u00a0<\/p><h1>1\/ Ellen\u0151rizze a t\u00e1pegys\u00e9get<\/h1><p style=\"font-weight: 400;\">K\u00e9rj\u00fck, ellen\u0151rizze, hogy a transzform\u00e1tor m\u0171k\u00f6dik-e.<\/p><p style=\"font-weight: 400;\">A transzform\u00e1tor csatlakoztat\u00e1sakor a k\u00e9k LED folyamatosan vil\u00e1g\u00edt, jelezve, hogy a t\u00e1pegys\u00e9g rendesen m\u0171k\u00f6dik.<\/p><p style=\"font-weight: 400;\">Ha a LED nem vil\u00e1g\u00edt, a transzform\u00e1tor nincs bekapcsolva.<\/p><p style=\"font-weight: 400;\">Ellen\u0151rizze, hogy a fali aljzat \u00e1ram alatt van-e. Ha igen, akkor val\u00f3sz\u00edn\u0171leg ki kell cser\u00e9lni a transzform\u00e1tort.<\/p><p style=\"font-weight: 400;\">\u00a0<\/p><p style=\"font-weight: 400;\">Amikor a k\u00e9k f\u00e9ny vil\u00e1g\u00edt, a transzform\u00e1tor oldal\u00e1n l\u00e9v\u0151 kapcsol\u00f3t jobbra ford\u00edthatja, majd a fenti bekapcsol\u00f3gombra kattintva elind\u00edthatja. A piros f\u00e9nynek fel kell gyulladnia, hogy jelezze a tiszt\u00edt\u00e1si ciklus megkezd\u0151d\u00f6tt, \u00e9s a ciklus befejez\u00e9s\u00e9ig vil\u00e1g\u00edt.<\/p><p style=\"font-weight: 400;\">Link a 8STREME 7310, 8STREME 7320 \u00daSZ\u00c1SPAD ROBOT-hoz:<\/p><p style=\"font-weight: 400;\"><a href=\"https:\/\/www.youtube.com\/watch?v=8Bwj47cupHI&amp;list=PLWoiTHw_wDWv8tDa7QGiQrazACbyhJHXd&amp;index=14\">https:\/\/www.youtube.com\/watch?v=8Bwj47cupHI&amp;list=PLWoiTHw_wDWv8tDa7QGiQrazACbyhJHXd&amp;index=14<\/a><\/p><p style=\"font-weight: 400;\">Ha a l\u00e1mpa \u00e9gve marad, \u00e9s a piros l\u00e1mpa nem vil\u00e1g\u00edt, a transzform\u00e1tor nincs bekapcsolva.<\/p><p style=\"font-weight: 400;\">Ellen\u0151rizze, hogy a fali aljzat \u00e1ram alatt van-e. Ha igen, akkor val\u00f3sz\u00edn\u0171leg ki kell cser\u00e9lni a transzform\u00e1tort.<\/p><p style=\"font-weight: 400;\">Ha mindk\u00e9t LED kialszik, akkor a t\u00e1pegys\u00e9ggel vagy a csatlakoz\u00e1ssal van probl\u00e9ma. Ellen\u0151rizze, hogy a k\u00e1belcsatlakoz\u00e1sok megfelel\u0151ek, v\u00edzz\u00e1r\u00f3ak \u00e9s a megfelel\u0151 ir\u00e1nyban vannak-e behelyezve.<\/p><p style=\"font-weight: 400;\">\u00a0<\/p><h1>2\/ Ellen\u0151rizze az elektromos csatlakoz\u00e1st<\/h1><p style=\"font-weight: 400;\">Ha a transzform\u00e1toron a k\u00e9k \u00e9s a piros l\u00e1mpa vil\u00e1g\u00edt, de az \u00fasz\u00f3n l\u00e9v\u0151 l\u00e1mp\u00e1k nem vil\u00e1g\u00edtanak, ellen\u0151rizze, hogy a k\u00e1belcsatlakoz\u00e1sok megfelel\u0151ek, v\u00edzz\u00e1r\u00f3ak \u00e9s helyesen vannak-e behelyezve.<\/p><p style=\"font-weight: 400;\">Link a 8STREME ROBOT SWIMMING POOL kapcsolathoz\u00a0<strong>7310, 8STREME 7320<\/strong><strong>\u00a0:\u00a0<\/strong><a href=\"https:\/\/www.youtube.com\/watch?v=3PPJU9pLre0&amp;list=PLWoiTHw_wDWv8tDa7QGiQrazACbyhJHXd&amp;index=15\">https:\/\/www.youtube.com\/watch?v=3PPJU9pLre0&amp;list=PLWoiTHw_wDWv8tDa7QGiQrazACbyhJHXd&amp;index=15<\/a><\/p><p style=\"font-weight: 400;\">Ha a k\u00e1belek megfelel\u0151en csatlakoztatva vannak, az \u00fasz\u00f3n l\u00e9v\u0151 k\u00e9k LED folyamatosan vil\u00e1g\u00edt, jelezve, hogy az \u00e1ram el\u00e9ri az \u00fasz\u00f3t.<\/p><p style=\"font-weight: 400;\">Ha nem vil\u00e1g\u00edt a l\u00e1mpa, akkor az \u00fasz\u00f3 nem kap \u00e1ramot.<\/p><p style=\"font-weight: 400;\">Ellen\u0151rizze, hogy bekapcsolta-e a transzform\u00e1tort, \u00e9s hogy a transzform\u00e1tor \u00e9s a lebeg\u0151 k\u00e1bel megfelel\u0151en van-e csatlakoztatva a transzform\u00e1tor \u00e9s a lebeg\u0151 k\u00f6z\u00f6tt.<\/p><p style=\"font-weight: 400;\">Ha minden rendben van, akkor val\u00f3sz\u00edn\u0171leg az \u00fasz\u00f3k\u00e1belt vagy az \u00fasz\u00f3t kell kicser\u00e9lni.<\/p><p style=\"font-weight: 400;\">\u00a0<\/p><p style=\"font-weight: 400;\">Ha a k\u00e9k l\u00e1mpa vil\u00e1g\u00edt, a z\u00f6ld l\u00e1mp\u00e1nak vil\u00e1g\u00edtania kell, amikor a robotszivatty\u00fa m\u0171k\u00f6dik. Ez a f\u00e9ny nem fog vil\u00e1g\u00edtani, amikor a ROBOT PISCINE 8STREME\u00a0<strong>7310, 8STREME 7320<\/strong><strong>\u00a0<\/strong>befejezte a tiszt\u00edt\u00e1si ciklust, vagy a k\u00e9sz\u00fcl\u00e9k m\u0171k\u00f6d\u00e9s\u00e9nek bizonyos f\u00e1zisaiban (pl. a falm\u00e1sz\u00e1s ut\u00e1n).<\/p><p style=\"font-weight: 400;\">Ha a z\u00f6ld l\u00e1mpa nem vil\u00e1g\u00edt, a robotszivatty\u00fa nincs bekapcsolva.<\/p><p style=\"font-weight: 400;\">Ellen\u0151rizze, hogy bekapcsolta-e a transzform\u00e1tort, \u00e9s hogy az \u00fasz\u00f3 \u00e9s a robot k\u00f6z\u00f6tti \u00fasz\u00f3k\u00e1bel megfelel\u0151en van-e csatlakoztatva. Az \u00fasz\u00f3 \u00e9s a robot k\u00f6z\u00f6tti \u00fasz\u00f3k\u00e1bel kicsavar\u00e1s\u00e1val ellen\u0151rizheti azt is, hogy az \u00fasz\u00f3 kimenet\u00e9n\u00e9l l\u00e9v\u0151 piros f\u00e9ny vil\u00e1g\u00edt-e.<\/p><p style=\"font-weight: 400;\">Ha a k\u00e9k \u00e9s a piros l\u00e1mpa vil\u00e1g\u00edt, de a z\u00f6ld l\u00e1mpa nem vil\u00e1g\u00edt, akkor ki kell cser\u00e9lni az \u00fasz\u00f3k\u00e1belt vagy az \u00fasz\u00f3t.<\/p><p style=\"font-weight: 400;\">Ha csak a k\u00e9k f\u00e9ny vil\u00e1g\u00edt, akkor val\u00f3sz\u00edn\u0171leg az \u00fasz\u00f3t kell kicser\u00e9lni.\u00a0<\/p><p style=\"font-weight: 400;\">\u00a0<\/p><p style=\"font-weight: 400;\">K\u00e9rj\u00fck, ellen\u0151rizze a csatlakoz\u00f3dug\u00f3k \u00e1llapot\u00e1t, hogy nem mutatj\u00e1k-e az oxid\u00e1ci\u00f3 jeleit. Ha egy dug\u00f3 oxid\u00e1l\u00f3dott, a cser\u00e9je er\u0151sen aj\u00e1nlott.<\/p><p style=\"font-weight: 400;\">\u00a0<\/p><h1>3\/ Vegye fel a kapcsolatot a kiskeresked\u0151j\u00e9vel vagy a 8STREME vev\u0151szolg\u00e1lat\u00e1val.<\/h1><p style=\"font-weight: 400;\">Ha a fenti ellen\u0151rz\u00e9sek egyike sem vezetett eredm\u00e9nyre, k\u00e9rj\u00fck, forduljon a keresked\u0151h\u00f6z vagy a 8STREME vev\u0151szolg\u00e1lathoz.<\/p><p>8STREME \u00fcgyf\u00e9lszolg\u00e1lat el\u00e9rhet\u0151s\u00e9gei :<\/p><p>8STREME \u00e9rt\u00e9kes\u00edt\u00e9s ut\u00e1ni szolg\u00e1ltat\u00e1s<\/p><p>6 RUE DES FRERES MICHELIN<\/p><p>10600 LA CHAPELLE SAINT LUC<\/p><p>FRANCIAORSZ\u00c1G<\/p><p>03 10 64 60 26<\/p><p><a href=\"mailto:service@8streme.eu\">service@8streme.eu<\/a><\/p>\t\t\t\t\t\t\t\t<\/div>\n\t\t\t\t<\/div>\n\t\t\t\t\t<\/div>\n\t\t<\/div>\n\t\t\t\t\t<\/div>\n\t\t<\/section>\n\t\t\t\t<\/div>","protected":false},"excerpt":{"rendered":"<p>Nem indul a 8STREME 7310, 8STREME 7320 \u00daSZ\u00d3PAD ROBOTOM? Nem m\u0171k\u00f6dik? Nem m\u0171k\u00f6dik? Nem kapcsol be?     1\/ Ellen\u0151rizze a t\u00e1pegys\u00e9get K\u00e9rj\u00fck, ellen\u0151rizze, hogy a transzform\u00e1tor m\u0171k\u00f6dik-e. Amikor csatlakoztatja a transzform\u00e1tort, a ... <a href=\"https:\/\/8streme.eu\/hu\/le-robot-piscine-8streme-7310-8streme-7320-ne-demarre-plus\/\">Olvass tov\u00e1bb<\/a><\/p>","protected":false},"author":5,"featured_media":0,"parent":0,"menu_order":0,"comment_status":"closed","ping_status":"closed","template":"","meta":{"_metasync_otto_title":"Solutions de d\u00e9pannage pour d\u00e9marrer le robot piscine.","_metasync_otto_description":"Solutions si robot piscine 8STREME 7310, 8STREME 7320 ne d\u00e9marre pas : v\u00e9rifiez transformateur, connexions et pompe pour bon fonctionnement.","_metasync_otto_keywords":"","_metasync_otto_og_title":"","_metasync_otto_og_description":"","_metasync_otto_twitter_title":"","_metasync_otto_twitter_description":"","rank_math_title":"","rank_math_description":"","_yoast_wpseo_title":"","_yoast_wpseo_metadesc":"","_aioseo_title":"","_aioseo_description":"","_metasync_seo_title":"","_metasync_seo_desc":"","_metasync_breadcrumb_title":"","_metasync_primary_category":0,"_metasync_primary_product_cat":0,"_metasync_otto_disabled":"","_metasync_hreflang":"","_metasync_plugin_sync_ts":"","_metasync_robots_advanced":"","footnotes":""},"class_list":["post-29388","page","type-page","status-publish","hentry","_wholesalex wsx-wholesalex-product"],"_links":{"self":[{"href":"https:\/\/8streme.eu\/hu\/wp-json\/wp\/v2\/pages\/29388","targetHints":{"allow":["GET"]}}],"collection":[{"href":"https:\/\/8streme.eu\/hu\/wp-json\/wp\/v2\/pages"}],"about":[{"href":"https:\/\/8streme.eu\/hu\/wp-json\/wp\/v2\/types\/page"}],"author":[{"embeddable":true,"href":"https:\/\/8streme.eu\/hu\/wp-json\/wp\/v2\/users\/5"}],"replies":[{"embeddable":true,"href":"https:\/\/8streme.eu\/hu\/wp-json\/wp\/v2\/comments?post=29388"}],"version-history":[{"count":4,"href":"https:\/\/8streme.eu\/hu\/wp-json\/wp\/v2\/pages\/29388\/revisions"}],"predecessor-version":[{"id":29394,"href":"https:\/\/8streme.eu\/hu\/wp-json\/wp\/v2\/pages\/29388\/revisions\/29394"}],"wp:attachment":[{"href":"https:\/\/8streme.eu\/hu\/wp-json\/wp\/v2\/media?parent=29388"}],"curies":[{"name":"wp","href":"https:\/\/api.w.org\/{rel}","templated":true}]}}