{"id":29360,"date":"2024-01-02T17:05:22","date_gmt":"2024-01-02T16:05:22","guid":{"rendered":"https:\/\/8streme.eu\/?page_id=29360"},"modified":"2024-01-02T17:06:58","modified_gmt":"2024-01-02T16:06:58","slug":"a-8streme-7310-8streme-7320-uszomedence-robot-uszik-a-felszinen","status":"publish","type":"page","link":"https:\/\/8streme.eu\/hu\/le-robot-piscine-8streme-7310-8streme-7320-flotte-a-la-surface\/","title":{"rendered":"A 8STREME 7310, 8STREME 7320 \u00daSZ\u00c1SPAD ROBOT \u00faszik a felsz\u00ednen."},"content":{"rendered":"<div data-elementor-type=\"wp-page\" data-elementor-id=\"29360\" class=\"elementor elementor-29360\" data-elementor-post-type=\"page\">\n\t\t\t\t\t\t<section class=\"elementor-section elementor-top-section elementor-element elementor-element-4b5f6b2 elementor-section-boxed elementor-section-height-default elementor-section-height-default\" data-id=\"4b5f6b2\" data-element_type=\"section\" data-e-type=\"section\">\n\t\t\t\t\t\t<div class=\"elementor-container elementor-column-gap-default\">\n\t\t\t\t\t<div class=\"elementor-column elementor-col-100 elementor-top-column elementor-element elementor-element-d953591\" data-id=\"d953591\" data-element_type=\"column\" data-e-type=\"column\">\n\t\t\t<div class=\"elementor-widget-wrap elementor-element-populated\">\n\t\t\t\t\t\t<div class=\"elementor-element elementor-element-5768221 elementor-widget elementor-widget-text-editor\" data-id=\"5768221\" data-element_type=\"widget\" data-e-type=\"widget\" data-widget_type=\"text-editor.default\">\n\t\t\t\t<div class=\"elementor-widget-container\">\n\t\t\t\t\t\t\t\t\t<h1>1\/ A 8STREME POOL ROBOT kompatibilit\u00e1s\u00e1nak ellen\u0151rz\u00e9se\u00a0<strong>7310, 8STREME 7320\u00a0<\/strong>a medenc\u00e9vel<\/h1><p style=\"font-weight: 400;\">K\u00e9rj\u00fck, ellen\u0151rizze, hogy a ROBOT POOL 8STREME\u00a0<strong>7310, 8STREME 7320<\/strong>\u00a0kompatibilis az \u00d6n medenc\u00e9j\u00e9nek modellj\u00e9vel, t\u00edpus\u00e1val \u00e9s b\u00e9l\u00e9s\u00e9vel.<\/p><p style=\"font-weight: 400;\">Szeretn\u00e9nk felh\u00edvni a figyelmet arra, hogy a 8STREME\u00a0<strong>7310, 8STREME 7320<\/strong><strong>\u00a0<\/strong>nem m\u00e1szik l\u00e9pcs\u0151t.<\/p><p style=\"font-weight: 400;\">Ha a medence v\u00edzszintje t\u00fal magas, az is befoly\u00e1solhatja a ROBOT PISCINE 8STREME m\u0171k\u00f6d\u00e9s\u00e9t.\u00a0<strong>7310, 8STREME 7320<\/strong>. Fenn\u00e1ll annak a vesz\u00e9lye, hogy felborul \u00e9s leveg\u0151vel tel\u00edt\u0151dik, ha hozz\u00e1\u00e9r a szeg\u00e9lyk\u00f6vekhez.<\/p><p style=\"font-weight: 400;\">\u00a0<\/p><h1>2\/ Ellen\u0151rizze a medence v\u00edzkezel\u00e9s\u00e9t<\/h1><p style=\"font-weight: 400;\">A helytelen v\u00edzkezel\u00e9s befoly\u00e1solhatja a 8STREME ROBOT POOL m\u0171k\u00f6d\u00e9s\u00e9t.<\/p><p style=\"font-weight: 400;\">Ellen\u0151rizze, hogy a v\u00edz h\u0151m\u00e9rs\u00e9klete megfelel\u0151-e. Ennek 5 \u00e9s 36 \u00b0C k\u00f6z\u00f6tt kell lennie.<\/p><p style=\"font-weight: 400;\">Javasoljuk, hogy ellen\u0151rizze, hogy a pH-\u00e9rt\u00e9ke a megfelel\u0151 szinten van-e. Az optim\u00e1lis pH 7,2 \u00e9s 7,4 k\u00f6z\u00f6tt van.<\/p><p style=\"font-weight: 400;\">Ha kl\u00f3ros medenc\u00e9je van, az optim\u00e1lis kl\u00f3rtartalom 2 \u00e9s 3 ppm k\u00f6z\u00f6tt van.<\/p><p style=\"font-weight: 400;\">Ha s\u00f3medenc\u00e9je van, a NaCl-tartalomnak 2700 \u00e9s 4500 ppm k\u00f6z\u00f6tt kell lennie.<\/p><p style=\"font-weight: 400;\">K\u00e9rj\u00fck, ellen\u0151rizze, hogy nincs-e alga (z\u00f6ld vagy \u00e1tl\u00e1tsz\u00f3) a medenc\u00e9ben. A 8STREME POOL ROBOTOK\u00a0<strong>7310, 8STREME 7320<\/strong><strong>\u00a0<\/strong>\u00fagy tervezt\u00e9k, hogy megk\u00f6nny\u00edts\u00e9k a medence karbantart\u00e1s\u00e1t. Azonban nem az alg\u00e1k elt\u00e1vol\u00edt\u00e1s\u00e1ra tervezt\u00e9k \u0151ket. A ROBOT PISCINE 8STREME haszn\u00e1lata el\u0151tt kezelje medenc\u00e9j\u00e9t.\u00a0<strong>7310, 8STREME 7320<\/strong>.<\/p><p style=\"font-weight: 400;\">Ellen\u0151rizze, hogy nincsenek-e zs\u00edros lerak\u00f3d\u00e1sok a falakon. Ha igen, t\u00e1vol\u00edtsa el \u0151ket k\u00e9zi kef\u00e9vel.<\/p><p style=\"font-weight: 400;\">\u00a0<\/p><h1>3\/ Ellen\u0151rizze, hogy a 8STREME POOL ROBOT megfelel\u0151en be van-e kapcsolva.\u00a0<strong>7310, 8STREME 7320<\/strong><\/h1><p style=\"font-weight: 400;\">Amikor a ROBOT SWIMMING POOL 8STREME\u00a0<strong>7310, 8STREME 7320<\/strong>\u00a0a medenc\u00e9ben, hagyja, hogy az els\u00fcllyedjen \u00e9s el\u00e9rje a f\u00f6ldet, miel\u0151tt bekapcsolja.<\/p><p style=\"font-weight: 400;\">\u00a0<\/p><p style=\"font-weight: 400;\">\u00a0<\/p><h1>4\/ Ellen\u0151rizze, hogy nincsenek-e idegen t\u00e1rgyak a 8STREME 7310, 8STREME 7320 POOL ROBOT \u00fatj\u00e1ban.<\/h1><p style=\"font-weight: 400;\">Amikor a ROBOT SWIMMING POOL 8STREME\u00a0<strong>7310, 8STREME 7320\u00a0<\/strong>nem mozog el\u0151re, lehets\u00e9ges, hogy egy idegen t\u00e1rgy akad\u00e1lyozza a ROBOT SWIMMING POOL 8STREME mozg\u00e1s\u00e1t.\u00a0<strong>7310, 8STREME 7320<\/strong>.<\/p><p style=\"font-weight: 400;\">Ellen\u0151rizze, hogy nincsenek-e idegen t\u00e1rgyak a motor feletti turbin\u00e1ban, a robot alatti kef\u00e9kben vagy sz\u00edjakban, illetve a robot oldal\u00e1n.<\/p><p style=\"font-weight: 400;\">Ellen\u0151rizze, hogy a szennyez\u0151d\u00e9sgy\u0171jt\u0151 kos\u00e1r nem telt-e meg. Ha igen, \u00fcr\u00edtse ki \u00e9s tiszt\u00edtsa meg.<\/p><p style=\"font-weight: 400;\">Ha a finom sz\u0171r\u0151t haszn\u00e1lja, ellen\u0151rizze, hogy a finom sz\u0171r\u0151n l\u00e9v\u0151 m\u0171anyag csomagol\u00e1st elt\u00e1vol\u00edtott\u00e1k-e. A finom sz\u0171r\u0151t mer\u00edtse v\u00edzbe, hogy m\u00e1r nedves legyen, miel\u0151tt a ROBOT SWIMMING POOL-ba helyezi, \u00e9s hagyja a ROBOT SWIMMING POOL 8STREME\u00a0<strong>7310, 8STREME 7320<\/strong>\u00a0a padl\u00f3ra, miel\u0151tt beind\u00edtan\u00e1.<\/p><p style=\"font-weight: 400;\">\u00a0<\/p><h1>5\/ Vegye fel a kapcsolatot a kiskeresked\u0151j\u00e9vel vagy a 8STREME vev\u0151szolg\u00e1lat\u00e1val.<\/h1><p style=\"font-weight: 400;\">Ha a fenti ellen\u0151rz\u00e9sek egyike sem vezetett eredm\u00e9nyre, k\u00e9rj\u00fck, forduljon a keresked\u0151h\u00f6z vagy a 8STREME vev\u0151szolg\u00e1lathoz.<\/p><p>8STREME \u00fcgyf\u00e9lszolg\u00e1lat el\u00e9rhet\u0151s\u00e9gei :<\/p><p>8STREME \u00e9rt\u00e9kes\u00edt\u00e9s ut\u00e1ni szolg\u00e1ltat\u00e1s<\/p><p>6 RUE DES FRERES MICHELIN<\/p><p>10600 LA CHAPELLE SAINT LUC<\/p><p>FRANCIAORSZ\u00c1G<\/p><p>03 10 64 60 26<\/p><p><a href=\"mailto:service@8streme.eu\">service@8streme.eu<\/a><\/p>\t\t\t\t\t\t\t\t<\/div>\n\t\t\t\t<\/div>\n\t\t\t\t\t<\/div>\n\t\t<\/div>\n\t\t\t\t\t<\/div>\n\t\t<\/section>\n\t\t\t\t<\/div>","protected":false},"excerpt":{"rendered":"<p>1\/ Ellen\u0151rizze a ROBOT POOL 8STREME 7310, 8STREME 7320 kompatibilit\u00e1s\u00e1t a medenc\u00e9j\u00e9vel K\u00e9rj\u00fck, ellen\u0151rizze, hogy a ROBOT POOL 8STREME 7310, 8STREME 7320 kompatibilis-e a medence modellj\u00e9vel, t\u00edpus\u00e1val \u00e9s b\u00e9l\u00e9s\u00e9vel. K\u00e9rj\u00fck, vegye figyelembe, hogy ... <a href=\"https:\/\/8streme.eu\/hu\/le-robot-piscine-8streme-7310-8streme-7320-flotte-a-la-surface\/\">Olvass tov\u00e1bb<\/a><\/p>","protected":false},"author":5,"featured_media":0,"parent":0,"menu_order":0,"comment_status":"closed","ping_status":"closed","template":"","meta":{"_metasync_otto_title":"","_metasync_otto_description":"","_metasync_otto_keywords":"","_metasync_otto_og_title":"","_metasync_otto_og_description":"","_metasync_otto_twitter_title":"","_metasync_otto_twitter_description":"","rank_math_title":"","rank_math_description":"","_yoast_wpseo_title":"","_yoast_wpseo_metadesc":"","_aioseo_title":"","_aioseo_description":"","_metasync_seo_title":"","_metasync_seo_desc":"","_metasync_breadcrumb_title":"","_metasync_primary_category":0,"_metasync_primary_product_cat":0,"_metasync_otto_disabled":"","_metasync_hreflang":"","_metasync_plugin_sync_ts":"","_metasync_robots_advanced":"","footnotes":""},"class_list":["post-29360","page","type-page","status-publish","hentry","_wholesalex wsx-wholesalex-product"],"_links":{"self":[{"href":"https:\/\/8streme.eu\/hu\/wp-json\/wp\/v2\/pages\/29360","targetHints":{"allow":["GET"]}}],"collection":[{"href":"https:\/\/8streme.eu\/hu\/wp-json\/wp\/v2\/pages"}],"about":[{"href":"https:\/\/8streme.eu\/hu\/wp-json\/wp\/v2\/types\/page"}],"author":[{"embeddable":true,"href":"https:\/\/8streme.eu\/hu\/wp-json\/wp\/v2\/users\/5"}],"replies":[{"embeddable":true,"href":"https:\/\/8streme.eu\/hu\/wp-json\/wp\/v2\/comments?post=29360"}],"version-history":[{"count":5,"href":"https:\/\/8streme.eu\/hu\/wp-json\/wp\/v2\/pages\/29360\/revisions"}],"predecessor-version":[{"id":29367,"href":"https:\/\/8streme.eu\/hu\/wp-json\/wp\/v2\/pages\/29360\/revisions\/29367"}],"wp:attachment":[{"href":"https:\/\/8streme.eu\/hu\/wp-json\/wp\/v2\/media?parent=29360"}],"curies":[{"name":"wp","href":"https:\/\/api.w.org\/{rel}","templated":true}]}}