{"id":29286,"date":"2024-01-02T16:11:44","date_gmt":"2024-01-02T15:11:44","guid":{"rendered":"https:\/\/8streme.eu\/?page_id=29286"},"modified":"2024-01-02T16:12:28","modified_gmt":"2024-01-02T15:12:28","slug":"kulonbseg-a-7310-es-7320-robotok-kozott","status":"publish","type":"page","link":"https:\/\/8streme.eu\/hu\/difference-entre-robot-7310-et-7320\/","title":{"rendered":"A 7310 \u00e9s 7320 robotok k\u00f6z\u00f6tti k\u00fcl\u00f6nbs\u00e9g"},"content":{"rendered":"<div data-elementor-type=\"wp-page\" data-elementor-id=\"29286\" class=\"elementor elementor-29286\" data-elementor-post-type=\"page\">\n\t\t\t\t\t\t<section class=\"elementor-section elementor-top-section elementor-element elementor-element-b116197 elementor-section-boxed elementor-section-height-default elementor-section-height-default\" data-id=\"b116197\" data-element_type=\"section\" data-e-type=\"section\">\n\t\t\t\t\t\t<div class=\"elementor-container elementor-column-gap-default\">\n\t\t\t\t\t<div class=\"elementor-column elementor-col-100 elementor-top-column elementor-element elementor-element-9f755e2\" data-id=\"9f755e2\" data-element_type=\"column\" data-e-type=\"column\">\n\t\t\t<div class=\"elementor-widget-wrap elementor-element-populated\">\n\t\t\t\t\t\t<div class=\"elementor-element elementor-element-310a5ac elementor-widget elementor-widget-text-editor\" data-id=\"310a5ac\" data-element_type=\"widget\" data-e-type=\"widget\" data-widget_type=\"text-editor.default\">\n\t\t\t\t<div class=\"elementor-widget-container\">\n\t\t\t\t\t\t\t\t\t<p>\u00d6nmagukban ezek a robotok ugyanazzal a funkci\u00f3val \u00e9s ugyanazokkal a saj\u00e1toss\u00e1gokkal rendelkeznek.<\/p><p>Mivel azonban a 7320 a 7310 feletti term\u00e9kcsal\u00e1d, ezek k\u00fcl\u00f6nb\u00f6z\u0151 vagy kieg\u00e9sz\u00edt\u0151 tartoz\u00e9kokkal rendelkeznek:<\/p><ul><li>Tov\u00e1bbi puha kef\u00e9k a 4 oldals\u00f3 ker\u00e9ken\u00a0<\/li><li>Finomabb sz\u0171r\u0151kos\u00e1r<\/li><li>1 \u00f3r\u00e1s vagy 3 \u00f3r\u00e1s ciklusok v\u00e1laszt\u00e1sa<\/li><li>hosszabb k\u00e1bel ak\u00e1r 11m x 5,50m-es medenc\u00e9khez (a 7310-es modell 10m x 5,00m-es k\u00e1bele helyett)<\/li><\/ul><p>Tov\u00e1bbi inform\u00e1ci\u00f3\u00e9rt k\u00e9rj\u00fck, l\u00e9pjen kapcsolatba vel\u00fcnk a 03 10 64 60 26 telefonsz\u00e1mon vagy e-mailben a k\u00f6vetkez\u0151 c\u00edmen\u00a0<a href=\"mailto:service@8streme.eu\" target=\"_blank\" rel=\"noopener noreferrer\">service@8streme.eu.<\/a><\/p><p>\u00a0<\/p>\t\t\t\t\t\t\t\t<\/div>\n\t\t\t\t<\/div>\n\t\t\t\t\t<\/div>\n\t\t<\/div>\n\t\t\t\t\t<\/div>\n\t\t<\/section>\n\t\t\t\t<\/div>","protected":false},"excerpt":{"rendered":"<p>\u00d6nmagukban ezek a robotok ugyanazzal a funkci\u00f3val \u00e9s ugyanazokkal a saj\u00e1toss\u00e1gokkal rendelkeznek. Mivel azonban a 7320 a 7310 feletti term\u00e9kcsal\u00e1d, m\u00e1s vagy tov\u00e1bbi tartoz\u00e9kokkal rendelkeznek: Tov\u00e1bbi puha kef\u00e9k a 4 oldals\u00f3 ker\u00e9ken Egy kos\u00e1r ... <a href=\"https:\/\/8streme.eu\/hu\/difference-entre-robot-7310-et-7320\/\">Olvass tov\u00e1bb<\/a><\/p>","protected":false},"author":5,"featured_media":0,"parent":0,"menu_order":0,"comment_status":"closed","ping_status":"closed","template":"","meta":{"_metasync_otto_title":"","_metasync_otto_description":"Diff\u00e9rences entre robots piscine 7310 et 7320 : brosses souples, panier filtration fin, cycles 1h\/3h, c\u00e2ble plus long. Contactez-nous d\u00e8s maintenant !","_metasync_otto_keywords":"","_metasync_otto_og_title":"","_metasync_otto_og_description":"","_metasync_otto_twitter_title":"","_metasync_otto_twitter_description":"","rank_math_title":"","rank_math_description":"","_yoast_wpseo_title":"","_yoast_wpseo_metadesc":"","_aioseo_title":"","_aioseo_description":"","_metasync_seo_title":"","_metasync_seo_desc":"","_metasync_breadcrumb_title":"","_metasync_primary_category":0,"_metasync_primary_product_cat":0,"_metasync_otto_disabled":"","_metasync_hreflang":"","_metasync_plugin_sync_ts":"","_metasync_robots_advanced":"","footnotes":""},"class_list":["post-29286","page","type-page","status-publish","hentry","_wholesalex wsx-wholesalex-product"],"_links":{"self":[{"href":"https:\/\/8streme.eu\/hu\/wp-json\/wp\/v2\/pages\/29286","targetHints":{"allow":["GET"]}}],"collection":[{"href":"https:\/\/8streme.eu\/hu\/wp-json\/wp\/v2\/pages"}],"about":[{"href":"https:\/\/8streme.eu\/hu\/wp-json\/wp\/v2\/types\/page"}],"author":[{"embeddable":true,"href":"https:\/\/8streme.eu\/hu\/wp-json\/wp\/v2\/users\/5"}],"replies":[{"embeddable":true,"href":"https:\/\/8streme.eu\/hu\/wp-json\/wp\/v2\/comments?post=29286"}],"version-history":[{"count":4,"href":"https:\/\/8streme.eu\/hu\/wp-json\/wp\/v2\/pages\/29286\/revisions"}],"predecessor-version":[{"id":29292,"href":"https:\/\/8streme.eu\/hu\/wp-json\/wp\/v2\/pages\/29286\/revisions\/29292"}],"wp:attachment":[{"href":"https:\/\/8streme.eu\/hu\/wp-json\/wp\/v2\/media?parent=29286"}],"curies":[{"name":"wp","href":"https:\/\/api.w.org\/{rel}","templated":true}]}}