{"id":29272,"date":"2024-01-02T16:09:49","date_gmt":"2024-01-02T15:09:49","guid":{"rendered":"https:\/\/8streme.eu\/?page_id=29272"},"modified":"2024-01-02T16:10:09","modified_gmt":"2024-01-02T15:10:09","slug":"hogyan-kell-kicserelni-a-kerekeket-a-8streme-7310-8streme-7320-medencetisztitora","status":"publish","type":"page","link":"https:\/\/8streme.eu\/hu\/comment-remplacer-les-roues-du-robot-piscine-8streme-7310-8streme-7320\/","title":{"rendered":"Hogyan cser\u00e9lhetem ki a kerekeket a 8STREME 7310, 8STREME 7320 \u00daSZ\u00c1SPAD ROBOT-on?"},"content":{"rendered":"<div data-elementor-type=\"wp-page\" data-elementor-id=\"29272\" class=\"elementor elementor-29272\" data-elementor-post-type=\"page\">\n\t\t\t\t\t\t<section class=\"elementor-section elementor-top-section elementor-element elementor-element-16f045c elementor-section-boxed elementor-section-height-default elementor-section-height-default\" data-id=\"16f045c\" data-element_type=\"section\" data-e-type=\"section\">\n\t\t\t\t\t\t<div class=\"elementor-container elementor-column-gap-default\">\n\t\t\t\t\t<div class=\"elementor-column elementor-col-100 elementor-top-column elementor-element elementor-element-3507128\" data-id=\"3507128\" data-element_type=\"column\" data-e-type=\"column\">\n\t\t\t<div class=\"elementor-widget-wrap elementor-element-populated\">\n\t\t\t\t\t\t<div class=\"elementor-element elementor-element-47c5482 elementor-widget elementor-widget-text-editor\" data-id=\"47c5482\" data-element_type=\"widget\" data-e-type=\"widget\" data-widget_type=\"text-editor.default\">\n\t\t\t\t<div class=\"elementor-widget-container\">\n\t\t\t\t\t\t\t\t\t<p style=\"font-weight: 400;\">Ha egy ker\u00e9k elt\u00f6rik, azt gyorsan ki kell cser\u00e9lni, hogy az ne befoly\u00e1solja a 8STREME 7310, 8STREME 7320 \u00daSZ\u00c1SPAD ROBOT m\u0171k\u00f6d\u00e9s\u00e9t, \u00e9s ne okozza a 8STREME 7310, 8STREME 7320 \u00daSZ\u00c1SPAD ROBOT gyorsabb elhaszn\u00e1l\u00f3d\u00e1s\u00e1t.<\/p><p style=\"font-weight: 400;\">\u00a0<\/p><h1>A haszn\u00e1land\u00f3 eszk\u00f6z\u00f6k<\/h1><p style=\"font-weight: 400;\">A g\u00f6rg\u0151 cser\u00e9j\u00e9hez sz\u00fcks\u00e9ge lesz :<\/p><p style=\"font-weight: 400;\">- Phillips csavarh\u00faz\u00f3<\/p><p style=\"font-weight: 400;\">\u00a0<\/p><h1>P\u00f3talkatr\u00e9szek<\/h1><p style=\"font-weight: 400;\">Mell\u00e9kelj\u00fck a ROBOT PISCINE 8STREME 7310 ker\u00e9k v\u00e1s\u00e1rl\u00e1s\u00e1hoz sz\u00fcks\u00e9ges linket:\u00a0<a href=\"https:\/\/8streme.eu\/hu\/termek\/fogazott-kerek-4db-szurke-szerelvenyen-71140\/\">https:\/\/8streme.eu\/produit\/roue-dentee-4pcs-sur-lensemble-gris-71140\/<\/a><\/p><p style=\"font-weight: 400;\">\u00a0<\/p><p style=\"font-weight: 400;\">Mell\u00e9kelj\u00fck a ROBOT PISCINE 8STREME 7320 ker\u00e9k v\u00e1s\u00e1rl\u00e1s\u00e1hoz sz\u00fcks\u00e9ges linket:\u00a0<a href=\"https:\/\/8streme.eu\/hu\/?s=71142\">https:\/\/8streme.eu\/?s=71142<\/a><\/p><p style=\"font-weight: 400;\">\u00a0<\/p><h1>A cser\u00e9re vonatkoz\u00f3 elj\u00e1r\u00e1s<\/h1><p style=\"font-weight: 400;\">Az els\u0151 l\u00e9p\u00e9s az, hogy h\u00fazza ki a 8STREME 7310, 8STREME 7320 POOL ROBOT-ot, miel\u0151tt b\u00e1rmilyen cser\u00e9t v\u00e9grehajtana.<\/p><p style=\"font-weight: 400;\">\u00a0<\/p><p style=\"font-weight: 400;\">A ker\u00e9k elt\u00e1vol\u00edt\u00e1s\u00e1hoz egyszer\u0171en csavarja ki a fogaskereket a g\u00f6rg\u0151h\u00f6z r\u00f6gz\u00edt\u0151 csavart egy Phillips fej\u0171 csavarh\u00faz\u00f3val. Vegye le a kereket a g\u00f6rg\u0151r\u0151l.<\/p><p style=\"font-weight: 400;\">\u00a0<\/p><p style=\"font-weight: 400;\">Tartsa az \u00f6sszes alkatr\u00e9szt f\u00e9lre.\u00a0<\/p><p style=\"font-weight: 400;\">\u00a0<\/p><p style=\"font-weight: 400;\">Az \u00faj ker\u00e9k felszerel\u00e9s\u00e9hez helyezze a kereket a g\u00f6rg\u0151be. A g\u00f6rg\u0151 felszerel\u00e9se ut\u00e1n ellen\u0151rizze, hogy a g\u00f6rg\u0151 forgat\u00e1sakor a ker\u00e9k forog-e. Ezut\u00e1n h\u00fazza meg a ker\u00e9kcsavart.<\/p><p style=\"font-weight: 400;\">\u00a0<\/p><h1><strong>Forduljon a keresked\u0151h\u00f6z vagy az \u00e9rt\u00e9kes\u00edt\u00e9s ut\u00e1ni szervizhez<\/strong><\/h1><p style=\"font-weight: 400;\"><strong>Ha b\u00e1rmilyen probl\u00e9ma mer\u00fcl fel a meghajt\u00f3sz\u00edjak cser\u00e9j\u00e9vel kapcsolatban, k\u00e9rj\u00fck, forduljon a m\u00e1rkakeresked\u0151h\u00f6z vagy az \u00e9rt\u00e9kes\u00edt\u00e9s ut\u00e1ni szervizhez.<\/strong><\/p><p>8STREME \u00fcgyf\u00e9lszolg\u00e1lat el\u00e9rhet\u0151s\u00e9gei :<\/p><p>8STREME \u00e9rt\u00e9kes\u00edt\u00e9s ut\u00e1ni szolg\u00e1ltat\u00e1s<\/p><p>6 RUE DES FRERES MICHELIN<\/p><p>10600 LA CHAPELLE SAINT LUC<\/p><p>FRANCIAORSZ\u00c1G<\/p><p>03 10 64 60 26<\/p><p><a href=\"mailto:service@8streme.eu\">service@8streme.eu<\/a><\/p>\t\t\t\t\t\t\t\t<\/div>\n\t\t\t\t<\/div>\n\t\t\t\t\t<\/div>\n\t\t<\/div>\n\t\t\t\t\t<\/div>\n\t\t<\/section>\n\t\t\t\t<\/div>","protected":false},"excerpt":{"rendered":"<p>Ha egy ker\u00e9k elt\u00f6rik, azt gyorsan ki kell cser\u00e9lni, hogy az ne befoly\u00e1solja a 8STREME 7310, 8STREME 7320 \u00daSZ\u00c1SPAD ROBOT m\u0171k\u00f6d\u00e9s\u00e9t, \u00e9s ne okozza a 8STREME 7310, 8STREME 7320 \u00daSZ\u00c1SPAD ROBOT gyorsabb elhaszn\u00e1l\u00f3d\u00e1s\u00e1t. A haszn\u00e1land\u00f3 szersz\u00e1mok A ... <a href=\"https:\/\/8streme.eu\/hu\/comment-remplacer-les-roues-du-robot-piscine-8streme-7310-8streme-7320\/\">Olvass tov\u00e1bb<\/a><\/p>","protected":false},"author":5,"featured_media":0,"parent":0,"menu_order":0,"comment_status":"closed","ping_status":"closed","template":"","meta":{"_metasync_otto_title":"Guide de remplacement des roues pour Robot Piscine 8streme","_metasync_otto_description":"Remplacez rapidement une roue cass\u00e9e du Robot Piscine 8STREME 7310, 8STREME 7320 pour maintenir son fonctionnement. Achetez les pi\u00e8ces et suivez la proc\u00e9dure.","_metasync_otto_keywords":"","_metasync_otto_og_title":"","_metasync_otto_og_description":"","_metasync_otto_twitter_title":"","_metasync_otto_twitter_description":"","rank_math_title":"","rank_math_description":"","_yoast_wpseo_title":"","_yoast_wpseo_metadesc":"","_aioseo_title":"","_aioseo_description":"","_metasync_seo_title":"","_metasync_seo_desc":"","_metasync_breadcrumb_title":"","_metasync_primary_category":0,"_metasync_primary_product_cat":0,"_metasync_otto_disabled":"","_metasync_hreflang":"","_metasync_plugin_sync_ts":"","_metasync_robots_advanced":"","footnotes":""},"class_list":["post-29272","page","type-page","status-publish","hentry","_wholesalex wsx-wholesalex-product"],"_links":{"self":[{"href":"https:\/\/8streme.eu\/hu\/wp-json\/wp\/v2\/pages\/29272","targetHints":{"allow":["GET"]}}],"collection":[{"href":"https:\/\/8streme.eu\/hu\/wp-json\/wp\/v2\/pages"}],"about":[{"href":"https:\/\/8streme.eu\/hu\/wp-json\/wp\/v2\/types\/page"}],"author":[{"embeddable":true,"href":"https:\/\/8streme.eu\/hu\/wp-json\/wp\/v2\/users\/5"}],"replies":[{"embeddable":true,"href":"https:\/\/8streme.eu\/hu\/wp-json\/wp\/v2\/comments?post=29272"}],"version-history":[{"count":4,"href":"https:\/\/8streme.eu\/hu\/wp-json\/wp\/v2\/pages\/29272\/revisions"}],"predecessor-version":[{"id":29278,"href":"https:\/\/8streme.eu\/hu\/wp-json\/wp\/v2\/pages\/29272\/revisions\/29278"}],"wp:attachment":[{"href":"https:\/\/8streme.eu\/hu\/wp-json\/wp\/v2\/media?parent=29272"}],"curies":[{"name":"wp","href":"https:\/\/api.w.org\/{rel}","templated":true}]}}