{"id":29265,"date":"2024-01-02T16:08:25","date_gmt":"2024-01-02T15:08:25","guid":{"rendered":"https:\/\/8streme.eu\/?page_id=29265"},"modified":"2024-01-02T16:08:54","modified_gmt":"2024-01-02T15:08:54","slug":"hogyan-kell-kicserelni-az-atviteli-ekszijakat-a-8streme-7310-8streme-7320-medencetisztitohoz","status":"publish","type":"page","link":"https:\/\/8streme.eu\/hu\/comment-remplacer-les-courroies-de-transmission-pour-robot-piscine-8streme-7310-8streme-7320\/","title":{"rendered":"Hogyan cser\u00e9lhetem ki a ROBOT PISCINE 8STREME 7310, 8STREME 7320 v\u00e1lt\u00f3sz\u00edjakat?"},"content":{"rendered":"<div data-elementor-type=\"wp-page\" data-elementor-id=\"29265\" class=\"elementor elementor-29265\" data-elementor-post-type=\"page\">\n\t\t\t\t\t\t<section class=\"elementor-section elementor-top-section elementor-element elementor-element-124ff1c elementor-section-boxed elementor-section-height-default elementor-section-height-default\" data-id=\"124ff1c\" data-element_type=\"section\" data-e-type=\"section\">\n\t\t\t\t\t\t<div class=\"elementor-container elementor-column-gap-default\">\n\t\t\t\t\t<div class=\"elementor-column elementor-col-100 elementor-top-column elementor-element elementor-element-d3146d9\" data-id=\"d3146d9\" data-element_type=\"column\" data-e-type=\"column\">\n\t\t\t<div class=\"elementor-widget-wrap elementor-element-populated\">\n\t\t\t\t\t\t<div class=\"elementor-element elementor-element-fda0baf elementor-widget elementor-widget-text-editor\" data-id=\"fda0baf\" data-element_type=\"widget\" data-e-type=\"widget\" data-widget_type=\"text-editor.default\">\n\t\t\t\t<div class=\"elementor-widget-container\">\n\t\t\t\t\t\t\t\t\t<p style=\"font-weight: 400;\">Ha a p\u00e1ly\u00e1k elhaszn\u00e1l\u00f3dtak, elsimultak vagy elt\u00f6rtek, azokat gyorsan ki kell cser\u00e9lni, hogy ne befoly\u00e1solj\u00e1k a 8STREME 7310, 8STREME 7320 \u00daSZ\u00d3PAD ROBOT m\u0171k\u00f6d\u00e9s\u00e9t, illetve ne okozz\u00e1k a 8STREME 7310, 8STREME 7320 \u00daSZ\u00d3PAD ROBOT gyorsabb elhaszn\u00e1l\u00f3d\u00e1s\u00e1t.<\/p><p style=\"font-weight: 400;\">\u00a0<\/p><h1>A haszn\u00e1land\u00f3 eszk\u00f6z\u00f6k<\/h1><p style=\"font-weight: 400;\">A meghajt\u00f3sz\u00edjak cser\u00e9j\u00e9hez nem lesz sz\u00fcks\u00e9ge szersz\u00e1mokra.<\/p><h1>P\u00f3talkatr\u00e9szek<\/h1><p style=\"font-weight: 400;\">Mell\u00e9kelj\u00fck az \u00e1tviteli sz\u00edjak megv\u00e1s\u00e1rl\u00e1s\u00e1hoz sz\u00fcks\u00e9ges linket: \u00a0<\/p><p style=\"font-weight: 400;\">\u00a0<\/p><h1>A cser\u00e9re vonatkoz\u00f3 elj\u00e1r\u00e1s<\/h1><p style=\"font-weight: 400;\">Javasoljuk, hogy k\u00f6vesse a vide\u00f3s \u00fatmutat\u00f3t a meghajt\u00f3sz\u00edjak cser\u00e9j\u00e9hez.<\/p><p style=\"font-weight: 400;\">Link a 8STREME 7310, 8STREME 7320 SWIMMING POOL ROBOT hajt\u00e1ssz\u00edjak sz\u00e9tszerel\u00e9s\u00e9hez \u00e9s \u00f6sszeszerel\u00e9s\u00e9hez:<\/p><p style=\"font-weight: 400;\"><a href=\"https:\/\/www.youtube.com\/watch?v=_O9krQNSCio&amp;list=PLWoiTHw_wDWv8tDa7QGiQrazACbyhJHXd&amp;index=2\">https:\/\/www.youtube.com\/watch?v=_O9krQNSCio&amp;list=PLWoiTHw_wDWv8tDa7QGiQrazACbyhJHXd&amp;index=2<\/a><\/p><p style=\"font-weight: 400;\">\u00a0<\/p><p style=\"font-weight: 400;\">Az els\u0151 l\u00e9p\u00e9s az, hogy h\u00fazza ki a 8STREME 7310, 8STREME 7320 POOL ROBOT-ot, miel\u0151tt b\u00e1rmilyen cser\u00e9t v\u00e9grehajtana.<\/p><p style=\"font-weight: 400;\">\u00a0<\/p><p style=\"font-weight: 400;\">A sz\u00edj elt\u00e1vol\u00edt\u00e1s\u00e1hoz cs\u00fasztassa le a l\u00e1ncker\u00e9kr\u0151l a g\u00f6rg\u0151k elforgat\u00e1s\u00e1val.<\/p><p style=\"font-weight: 400;\">\u00a0<\/p><p style=\"font-weight: 400;\">Az \u00faj sz\u00edj felszerel\u00e9s\u00e9hez keresse meg a sz\u00edj sima \u00e9s fogazott sz\u00e9l\u00e9t. Helyezze a sz\u00edj sima sz\u00e9l\u00e9t a k\u00fcls\u0151 oldal fel\u00e9. Illessze a sz\u00edjat az oldaltart\u00f3 \u00e9s a kerekek k\u00f6r\u00e9, \u00e9s seg\u00edtsen mag\u00e1nak a g\u00f6rg\u0151k forgat\u00e1s\u00e1val.<\/p><p style=\"font-weight: 400;\">\u00a0<\/p><h1><strong>Forduljon a keresked\u0151h\u00f6z vagy az \u00e9rt\u00e9kes\u00edt\u00e9s ut\u00e1ni szervizhez<\/strong><\/h1><p style=\"font-weight: 400;\"><strong>Ha b\u00e1rmilyen probl\u00e9ma mer\u00fcl fel a meghajt\u00f3sz\u00edjak cser\u00e9j\u00e9vel kapcsolatban, k\u00e9rj\u00fck, forduljon a m\u00e1rkakeresked\u0151h\u00f6z vagy az \u00e9rt\u00e9kes\u00edt\u00e9s ut\u00e1ni szervizhez.<\/strong><\/p><p>8STREME \u00fcgyf\u00e9lszolg\u00e1lat el\u00e9rhet\u0151s\u00e9gei :<\/p><p>8STREME \u00e9rt\u00e9kes\u00edt\u00e9s ut\u00e1ni szolg\u00e1ltat\u00e1s<\/p><p>6 RUE DES FRERES MICHELIN<\/p><p>10600 LA CHAPELLE SAINT LUC<\/p><p>FRANCIAORSZ\u00c1G<\/p><p>03 10 64 60 26<\/p><p><a href=\"mailto:service@8streme.eu\">service@8streme.eu<\/a><\/p>\t\t\t\t\t\t\t\t<\/div>\n\t\t\t\t<\/div>\n\t\t\t\t\t<\/div>\n\t\t<\/div>\n\t\t\t\t\t<\/div>\n\t\t<\/section>\n\t\t\t\t<\/div>","protected":false},"excerpt":{"rendered":"<p>Ha a p\u00e1ly\u00e1k kopottak, sim\u00e1k vagy t\u00f6r\u00f6ttek, akkor azokat gyorsan ki kell cser\u00e9lni, hogy ne befoly\u00e1solj\u00e1k a 8STREME 7310, 8STREME 7320 \u00daSZ\u00d3PAD ROBOT m\u0171k\u00f6d\u00e9s\u00e9t, illetve ne okozz\u00e1k a 8STREME 7310, 8STREME 7320 \u00daSZ\u00d3PAD ROBOT gyorsabb elhaszn\u00e1l\u00f3d\u00e1s\u00e1t. A ... <a href=\"https:\/\/8streme.eu\/hu\/comment-remplacer-les-courroies-de-transmission-pour-robot-piscine-8streme-7310-8streme-7320\/\">Olvass tov\u00e1bb<\/a><\/p>","protected":false},"author":5,"featured_media":0,"parent":0,"menu_order":0,"comment_status":"closed","ping_status":"closed","template":"","meta":{"_metasync_otto_title":"Changement courroies transmission Robots Piscine 8STREME","_metasync_otto_description":"Remplacez les courroies du Robot Piscine 8STREME 7310, 8STREME 7320 facilement avec nos conseils pratiques en vid\u00e9o.","_metasync_otto_keywords":"","_metasync_otto_og_title":"","_metasync_otto_og_description":"","_metasync_otto_twitter_title":"","_metasync_otto_twitter_description":"","rank_math_title":"","rank_math_description":"","_yoast_wpseo_title":"","_yoast_wpseo_metadesc":"","_aioseo_title":"","_aioseo_description":"","_metasync_seo_title":"","_metasync_seo_desc":"","_metasync_breadcrumb_title":"","_metasync_primary_category":0,"_metasync_primary_product_cat":0,"_metasync_otto_disabled":"","_metasync_hreflang":"","_metasync_plugin_sync_ts":"","_metasync_robots_advanced":"","footnotes":""},"class_list":["post-29265","page","type-page","status-publish","hentry","_wholesalex wsx-wholesalex-product"],"_links":{"self":[{"href":"https:\/\/8streme.eu\/hu\/wp-json\/wp\/v2\/pages\/29265","targetHints":{"allow":["GET"]}}],"collection":[{"href":"https:\/\/8streme.eu\/hu\/wp-json\/wp\/v2\/pages"}],"about":[{"href":"https:\/\/8streme.eu\/hu\/wp-json\/wp\/v2\/types\/page"}],"author":[{"embeddable":true,"href":"https:\/\/8streme.eu\/hu\/wp-json\/wp\/v2\/users\/5"}],"replies":[{"embeddable":true,"href":"https:\/\/8streme.eu\/hu\/wp-json\/wp\/v2\/comments?post=29265"}],"version-history":[{"count":4,"href":"https:\/\/8streme.eu\/hu\/wp-json\/wp\/v2\/pages\/29265\/revisions"}],"predecessor-version":[{"id":29271,"href":"https:\/\/8streme.eu\/hu\/wp-json\/wp\/v2\/pages\/29265\/revisions\/29271"}],"wp:attachment":[{"href":"https:\/\/8streme.eu\/hu\/wp-json\/wp\/v2\/media?parent=29265"}],"curies":[{"name":"wp","href":"https:\/\/api.w.org\/{rel}","templated":true}]}}