{"id":29258,"date":"2024-01-02T16:07:14","date_gmt":"2024-01-02T15:07:14","guid":{"rendered":"https:\/\/8streme.eu\/?page_id=29258"},"modified":"2024-01-02T16:07:39","modified_gmt":"2024-01-02T15:07:39","slug":"hogyan-kell-kicserelni-a-pvc-kefeket-a-8streme-7310-8streme-7320-medencetisztitoban","status":"publish","type":"page","link":"https:\/\/8streme.eu\/hu\/comment-remplacer-les-brosses-pvc-du-robot-piscine-8streme-7310-8streme-7320\/","title":{"rendered":"Hogyan cser\u00e9lhetem ki a PVC kef\u00e9ket a 8STREME 7310, 8STREME 7320 \u00daSZ\u00c1SPAD ROBOT-on?"},"content":{"rendered":"<div data-elementor-type=\"wp-page\" data-elementor-id=\"29258\" class=\"elementor elementor-29258\" data-elementor-post-type=\"page\">\n\t\t\t\t\t\t<section class=\"elementor-section elementor-top-section elementor-element elementor-element-437d82d elementor-section-boxed elementor-section-height-default elementor-section-height-default\" data-id=\"437d82d\" data-element_type=\"section\" data-e-type=\"section\">\n\t\t\t\t\t\t<div class=\"elementor-container elementor-column-gap-default\">\n\t\t\t\t\t<div class=\"elementor-column elementor-col-100 elementor-top-column elementor-element elementor-element-db14741\" data-id=\"db14741\" data-element_type=\"column\" data-e-type=\"column\">\n\t\t\t<div class=\"elementor-widget-wrap elementor-element-populated\">\n\t\t\t\t\t\t<div class=\"elementor-element elementor-element-d254252 elementor-widget elementor-widget-text-editor\" data-id=\"d254252\" data-element_type=\"widget\" data-e-type=\"widget\" data-widget_type=\"text-editor.default\">\n\t\t\t\t<div class=\"elementor-widget-container\">\n\t\t\t\t\t\t\t\t\t<p style=\"font-weight: 400;\">Ha a PVC kef\u00e9k elhaszn\u00e1l\u00f3dnak vagy elt\u00f6rnek, gyorsan ki kell cser\u00e9lni \u0151ket, hogy ne befoly\u00e1solj\u00e1k a 8STREME 7310, 8STREME 7320 \u00daSZ\u00c1SPAD ROBOT m\u0171k\u00f6d\u00e9s\u00e9t, illetve ne okozz\u00e1k az \u00daSZ\u00c1SPAD ROBOT gyorsabb elhaszn\u00e1l\u00f3d\u00e1s\u00e1t.<\/p><p style=\"font-weight: 400;\">\u00a0<\/p><h1>A haszn\u00e1land\u00f3 eszk\u00f6z\u00f6k<\/h1><p style=\"font-weight: 400;\">A PVC kef\u00e9k cser\u00e9j\u00e9hez nincs sz\u00fcks\u00e9g szersz\u00e1mokra.<\/p><h1>P\u00f3talkatr\u00e9szek<\/h1><p style=\"font-weight: 400;\">Mell\u00e9kelj\u00fck a PVC kef\u00e9k megv\u00e1s\u00e1rl\u00e1s\u00e1hoz sz\u00fcks\u00e9ges linket:\u00a0<a href=\"https:\/\/8streme.eu\/hu\/termek\/pvc-kefekeszlet-5-db-71180\/\">https:\/\/8streme.eu\/produit\/ensemble-de-brosse-de-pvc-5-pcs-71180\/<\/a><\/p><p style=\"font-weight: 400;\">\u00a0<\/p><h1>A cser\u00e9re vonatkoz\u00f3 elj\u00e1r\u00e1s<\/h1><p style=\"font-weight: 400;\">Javasoljuk, hogy k\u00f6vesse a vide\u00f3s \u00fatmutat\u00f3t a PVC kef\u00e9k cser\u00e9j\u00e9hez.<\/p><p style=\"font-weight: 400;\">Link a 8STREME 7310, 8STREME 7320 SWIMMING POOL ROBOT PVC kef\u00e9k cser\u00e9j\u00e9hez:<\/p><p style=\"font-weight: 400;\"><a href=\"https:\/\/www.youtube.com\/watch?v=JAWWgYJ_z4M&amp;list=PLWoiTHw_wDWv8tDa7QGiQrazACbyhJHXd&amp;index=10\">https:\/\/www.youtube.com\/watch?v=JAWWgYJ_z4M&amp;list=PLWoiTHw_wDWv8tDa7QGiQrazACbyhJHXd&amp;index=10<\/a><\/p><p style=\"font-weight: 400;\">\u00a0<\/p><p style=\"font-weight: 400;\">A k\u00f6nnyebb haszn\u00e1lat \u00e9rdek\u00e9ben javasoljuk, hogy szerelje sz\u00e9t a hengert.<\/p><p style=\"font-weight: 400;\">Link a ROBOT PISCINE 8STREME 7310, 8STREME 7320 g\u00f6rg\u0151k sz\u00e9tszerel\u00e9s\u00e9hez :<\/p><p style=\"font-weight: 400;\"><a href=\"https:\/\/www.youtube.com\/watch?v=BEJbVVmLMVM&amp;list=PLWoiTHw_wDWv8tDa7QGiQrazACbyhJHXd&amp;index=8\">https:\/\/www.youtube.com\/watch?v=BEJbVVmLMVM&amp;list=PLWoiTHw_wDWv8tDa7QGiQrazACbyhJHXd&amp;index=8<\/a><\/p><p style=\"font-weight: 400;\">\u00a0<\/p><p style=\"font-weight: 400;\">Link a ROBOT PISCINE 8STREME 7310, 8STREME 7320 g\u00f6rg\u0151k \u00f6sszeszerel\u00e9s\u00e9hez :<\/p><p style=\"font-weight: 400;\"><a href=\"https:\/\/www.youtube.com\/watch?v=mU-q6TRrOO8&amp;list=PLWoiTHw_wDWv8tDa7QGiQrazACbyhJHXd&amp;index=9\">https:\/\/www.youtube.com\/watch?v=mU-q6TRrOO8&amp;list=PLWoiTHw_wDWv8tDa7QGiQrazACbyhJHXd&amp;index=9<\/a><\/p><p style=\"font-weight: 400;\">\u00a0<\/p><p style=\"font-weight: 400;\">\u00a0<\/p><p style=\"font-weight: 400;\">\u00a0<\/p><p style=\"font-weight: 400;\">Az els\u0151 l\u00e9p\u00e9s az, hogy a 8STREME 7310, 8STREME 7320 POOL ROBOT-ot minden csere elv\u00e9gz\u00e9se el\u0151tt h\u00fazza ki a h\u00e1l\u00f3zatb\u00f3l.<\/p><p style=\"font-weight: 400;\">\u00a0<\/p><p style=\"font-weight: 400;\">A PVC kefe elt\u00e1vol\u00edt\u00e1s\u00e1hoz egyszer\u0171en t\u00e1vol\u00edtsa el a kefekapcsokat \u00e9s a kis m\u0171anyag dug\u00f3t.<\/p><p style=\"font-weight: 400;\">\u00a0<\/p><p style=\"font-weight: 400;\">Az \u00faj kefe felszerel\u00e9s\u00e9hez keresse meg a megfelel\u0151 PVC kef\u00e9t a megfelel\u0151 helyen. \u00dagy kell felszerelni, hogy a ki\u00e1ll\u00f3 r\u00e9sze a henger erre a c\u00e9lra kialak\u00edtott furataiba ker\u00fclj\u00f6n. A kef\u00e9ket a k\u00f6t\u0151elemek ir\u00e1ny\u00e1val megegyez\u0151en kell felszerelni, \u00fagy, hogy az egyiket a m\u00e1sikra r\u00f6gz\u00edtse.<\/p><p style=\"font-weight: 400;\">A beszerel\u00e9s ut\u00e1n helyezze vissza a kis m\u0171anyag dug\u00f3t a rendelkez\u00e9sre \u00e1ll\u00f3 lyukba.<\/p><p style=\"font-weight: 400;\">\u00a0<\/p><p style=\"font-weight: 400;\">\u00a0<\/p><h1><strong>Forduljon a keresked\u0151h\u00f6z vagy az \u00e9rt\u00e9kes\u00edt\u00e9s ut\u00e1ni szervizhez<\/strong><\/h1><p style=\"font-weight: 400;\"><strong>Ha b\u00e1rmilyen probl\u00e9ma mer\u00fcl fel a meghajt\u00f3sz\u00edjak cser\u00e9j\u00e9vel kapcsolatban, k\u00e9rj\u00fck, forduljon a m\u00e1rkakeresked\u0151h\u00f6z vagy az \u00e9rt\u00e9kes\u00edt\u00e9s ut\u00e1ni szervizhez.<\/strong><\/p><p>8STREME \u00fcgyf\u00e9lszolg\u00e1lat el\u00e9rhet\u0151s\u00e9gei :<\/p><p>8STREME \u00e9rt\u00e9kes\u00edt\u00e9s ut\u00e1ni szolg\u00e1ltat\u00e1s<\/p><p>6 RUE DES FRERES MICHELIN<\/p><p>10600 LA CHAPELLE SAINT LUC<\/p><p>FRANCIAORSZ\u00c1G<\/p><p>03 10 64 60 26<\/p><p><a href=\"mailto:service@8streme.eu\">service@8streme.eu<\/a><\/p>\t\t\t\t\t\t\t\t<\/div>\n\t\t\t\t<\/div>\n\t\t\t\t\t<\/div>\n\t\t<\/div>\n\t\t\t\t\t<\/div>\n\t\t<\/section>\n\t\t\t\t<\/div>","protected":false},"excerpt":{"rendered":"<p>Ha a PVC kef\u00e9k elkopnak vagy elt\u00f6rnek, gyorsan ki kell cser\u00e9lni \u0151ket, hogy ne befoly\u00e1solj\u00e1k a 8STREME 7310, 8STREME 7320 ROBOT POOL m\u0171k\u00f6d\u00e9s\u00e9t, \u00e9s ne okozz\u00e1k a ROBOT POOL gyorsabb elhaszn\u00e1l\u00f3d\u00e1s\u00e1t.   A haszn\u00e1land\u00f3 szersz\u00e1mok ... <a href=\"https:\/\/8streme.eu\/hu\/comment-remplacer-les-brosses-pvc-du-robot-piscine-8streme-7310-8streme-7320\/\">Olvass tov\u00e1bb<\/a><\/p>","protected":false},"author":5,"featured_media":0,"parent":0,"menu_order":0,"comment_status":"closed","ping_status":"closed","template":"","meta":{"_metasync_otto_title":"","_metasync_otto_description":"","_metasync_otto_keywords":"","_metasync_otto_og_title":"","_metasync_otto_og_description":"","_metasync_otto_twitter_title":"","_metasync_otto_twitter_description":"","rank_math_title":"","rank_math_description":"","_yoast_wpseo_title":"","_yoast_wpseo_metadesc":"","_aioseo_title":"","_aioseo_description":"","_metasync_seo_title":"","_metasync_seo_desc":"","_metasync_breadcrumb_title":"","_metasync_primary_category":0,"_metasync_primary_product_cat":0,"_metasync_otto_disabled":"","_metasync_hreflang":"","_metasync_plugin_sync_ts":"","_metasync_robots_advanced":"","footnotes":""},"class_list":["post-29258","page","type-page","status-publish","hentry","_wholesalex wsx-wholesalex-product"],"_links":{"self":[{"href":"https:\/\/8streme.eu\/hu\/wp-json\/wp\/v2\/pages\/29258","targetHints":{"allow":["GET"]}}],"collection":[{"href":"https:\/\/8streme.eu\/hu\/wp-json\/wp\/v2\/pages"}],"about":[{"href":"https:\/\/8streme.eu\/hu\/wp-json\/wp\/v2\/types\/page"}],"author":[{"embeddable":true,"href":"https:\/\/8streme.eu\/hu\/wp-json\/wp\/v2\/users\/5"}],"replies":[{"embeddable":true,"href":"https:\/\/8streme.eu\/hu\/wp-json\/wp\/v2\/comments?post=29258"}],"version-history":[{"count":4,"href":"https:\/\/8streme.eu\/hu\/wp-json\/wp\/v2\/pages\/29258\/revisions"}],"predecessor-version":[{"id":29264,"href":"https:\/\/8streme.eu\/hu\/wp-json\/wp\/v2\/pages\/29258\/revisions\/29264"}],"wp:attachment":[{"href":"https:\/\/8streme.eu\/hu\/wp-json\/wp\/v2\/media?parent=29258"}],"curies":[{"name":"wp","href":"https:\/\/api.w.org\/{rel}","templated":true}]}}