{"id":29251,"date":"2024-01-02T16:05:36","date_gmt":"2024-01-02T15:05:36","guid":{"rendered":"https:\/\/8streme.eu\/?page_id=29251"},"modified":"2024-01-02T16:06:10","modified_gmt":"2024-01-02T15:06:10","slug":"hogyan-kell-kicserelni-a-lecrou-detancheite-du-robot-piscine-8streme-5210-j200-5212-5220-luna-10-5222-5310-7310-7310-7320","status":"publish","type":"page","link":"https:\/\/8streme.eu\/hu\/comment-remplacer-le-lecrou-detancheite-du-robot-piscine-8streme-5210-j200-5212-5220-luna-10-5222-5310-7310-7320\/","title":{"rendered":"Hogyan cser\u00e9lhetem ki a t\u00f6m\u00edt\u0151any\u00e1t a ROBOT PISCINE 8STREME 5210-J200, 5212, 5220-LUNA 10, 5222, 5310, 7310, 7320 modelleken?"},"content":{"rendered":"<div data-elementor-type=\"wp-page\" data-elementor-id=\"29251\" class=\"elementor elementor-29251\" data-elementor-post-type=\"page\">\n\t\t\t\t\t\t<section class=\"elementor-section elementor-top-section elementor-element elementor-element-dbb6db6 elementor-section-boxed elementor-section-height-default elementor-section-height-default\" data-id=\"dbb6db6\" data-element_type=\"section\" data-e-type=\"section\">\n\t\t\t\t\t\t<div class=\"elementor-container elementor-column-gap-default\">\n\t\t\t\t\t<div class=\"elementor-column elementor-col-100 elementor-top-column elementor-element elementor-element-3c44632\" data-id=\"3c44632\" data-element_type=\"column\" data-e-type=\"column\">\n\t\t\t<div class=\"elementor-widget-wrap elementor-element-populated\">\n\t\t\t\t\t\t<div class=\"elementor-element elementor-element-cee434f elementor-widget elementor-widget-text-editor\" data-id=\"cee434f\" data-element_type=\"widget\" data-e-type=\"widget\" data-widget_type=\"text-editor.default\">\n\t\t\t\t<div class=\"elementor-widget-container\">\n\t\t\t\t\t\t\t\t\t<p>Ha a t\u00f6m\u00edt\u0151anya elt\u00f6rik, azt gyorsan ki kell cser\u00e9lni, hogy ne befoly\u00e1solja a ROBOT POOL 8STREME 5210-J200, 8STREME 5212, 8STREME 5220-LUNA 10, 8STREME 5222 m\u0171k\u00f6d\u00e9s\u00e9t, 8STREME 5310, 8STREME 7310, 8STREME 7320, \u00e9s nem okoz gyorsabb kop\u00e1st a POOL ROBOT 8STREME 5210-J200, 8STREME 5212, 8STREME 5220-LUNA 10, 8STREME 5222, 8STREME 5310, 8STREME 7310, 8STREME 7310, 8STREME 7320.<\/p><p>\u00a0<\/p><h1>A haszn\u00e1land\u00f3 eszk\u00f6z\u00f6k<\/h1><p>A gyors leereszt\u0151 szelep cser\u00e9j\u00e9hez sz\u00fcks\u00e9g lesz :<\/p><p>- Phillips csavarh\u00faz\u00f3<\/p><p>\u00a0<\/p><h1>P\u00f3talkatr\u00e9szek<\/h1><p>Mell\u00e9kelj\u00fck a t\u00f6m\u00edt\u0151anya megv\u00e1s\u00e1rl\u00e1s\u00e1hoz sz\u00fcks\u00e9ges linket:\u00a0<a href=\"https:\/\/8streme.eu\/hu\/termek\/2-reszes-csereanya-a-robotkabelhez\/\">https:\/\/8streme.eu\/produit\/ecrou-de-remplacement-2-pieces-pour-cable-robot\/<\/a><\/p><p>\u00a0<\/p><h1>A cser\u00e9re vonatkoz\u00f3 elj\u00e1r\u00e1s<\/h1><p>Javasoljuk, hogy k\u00f6vesse a vide\u00f3s \u00fatmutat\u00f3t a t\u00f6m\u00edt\u0151anya cser\u00e9j\u00e9hez.<\/p><p>Link a ROBOT \u00daSZ\u00c1SPAD 8STREME 5210-J200, 8STREME 5212, 8STREME 5220-LUNA 10, 8STREME 5222, 8STREME 5310, 8STREME 7310, 8STREME 7320 t\u00f6m\u00edt\u0151any\u00e1j\u00e1nak cser\u00e9j\u00e9hez :<\/p><p><a href=\"https:\/\/www.youtube.com\/watch?v=Qg9ONZi5Hz8&amp;list=PLWoiTHw_wDWv8tDa7QGiQrazACbyhJHXd&amp;index=13\">https:\/\/www.youtube.com\/watch?v=Qg9ONZi5Hz8&amp;list=PLWoiTHw_wDWv8tDa7QGiQrazACbyhJHXd&amp;index=13<\/a><\/p><p>\u00a0<\/p><p>Az els\u0151 l\u00e9p\u00e9s, hogy a ROBOT POOL 8STREME 5210-J200, 8STREME 5212, 8STREME 5220-LUNA 10, 8STREME 5222, 8STREME 5310, 8STREME 7310, 8STREME 7320 k\u00e9sz\u00fcl\u00e9ket le kell v\u00e1lasztani, miel\u0151tt b\u00e1rmilyen cser\u00e9t v\u00e9grehajtana.<\/p><p>\u00a0<\/p><p>A t\u00f6m\u00edt\u0151anya elt\u00e1vol\u00edt\u00e1s\u00e1hoz egyszer\u0171en t\u00f6rje el a m\u0171anyagot \u00fagy, hogy az kett\u00e9hasadjon.<\/p><p>\u00a0<\/p><p>Az \u00faj t\u00f6m\u00edt\u0151anya felszerel\u00e9s\u00e9hez szerelje \u00f6ssze a h\u00edm \u00e9s a n\u0151st\u00e9ny r\u00e9szt, \u00e9s helyezze k\u00f6z\u00e9j\u00fck az \u00fasz\u00f3 k\u00e1belt. Ezut\u00e1n egy Phillips csavarh\u00faz\u00f3val h\u00fazza meg a hat csavart. A k\u00e9t legkisebb csavar a t\u00f6m\u00edt\u0151anya fels\u0151 r\u00e9sz\u00e9be, a m\u00e1sik n\u00e9gy csavar pedig az anya k\u00f6zep\u00e9be \u00e9s alj\u00e1ba csavarodik.\u00a0<\/p><p>\u00a0<\/p><p>\u00a0<\/p><h1>Forduljon a keresked\u0151h\u00f6z vagy az \u00e9rt\u00e9kes\u00edt\u00e9s ut\u00e1ni szervizhez<\/h1><p>Ha b\u00e1rmilyen probl\u00e9ma mer\u00fcl fel az anya cser\u00e9j\u00e9vel kapcsolatban, k\u00e9rj\u00fck, forduljon a keresked\u0151h\u00f6z vagy az \u00e9rt\u00e9kes\u00edt\u00e9s ut\u00e1ni szervizhez.<\/p><p>8STREME \u00fcgyf\u00e9lszolg\u00e1lat el\u00e9rhet\u0151s\u00e9gei :<\/p><p>8STREME \u00e9rt\u00e9kes\u00edt\u00e9s ut\u00e1ni szolg\u00e1ltat\u00e1s<\/p><p>6 RUE DES FRERES MICHELIN<\/p><p>10600 LA CHAPELLE SAINT LUC<\/p><p>FRANCIAORSZ\u00c1G<\/p><p>03 10 64 60 26<\/p><p><a href=\"mailto:service@8streme.eu\">service@8streme.eu<\/a><\/p>\t\t\t\t\t\t\t\t<\/div>\n\t\t\t\t<\/div>\n\t\t\t\t\t<\/div>\n\t\t<\/div>\n\t\t\t\t\t<\/div>\n\t\t<\/section>\n\t\t\t\t<\/div>","protected":false},"excerpt":{"rendered":"<p>Ha a t\u00f6m\u00edt\u0151anya elt\u00f6rik, azt gyorsan ki kell cser\u00e9lni, hogy ne befoly\u00e1solja a ROBOT POOL 8STREME 5210-J200, 8STREME 5212, 8STREME 5220-LUNA 10, 8STREME 5222, 8STREME 5310, 8STREME 7310, 8STREME 7320 m\u0171k\u00f6d\u00e9s\u00e9t, \u00e9s ne okozzon gyorsabb kop\u00e1st ... <a href=\"https:\/\/8streme.eu\/hu\/comment-remplacer-le-lecrou-detancheite-du-robot-piscine-8streme-5210-j200-5212-5220-luna-10-5222-5310-7310-7320\/\">Olvass tov\u00e1bb<\/a><\/p>","protected":false},"author":5,"featured_media":0,"parent":0,"menu_order":0,"comment_status":"closed","ping_status":"closed","template":"","meta":{"_metasync_otto_title":"","_metasync_otto_description":"","_metasync_otto_keywords":"","_metasync_otto_og_title":"","_metasync_otto_og_description":"","_metasync_otto_twitter_title":"","_metasync_otto_twitter_description":"","rank_math_title":"","rank_math_description":"","_yoast_wpseo_title":"","_yoast_wpseo_metadesc":"","_aioseo_title":"","_aioseo_description":"","_metasync_seo_title":"","_metasync_seo_desc":"","_metasync_breadcrumb_title":"","_metasync_primary_category":0,"_metasync_primary_product_cat":0,"_metasync_otto_disabled":"","_metasync_hreflang":"","_metasync_plugin_sync_ts":"","_metasync_robots_advanced":"","footnotes":""},"class_list":["post-29251","page","type-page","status-publish","hentry","_wholesalex wsx-wholesalex-product"],"_links":{"self":[{"href":"https:\/\/8streme.eu\/hu\/wp-json\/wp\/v2\/pages\/29251","targetHints":{"allow":["GET"]}}],"collection":[{"href":"https:\/\/8streme.eu\/hu\/wp-json\/wp\/v2\/pages"}],"about":[{"href":"https:\/\/8streme.eu\/hu\/wp-json\/wp\/v2\/types\/page"}],"author":[{"embeddable":true,"href":"https:\/\/8streme.eu\/hu\/wp-json\/wp\/v2\/users\/5"}],"replies":[{"embeddable":true,"href":"https:\/\/8streme.eu\/hu\/wp-json\/wp\/v2\/comments?post=29251"}],"version-history":[{"count":4,"href":"https:\/\/8streme.eu\/hu\/wp-json\/wp\/v2\/pages\/29251\/revisions"}],"predecessor-version":[{"id":29257,"href":"https:\/\/8streme.eu\/hu\/wp-json\/wp\/v2\/pages\/29251\/revisions\/29257"}],"wp:attachment":[{"href":"https:\/\/8streme.eu\/hu\/wp-json\/wp\/v2\/media?parent=29251"}],"curies":[{"name":"wp","href":"https:\/\/api.w.org\/{rel}","templated":true}]}}