{"id":29244,"date":"2024-01-02T16:03:18","date_gmt":"2024-01-02T15:03:18","guid":{"rendered":"https:\/\/8streme.eu\/?page_id=29244"},"modified":"2024-01-02T16:04:25","modified_gmt":"2024-01-02T15:04:25","slug":"a-8streme-7310-8streme-7320-medencetisztito-burkolatanak-csereje","status":"publish","type":"page","link":"https:\/\/8streme.eu\/hu\/comment-remplacer-le-couvercle-du-robot-piscine-8streme-7310-8streme-7320\/","title":{"rendered":"Hogyan cser\u00e9lhetem ki a 8STREME 7310, 8STREME 7320 \u00daSZ\u00d3K\u00d6R ROBOT fedel\u00e9t?"},"content":{"rendered":"<div data-elementor-type=\"wp-page\" data-elementor-id=\"29244\" class=\"elementor elementor-29244\" data-elementor-post-type=\"page\">\n\t\t\t\t\t\t<section class=\"elementor-section elementor-top-section elementor-element elementor-element-e1a7524 elementor-section-boxed elementor-section-height-default elementor-section-height-default\" data-id=\"e1a7524\" data-element_type=\"section\" data-e-type=\"section\">\n\t\t\t\t\t\t<div class=\"elementor-container elementor-column-gap-default\">\n\t\t\t\t\t<div class=\"elementor-column elementor-col-100 elementor-top-column elementor-element elementor-element-b5bb566\" data-id=\"b5bb566\" data-element_type=\"column\" data-e-type=\"column\">\n\t\t\t<div class=\"elementor-widget-wrap elementor-element-populated\">\n\t\t\t\t\t\t<div class=\"elementor-element elementor-element-179e30a elementor-widget elementor-widget-text-editor\" data-id=\"179e30a\" data-element_type=\"widget\" data-e-type=\"widget\" data-widget_type=\"text-editor.default\">\n\t\t\t\t<div class=\"elementor-widget-container\">\n\t\t\t\t\t\t\t\t\t<p>Ha a burkolat elt\u00f6rik vagy megrepedt, gyorsan ki kell cser\u00e9lni, hogy ne befoly\u00e1solja a 8STREME 7310, 8STREME 7320 \u00daSZ\u00c1SPAD ROBOT m\u0171k\u00f6d\u00e9s\u00e9t, \u00e9s ne okozza a 8STREME 7310, 8STREME 7320 \u00daSZ\u00c1SPAD ROBOT gyorsabb elhaszn\u00e1l\u00f3d\u00e1s\u00e1t.<\/p><p>\u00a0<\/p><h1>A haszn\u00e1land\u00f3 eszk\u00f6z\u00f6k<\/h1><p>A burkolat cser\u00e9j\u00e9hez sz\u00fcks\u00e9ge lesz :<\/p><ul><li>Phillips csavarh\u00faz\u00f3<\/li><\/ul><p>\u00a0<\/p><h1>P\u00f3talkatr\u00e9szek<\/h1><p>Mell\u00e9kelj\u00fck a linket a bor\u00edt\u00f3 megv\u00e1s\u00e1rl\u00e1s\u00e1hoz: \u00a0<a href=\"https:\/\/8streme.eu\/hu\/termek\/felso-fedel-fustol-71020\/\">https:\/\/8streme.eu\/produit\/couvercle-superieur-fume-71020\/<\/a><\/p><p>\u00a0<\/p><h1>A cser\u00e9re vonatkoz\u00f3 elj\u00e1r\u00e1s<\/h1><p>Javasoljuk, hogy k\u00f6vesse a vide\u00f3s \u00fatmutat\u00f3t a burkolat cser\u00e9j\u00e9hez.<\/p><p>Link a 8STREME 7310, 8STREME 7320 \u00daSZ\u00c1SPAD ROBOT fedel\u00e9nek cser\u00e9j\u00e9hez : <a href=\"https:\/\/www.youtube.com\/watch?v=gTqU9o5udOU&amp;list=PLWoiTHw_wDWv8tDa7QGiQrazACbyhJHXd&amp;index=12\">https:\/\/www.youtube.com\/watch?v=gTqU9o5udOU&amp;list=PLWoiTHw_wDWv8tDa7QGiQrazACbyhJHXd&amp;index=12<\/a><\/p><p>\u00a0<\/p><p>Az els\u0151 l\u00e9p\u00e9s az, hogy h\u00fazza ki a 8STREME 7310, 8STREME 7320 POOL ROBOT-ot, miel\u0151tt b\u00e1rmilyen cser\u00e9t v\u00e9grehajtana.<\/p><p>\u00a0<\/p><p>A fed\u00e9l elt\u00e1vol\u00edt\u00e1s\u00e1hoz t\u00e1vol\u00edtsa el a fed\u00e9l k\u00e9t oldal\u00e1n l\u00e9v\u0151 k\u00e9t csavaros kupakot, majd csavarja le a k\u00e9t konzolt a Phillips csavarh\u00faz\u00f3val. Tartsa az alkatr\u00e9szeket biztons\u00e1gos helyen.<\/p><p>Miut\u00e1n lecsavarta, emelje le a fedelet.<\/p><p>\u00a0<\/p><p>Az \u00faj burkolat felszerel\u00e9s\u00e9hez helyezze vissza az \u00faj burkolatot, \u00e9s szerelje fel a konzolokat a burkolatra. H\u00fazza meg a Phillips csavarh\u00faz\u00f3val, \u00e9s helyezze vissza a csavaros kupakokat.<\/p><p>\u00a0<\/p><p>\u00a0<\/p><h1><strong>Forduljon a keresked\u0151h\u00f6z vagy az \u00e9rt\u00e9kes\u00edt\u00e9s ut\u00e1ni szervizhez<\/strong><\/h1><p><strong>Ha b\u00e1rmilyen probl\u00e9ma mer\u00fcl fel a meghajt\u00f3sz\u00edjak cser\u00e9j\u00e9vel kapcsolatban, k\u00e9rj\u00fck, forduljon a m\u00e1rkakeresked\u0151h\u00f6z vagy az \u00e9rt\u00e9kes\u00edt\u00e9s ut\u00e1ni szervizhez. <\/strong><\/p><p>8STREME \u00fcgyf\u00e9lszolg\u00e1lat el\u00e9rhet\u0151s\u00e9gei :<\/p><p>8STREME \u00e9rt\u00e9kes\u00edt\u00e9s ut\u00e1ni szolg\u00e1ltat\u00e1s<\/p><p>6 RUE DES FRERES MICHELIN<\/p><p>10600 LA CHAPELLE SAINT LUC<\/p><p>FRANCIAORSZ\u00c1G<\/p><p>03 10 64 60 26<\/p><p><a href=\"mailto:service@8streme.eu\">service@8streme.eu<\/a><\/p>\t\t\t\t\t\t\t\t<\/div>\n\t\t\t\t<\/div>\n\t\t\t\t\t<\/div>\n\t\t<\/div>\n\t\t\t\t\t<\/div>\n\t\t<\/section>\n\t\t\t\t<\/div>","protected":false},"excerpt":{"rendered":"<p>Ha a burkolat elt\u00f6rik vagy megrepedt, gyorsan ki kell cser\u00e9lni, hogy ne befoly\u00e1solja a 8STREME 7310, 8STREME 7320 \u00daSZ\u00c1SPAD ROBOT m\u0171k\u00f6d\u00e9s\u00e9t, \u00e9s ne okozza a 8STREME 7310, 8STREME 7320 \u00daSZ\u00c1SPAD ROBOT gyorsabb elhaszn\u00e1l\u00f3d\u00e1s\u00e1t. .... <a href=\"https:\/\/8streme.eu\/hu\/comment-remplacer-le-couvercle-du-robot-piscine-8streme-7310-8streme-7320\/\">Olvass tov\u00e1bb<\/a><\/p>","protected":false},"author":5,"featured_media":0,"parent":0,"menu_order":0,"comment_status":"closed","ping_status":"closed","template":"","meta":{"_metasync_otto_title":"Remplacer le couvercle du Robot Piscine 8streme - Guide","_metasync_otto_description":"D\u00e9couvrez comment remplacer le couvercle du Robot Piscine 8STREME 7310, 8STREME 7320. Suivez notre vid\u00e9o tutoriel pour un remplacement facile et efficace.","_metasync_otto_keywords":"","_metasync_otto_og_title":"","_metasync_otto_og_description":"","_metasync_otto_twitter_title":"","_metasync_otto_twitter_description":"","rank_math_title":"","rank_math_description":"","_yoast_wpseo_title":"","_yoast_wpseo_metadesc":"","_aioseo_title":"","_aioseo_description":"","_metasync_seo_title":"","_metasync_seo_desc":"","_metasync_breadcrumb_title":"","_metasync_primary_category":0,"_metasync_primary_product_cat":0,"_metasync_otto_disabled":"","_metasync_hreflang":"","_metasync_plugin_sync_ts":"","_metasync_robots_advanced":"","footnotes":""},"class_list":["post-29244","page","type-page","status-publish","hentry","_wholesalex wsx-wholesalex-product"],"_links":{"self":[{"href":"https:\/\/8streme.eu\/hu\/wp-json\/wp\/v2\/pages\/29244","targetHints":{"allow":["GET"]}}],"collection":[{"href":"https:\/\/8streme.eu\/hu\/wp-json\/wp\/v2\/pages"}],"about":[{"href":"https:\/\/8streme.eu\/hu\/wp-json\/wp\/v2\/types\/page"}],"author":[{"embeddable":true,"href":"https:\/\/8streme.eu\/hu\/wp-json\/wp\/v2\/users\/5"}],"replies":[{"embeddable":true,"href":"https:\/\/8streme.eu\/hu\/wp-json\/wp\/v2\/comments?post=29244"}],"version-history":[{"count":4,"href":"https:\/\/8streme.eu\/hu\/wp-json\/wp\/v2\/pages\/29244\/revisions"}],"predecessor-version":[{"id":29250,"href":"https:\/\/8streme.eu\/hu\/wp-json\/wp\/v2\/pages\/29244\/revisions\/29250"}],"wp:attachment":[{"href":"https:\/\/8streme.eu\/hu\/wp-json\/wp\/v2\/media?parent=29244"}],"curies":[{"name":"wp","href":"https:\/\/api.w.org\/{rel}","templated":true}]}}