{"id":29230,"date":"2024-01-02T15:58:16","date_gmt":"2024-01-02T14:58:16","guid":{"rendered":"https:\/\/8streme.eu\/?page_id=29230"},"modified":"2024-01-02T15:59:02","modified_gmt":"2024-01-02T14:59:02","slug":"a-8streme-7310-8streme-7320-medencetisztito-motorblokkjanak-csereje","status":"publish","type":"page","link":"https:\/\/8streme.eu\/hu\/comment-remplacer-le-bloc-moteur-du-robot-piscine-8streme-7310-8streme-7320\/","title":{"rendered":"Hogyan cser\u00e9lhetem ki a motoregys\u00e9get a 8STREME 7310, 8STREME 7320 \u00daSZ\u00c1SPAD ROBOT-ban?"},"content":{"rendered":"<div data-elementor-type=\"wp-page\" data-elementor-id=\"29230\" class=\"elementor elementor-29230\" data-elementor-post-type=\"page\">\n\t\t\t\t\t\t<section class=\"elementor-section elementor-top-section elementor-element elementor-element-e1f25f5 elementor-section-boxed elementor-section-height-default elementor-section-height-default\" data-id=\"e1f25f5\" data-element_type=\"section\" data-e-type=\"section\">\n\t\t\t\t\t\t<div class=\"elementor-container elementor-column-gap-default\">\n\t\t\t\t\t<div class=\"elementor-column elementor-col-100 elementor-top-column elementor-element elementor-element-822c59c\" data-id=\"822c59c\" data-element_type=\"column\" data-e-type=\"column\">\n\t\t\t<div class=\"elementor-widget-wrap elementor-element-populated\">\n\t\t\t\t\t\t<div class=\"elementor-element elementor-element-7df123a elementor-widget elementor-widget-text-editor\" data-id=\"7df123a\" data-element_type=\"widget\" data-e-type=\"widget\" data-widget_type=\"text-editor.default\">\n\t\t\t\t<div class=\"elementor-widget-container\">\n\t\t\t\t\t\t\t\t\t<p>Ha a motorblokk elhaszn\u00e1l\u00f3dik vagy elromlik, gyorsan ki kell cser\u00e9lni, hogy ne befoly\u00e1solja a 8STREME 7310, 8STREME 7320 POOL ROBOT m\u0171k\u00f6d\u00e9s\u00e9t, \u00e9s ne okozza a 8STREME 7310, 8STREME 7320 POOL ROBOT gyorsabb elhaszn\u00e1l\u00f3d\u00e1s\u00e1t.<\/p><p>\u00a0<\/p><h1>A haszn\u00e1land\u00f3 eszk\u00f6z\u00f6k<\/h1><p>A g\u00f6rg\u0151 cser\u00e9j\u00e9hez sz\u00fcks\u00e9ge lesz :<\/p><ul><li>Inbuszkulcs<\/li><li>Phillips csavarh\u00faz\u00f3<\/li><li>Egy lapos fej\u0171 csavarh\u00faz\u00f3<\/li><li>Egy motorkulcs<\/li><\/ul><p>\u00a0<\/p><h1>P\u00f3talkatr\u00e9szek<\/h1><p>Mell\u00e9kelj\u00fck a motorblokk megv\u00e1s\u00e1rl\u00e1s\u00e1hoz sz\u00fcks\u00e9ges linket: <a href=\"https:\/\/8streme.eu\/hu\/termek\/szivattyumotor-egyseg-71050\/\">https:\/\/8streme.eu\/produit\/bloc-moteur-de-la-pompe-71050\/<\/a><\/p><p>\u00a0<\/p><p>A motorkulcsot a csomagba helyezik.<\/p><h1>A cser\u00e9re vonatkoz\u00f3 elj\u00e1r\u00e1s<\/h1><p>Javasoljuk, hogy k\u00f6vesse a vide\u00f3s \u00fatmutat\u00f3t a motorblokk cser\u00e9j\u00e9hez.<\/p><p>\u00a0<\/p><p>8STREME 7310, 8STREME 7320 \u00daSZ\u00c1SPAD ROBOT motor sz\u00e9tszerel\u00e9si link: <a href=\"https:\/\/www.youtube.com\/watch?v=-q-rfdu2Wy8&amp;list=PLWoiTHw_wDWv8tDa7QGiQrazACbyhJHXd&amp;index=3\">https:\/\/www.youtube.com\/watch?v=-q-rfdu2Wy8&amp;list=PLWoiTHw_wDWv8tDa7QGiQrazACbyhJHXd&amp;index=3<\/a><\/p><p>\u00a0<\/p><p>8STREME 7310, 8STREME 7320 \u00daSZ\u00c1SPAD ROBOT motor \u00f6sszeszerel\u00e9si link:<\/p><p><a href=\"https:\/\/www.youtube.com\/watch?v=ItmaF-YrXz4&amp;list=PLWoiTHw_wDWv8tDa7QGiQrazACbyhJHXd&amp;index=4\">https:\/\/www.youtube.com\/watch?v=ItmaF-YrXz4&amp;list=PLWoiTHw_wDWv8tDa7QGiQrazACbyhJHXd&amp;index=4<\/a> \u00a0<\/p><p>\u00a0<\/p><p>Az els\u0151 l\u00e9p\u00e9s az, hogy h\u00fazza ki a 8STREME 7310, 8STREME 7320 POOL ROBOT-ot, miel\u0151tt b\u00e1rmilyen cser\u00e9t v\u00e9grehajtana.<\/p><p>\u00a0<\/p><p>Nyissa ki az \u00e9lelmiszer-feldolgoz\u00f3 fedel\u00e9t, \u00e9s a kos\u00e1r foganty\u00faj\u00e1n\u00e1l fogva h\u00fazva vegye ki a sz\u0171r\u0151kosarat.<\/p><p>A motor leszerel\u00e9s\u00e9hez egyszer\u0171en csavarja ki a n\u00e9gy imbuszcsavart a robot belsej\u00e9ben a sarkokban tal\u00e1lhat\u00f3 imbuszkulccsal. Ford\u00edtsa meg a robotot, \u00e9s csavarja ki a k\u00e9t k\u00fcls\u0151 g\u00f6rg\u0151 k\u00e9t kis csavarj\u00e1t, majd t\u00e1vol\u00edtsa el a k\u00e9t g\u00f6rg\u0151t.<\/p><p>Ezut\u00e1n t\u00e1vol\u00edtsa el a robot alapj\u00e1t tart\u00f3 n\u00e9gy csavart, \u00e9s mindk\u00e9t oldalr\u00f3l h\u00fazva emelje ki.<\/p><p>Az alap elt\u00e1vol\u00edt\u00e1sa ut\u00e1n csavarja ki a motoregys\u00e9get r\u00f6gz\u00edt\u0151 h\u00e1rom csavart.<\/p><p>Ford\u00edtsa a robotot a jobb oldal\u00e1ra, \u00e9s egy laposfej\u0171 csavarh\u00faz\u00f3val oldja ki a motorr\u00e1csot a tetej\u00e9n.<\/p><p>Nyissa ki a fedelet, \u00e9s vegye ki a motoregys\u00e9get a motor felemel\u00e9s\u00e9vel \u00e9s kifel\u00e9 billent\u00e9s\u00e9vel.<\/p><p>Csavarja le a motorblokk fekete any\u00e1j\u00e1t a motorkulcs seg\u00edts\u00e9g\u00e9vel, majd t\u00e1vol\u00edtsa el az \u00fasz\u00f3 k\u00e1belt a motorblokkr\u00f3l.<\/p><p>\u00a0<\/p><p>Tartsa az \u00f6sszes alkatr\u00e9szt f\u00e9lre.\u00a0<\/p><p>\u00a0<\/p><p>Az \u00faj motor felszerel\u00e9s\u00e9hez csatlakoztassa az \u00fasz\u00f3k\u00e1belt az \u00faj motoregys\u00e9ghez, \u00e9s a fekete any\u00e1t csavarja a motorra a motorkulcs seg\u00edts\u00e9g\u00e9vel.<\/p><p>Helyezze vissza a motorblokkot a robotba, \u00e9s ford\u00edtsa meg a robotot.<\/p><p>H\u00fazza meg a motoregys\u00e9get r\u00f6gz\u00edt\u0151 h\u00e1rom csavart.<\/p><p>Helyezze vissza az alapot a megfelel\u0151 ir\u00e1nyba a roboth\u00e9jra. H\u00fazza meg a n\u00e9gy csavart, amelyek az alapot a roboth\u00e1zhoz r\u00f6gz\u00edtik. Helyezze vissza a k\u00e9t g\u00f6rg\u0151t a m\u0171anyag tart\u00f3kra, \u00e9s h\u00fazza meg a k\u00e9t kis csavart.<\/p><p>Ford\u00edtsa a robotot a jobb oldal\u00e1ra, \u00e9s csavarja vissza a n\u00e9gy imbuszcsavart a robotba.<\/p><p>Csatolja vissza a motorr\u00e1csot, \u00fcgyelve arra, hogy a fekete k\u00e1belt\u00f6m\u00edt\u00e9s a r\u00e1cson l\u00e9v\u0151 helyre ker\u00fclj\u00f6n.<\/p><p>\u00a0<\/p><h1><strong>Forduljon a keresked\u0151h\u00f6z vagy az \u00e9rt\u00e9kes\u00edt\u00e9s ut\u00e1ni szervizhez<\/strong><\/h1><p><strong>Ha b\u00e1rmilyen probl\u00e9ma mer\u00fcl fel a meghajt\u00f3sz\u00edjak cser\u00e9j\u00e9vel kapcsolatban, k\u00e9rj\u00fck, forduljon a m\u00e1rkakeresked\u0151h\u00f6z vagy az \u00e9rt\u00e9kes\u00edt\u00e9s ut\u00e1ni szervizhez. <\/strong><\/p><p>8STREME \u00fcgyf\u00e9lszolg\u00e1lat el\u00e9rhet\u0151s\u00e9gei :<\/p><p>8STREME \u00e9rt\u00e9kes\u00edt\u00e9s ut\u00e1ni szolg\u00e1ltat\u00e1s<\/p><p>6 RUE DES FRERES MICHELIN<\/p><p>10600 LA CHAPELLE SAINT LUC<\/p><p>FRANCIAORSZ\u00c1G<\/p><p>03 10 64 60 26<\/p><p><a href=\"mailto:service@8streme.eu\">service@8streme.eu<\/a><\/p>\t\t\t\t\t\t\t\t<\/div>\n\t\t\t\t<\/div>\n\t\t\t\t\t<\/div>\n\t\t<\/div>\n\t\t\t\t\t<\/div>\n\t\t<\/section>\n\t\t\t\t<\/div>","protected":false},"excerpt":{"rendered":"<p>Ha a motorblokk elkopik vagy elt\u00f6rik, gyorsan ki kell cser\u00e9lni, hogy ne befoly\u00e1solja a 8STREME 7310, 8STREME 7320 \u00daSZ\u00d3B\u00d3L\u00d3 ROBOT m\u0171k\u00f6d\u00e9s\u00e9t, \u00e9s ne okozza a 8STREME 7310, 8STREME 7320 \u00daSZ\u00d3B\u00d3L\u00d3 ROBOT gyorsabb kop\u00e1s\u00e1t.... <a href=\"https:\/\/8streme.eu\/hu\/comment-remplacer-le-bloc-moteur-du-robot-piscine-8streme-7310-8streme-7320\/\">Olvass tov\u00e1bb<\/a><\/p>","protected":false},"author":5,"featured_media":0,"parent":0,"menu_order":0,"comment_status":"closed","ping_status":"closed","template":"","meta":{"_metasync_otto_title":"Changement rapide bloc moteur Robot Piscine 8streme","_metasync_otto_description":"Remplacez rapidement le bloc moteur du Robot Piscine 8Streme 7310, 8Streme 7320 avec nos conseils. D\u00e9montage et montage faciles gr\u00e2ce \u00e0 nos vid\u00e9os tutoriels.","_metasync_otto_keywords":"","_metasync_otto_og_title":"","_metasync_otto_og_description":"","_metasync_otto_twitter_title":"","_metasync_otto_twitter_description":"","rank_math_title":"","rank_math_description":"","_yoast_wpseo_title":"","_yoast_wpseo_metadesc":"","_aioseo_title":"","_aioseo_description":"","_metasync_seo_title":"","_metasync_seo_desc":"","_metasync_breadcrumb_title":"","_metasync_primary_category":0,"_metasync_primary_product_cat":0,"_metasync_otto_disabled":"","_metasync_hreflang":"","_metasync_plugin_sync_ts":"","_metasync_robots_advanced":"","footnotes":""},"class_list":["post-29230","page","type-page","status-publish","hentry","_wholesalex wsx-wholesalex-product"],"_links":{"self":[{"href":"https:\/\/8streme.eu\/hu\/wp-json\/wp\/v2\/pages\/29230","targetHints":{"allow":["GET"]}}],"collection":[{"href":"https:\/\/8streme.eu\/hu\/wp-json\/wp\/v2\/pages"}],"about":[{"href":"https:\/\/8streme.eu\/hu\/wp-json\/wp\/v2\/types\/page"}],"author":[{"embeddable":true,"href":"https:\/\/8streme.eu\/hu\/wp-json\/wp\/v2\/users\/5"}],"replies":[{"embeddable":true,"href":"https:\/\/8streme.eu\/hu\/wp-json\/wp\/v2\/comments?post=29230"}],"version-history":[{"count":4,"href":"https:\/\/8streme.eu\/hu\/wp-json\/wp\/v2\/pages\/29230\/revisions"}],"predecessor-version":[{"id":29236,"href":"https:\/\/8streme.eu\/hu\/wp-json\/wp\/v2\/pages\/29230\/revisions\/29236"}],"wp:attachment":[{"href":"https:\/\/8streme.eu\/hu\/wp-json\/wp\/v2\/media?parent=29230"}],"curies":[{"name":"wp","href":"https:\/\/api.w.org\/{rel}","templated":true}]}}