{"id":29223,"date":"2024-01-02T15:55:54","date_gmt":"2024-01-02T14:55:54","guid":{"rendered":"https:\/\/8streme.eu\/?page_id=29223"},"modified":"2024-01-02T15:56:09","modified_gmt":"2024-01-02T14:56:09","slug":"a-8streme-5310-medencetisztito-motorblokkjanak-csereje","status":"publish","type":"page","link":"https:\/\/8streme.eu\/hu\/comment-remplacer-le-bloc-moteur-du-robot-piscine-8streme-5310\/","title":{"rendered":"Hogyan cser\u00e9lhetem ki a motoregys\u00e9get a 8STREME 5310 ROBOT POOL-ban?"},"content":{"rendered":"<div data-elementor-type=\"wp-page\" data-elementor-id=\"29223\" class=\"elementor elementor-29223\" data-elementor-post-type=\"page\">\n\t\t\t\t\t\t<section class=\"elementor-section elementor-top-section elementor-element elementor-element-4c131252 elementor-section-boxed elementor-section-height-default elementor-section-height-default\" data-id=\"4c131252\" data-element_type=\"section\" data-e-type=\"section\">\n\t\t\t\t\t\t<div class=\"elementor-container elementor-column-gap-default\">\n\t\t\t\t\t<div class=\"elementor-column elementor-col-100 elementor-top-column elementor-element elementor-element-51fd32b0\" data-id=\"51fd32b0\" data-element_type=\"column\" data-e-type=\"column\">\n\t\t\t<div class=\"elementor-widget-wrap elementor-element-populated\">\n\t\t\t\t\t\t<div class=\"elementor-element elementor-element-49759b00 elementor-widget elementor-widget-text-editor\" data-id=\"49759b00\" data-element_type=\"widget\" data-e-type=\"widget\" data-widget_type=\"text-editor.default\">\n\t\t\t\t<div class=\"elementor-widget-container\">\n\t\t\t\t\t\t\t\t\t\n<p>Ha a motorblokk elhaszn\u00e1l\u00f3dik vagy elromlik, gyorsan ki kell cser\u00e9lni, hogy ne befoly\u00e1solja a 8STREME 5310 ROBOT POOL m\u0171k\u00f6d\u00e9s\u00e9t, \u00e9s ne okozza a 8STREME 5310 ROBOT POOL gyorsabb elhaszn\u00e1l\u00f3d\u00e1s\u00e1t.<\/p>\n\n\n\n<h1 class=\"wp-block-heading\">A haszn\u00e1land\u00f3 eszk\u00f6z\u00f6k<\/h1>\n\n\n\n<p>A g\u00f6rg\u0151 cser\u00e9j\u00e9hez sz\u00fcks\u00e9ge lesz :<\/p>\n\n\n\n<ul class=\"wp-block-list\">\n<li>Phillips csavarh\u00faz\u00f3<\/li>\n\n\n\n<li>Egy motorkulcs<\/li>\n<\/ul>\n\n\n\n<h1 class=\"wp-block-heading\">P\u00f3talkatr\u00e9szek<\/h1>\n\n\n\n<p>Mell\u00e9kelj\u00fck a 8STREME 5310 SWIMMING POOL ROBOT motoregys\u00e9g\u00e9nek megv\u00e1s\u00e1rl\u00e1s\u00e1hoz sz\u00fcks\u00e9ges linket: <a href=\"https:\/\/8streme.eu\/hu\/termek\/szivattyumotor-51400\/\">https:\/\/8streme.eu\/produit\/moteur-de-pompe-51400\/<\/a><\/p>\n\n\n\n<p>A motorkulcsot a csomagba helyezik.<\/p>\n\n\n\n<h1 class=\"wp-block-heading\">A cser\u00e9re vonatkoz\u00f3 elj\u00e1r\u00e1s<\/h1>\n\n\n\n<p>Az els\u0151 l\u00e9p\u00e9s az, hogy h\u00fazza ki a 8STREME 5310 POOL ROBOT-ot, miel\u0151tt b\u00e1rmilyen cser\u00e9t v\u00e9grehajtana.<\/p>\n\n\n\n<p>A motor elt\u00e1vol\u00edt\u00e1s\u00e1hoz nyissa ki az \u00e9telfeldolgoz\u00f3t a processzor elej\u00e9n l\u00e9v\u0151 nyom\u00f3gomb megnyom\u00e1s\u00e1val, majd emelje fel a fedelet, am\u00edg a zsan\u00e9rok \"kattan\u00e1s\u00e1t\" nem hallja a fed\u00e9l r\u00f6gz\u00edt\u00e9s\u00e9hez.<\/p>\n\n\n\n<p>Ezut\u00e1n t\u00e1vol\u00edtsa el a robot belsej\u00e9ben l\u00e9v\u0151 n\u00e9gy csavart, amelyek a szivatty\u00famotor fels\u0151 konzolj\u00e1t tartj\u00e1k a hely\u00e9n, \u00e9s h\u00fazza ki.<\/p>\n\n\n\n<p>Ezut\u00e1n a h\u00e1rom kis csavar kicsavar\u00e1s\u00e1val t\u00e1vol\u00edtsa el a szivatty\u00fa kimeneti szelepeit mindk\u00e9t oldalon.<\/p>\n\n\n\n<p>Ezut\u00e1n csavarja ki a motort a konzolhoz r\u00f6gz\u00edt\u0151 k\u00e9t csavart, \u00e9s vegye ki a motort.<\/p>\n\n\n\n<p>Csavarja le a fekete motorany\u00e1t a motorkulcs seg\u00edts\u00e9g\u00e9vel, \u00e9s t\u00e1vol\u00edtsa el az \u00fasz\u00f3 k\u00e1belt.<\/p>\n\n\n\n<p>Tartsa az \u00f6sszes alkatr\u00e9szt f\u00e9lre.&nbsp;<\/p>\n\n\n\n<p>Az \u00faj motor felszerel\u00e9s\u00e9hez csatlakoztassa az \u00fasz\u00f3k\u00e1belt az \u00faj motoregys\u00e9ghez, \u00e9s a fekete any\u00e1t csavarja a motorra a motorkulcs seg\u00edts\u00e9g\u00e9vel.<\/p>\n\n\n\n<p>Helyezze vissza a motoregys\u00e9get a fels\u0151 konzolba, \u00e9s h\u00fazza meg a motoregys\u00e9get r\u00f6gz\u00edt\u0151 k\u00e9t csavart.<\/p>\n\n\n\n<p>A h\u00e1rom kis csavar megh\u00faz\u00e1s\u00e1val szerelje vissza a szivatty\u00fa kimeneti szelepeit.<\/p>\n\n\n\n<p>Helyezze vissza a fels\u0151 tart\u00f3t a robotra, \u00e9s csavarozza vissza a hely\u00e9re a bels\u0151 oldalon l\u00e9v\u0151 n\u00e9gy csavarral.<\/p>\n\n\n\n<h1 class=\"wp-block-heading\"><strong>Forduljon a keresked\u0151h\u00f6z vagy az \u00e9rt\u00e9kes\u00edt\u00e9s ut\u00e1ni szervizhez<\/strong><\/h1>\n\n\n\n<p><strong>Ha b\u00e1rmilyen probl\u00e9ma mer\u00fcl fel a meghajt\u00f3sz\u00edjak cser\u00e9j\u00e9vel kapcsolatban, k\u00e9rj\u00fck, forduljon a m\u00e1rkakeresked\u0151h\u00f6z vagy az \u00e9rt\u00e9kes\u00edt\u00e9s ut\u00e1ni szervizhez.<\/strong><\/p>\n\n\n\n<p>8STREME \u00fcgyf\u00e9lszolg\u00e1lat el\u00e9rhet\u0151s\u00e9gei :<\/p>\n\n\n\n<p>8STREME \u00e9rt\u00e9kes\u00edt\u00e9s ut\u00e1ni szolg\u00e1ltat\u00e1s<\/p>\n\n\n\n<p>6 RUE DES FRERES MICHELIN<\/p>\n\n\n\n<p>10600 LA CHAPELLE SAINT LUC<\/p>\n\n\n\n<p>FRANCIAORSZ\u00c1G<\/p>\n\n\n\n<p>03 10 64 60 26<\/p>\n\n\n\n<p><a href=\"mailto:service@8streme.eu\">service@8streme.eu<\/a><\/p>\n\t\t\t\t\t\t\t\t<\/div>\n\t\t\t\t<\/div>\n\t\t\t\t\t<\/div>\n\t\t<\/div>\n\t\t\t\t\t<\/div>\n\t\t<\/section>\n\t\t\t\t<\/div>","protected":false},"excerpt":{"rendered":"<p>Ha a motorblokk elkopik vagy elt\u00f6rik, gyorsan ki kell cser\u00e9lni, hogy ne befoly\u00e1solja a 8STREME 5310 ROBOT POOL m\u0171k\u00f6d\u00e9s\u00e9t, \u00e9s ne okozza a 8STREME 5310 ROBOT POOL gyorsabb elhaszn\u00e1l\u00f3d\u00e1s\u00e1t. A szersz\u00e1mok ... <a href=\"https:\/\/8streme.eu\/hu\/comment-remplacer-le-bloc-moteur-du-robot-piscine-8streme-5310\/\">Olvass tov\u00e1bb<\/a><\/p>","protected":false},"author":5,"featured_media":0,"parent":0,"menu_order":0,"comment_status":"closed","ping_status":"closed","template":"","meta":{"_metasync_otto_title":"","_metasync_otto_description":"","_metasync_otto_keywords":"","_metasync_otto_og_title":"","_metasync_otto_og_description":"","_metasync_otto_twitter_title":"","_metasync_otto_twitter_description":"","rank_math_title":"","rank_math_description":"","_yoast_wpseo_title":"","_yoast_wpseo_metadesc":"","_aioseo_title":"","_aioseo_description":"","_metasync_seo_title":"","_metasync_seo_desc":"","_metasync_breadcrumb_title":"","_metasync_primary_category":0,"_metasync_primary_product_cat":0,"_metasync_otto_disabled":"","_metasync_hreflang":"","_metasync_plugin_sync_ts":"","_metasync_robots_advanced":"","footnotes":""},"class_list":["post-29223","page","type-page","status-publish","hentry","_wholesalex wsx-wholesalex-product"],"_links":{"self":[{"href":"https:\/\/8streme.eu\/hu\/wp-json\/wp\/v2\/pages\/29223","targetHints":{"allow":["GET"]}}],"collection":[{"href":"https:\/\/8streme.eu\/hu\/wp-json\/wp\/v2\/pages"}],"about":[{"href":"https:\/\/8streme.eu\/hu\/wp-json\/wp\/v2\/types\/page"}],"author":[{"embeddable":true,"href":"https:\/\/8streme.eu\/hu\/wp-json\/wp\/v2\/users\/5"}],"replies":[{"embeddable":true,"href":"https:\/\/8streme.eu\/hu\/wp-json\/wp\/v2\/comments?post=29223"}],"version-history":[{"count":4,"href":"https:\/\/8streme.eu\/hu\/wp-json\/wp\/v2\/pages\/29223\/revisions"}],"predecessor-version":[{"id":29229,"href":"https:\/\/8streme.eu\/hu\/wp-json\/wp\/v2\/pages\/29223\/revisions\/29229"}],"wp:attachment":[{"href":"https:\/\/8streme.eu\/hu\/wp-json\/wp\/v2\/media?parent=29223"}],"curies":[{"name":"wp","href":"https:\/\/api.w.org\/{rel}","templated":true}]}}