{"id":4841,"date":"2019-05-16T12:14:32","date_gmt":"2019-05-16T10:14:32","guid":{"rendered":"http:\/\/8streme.eu\/?post_type=product&#038;p=4841"},"modified":"2023-07-11T11:43:32","modified_gmt":"2023-07-11T09:43:32","slug":"cable-flotante-en-el-extremo-del-robot-2m-de-longitud-gris-33211","status":"publish","type":"product","link":"https:\/\/8streme.eu\/es\/produit\/cable-flottant-a-lextremite-du-robot-2m-de-long-gris-33211\/","title":{"rendered":"Cable flotante en el extremo del robot. 3 m de longitud. Gris - 33211-20"},"content":{"rendered":"<p>Cable flotante en el extremo del robot. 3 m de longitud. Gris - 33211-20<\/p>\n<p>Este producto es compatible con 8STREME 5210-J200, 8STREME 5220-LUNA 10, 8STREME 5222, Black Coral, Jelly Fish ...<\/p>\n<p><a href=\"https:\/\/www.youtube.com\/watch?v=3PPJU9pLre0&amp;list=PLWoiTHw_wDWv8tDa7QGiQrazACbyhJHXd&amp;index=15\">V\u00eddeo de conexi\u00f3n por cable<\/a><\/p>\n<p><a href=\"https:\/\/www.youtube.com\/watch?v=Wm1gVmIjdDs\">Conectar los cables<\/a><\/p>","protected":false},"excerpt":{"rendered":"<p>Cable flotante en el extremo del robot. 3 m de longitud. Gris - 33211-20<\/p>\n<p>Ce produit est compatible avec les robots 8STREME 5210-J200, 8STREME 5220-LUNA 10, 8STREME 5222, Black Coral, Jelly Fish &#8230; &hellip; <a href=\"https:\/\/8streme.eu\/es\/produit\/cable-flottant-a-lextremite-du-robot-2m-de-long-gris-33211\/\">Seguir leyendo<\/a><\/p>","protected":false},"featured_media":4853,"template":"","meta":{"_metasync_otto_title":"C\u00e2ble flottant robot 8streme 3m Gris 33211-20 - Vue","_metasync_otto_description":"C\u00e2ble flottant gris de 2m compatibles avec plusieurs robots 8STREME. Vid\u00e9o de raccordement des c\u00e2bles inclus. Qualit\u00e9 et compatibilit\u00e9 pour votre robot!","_metasync_otto_keywords":"","_metasync_otto_og_title":"","_metasync_otto_og_description":"","_metasync_otto_twitter_title":"","_metasync_otto_twitter_description":"","rank_math_title":"","rank_math_description":"","_yoast_wpseo_title":"","_yoast_wpseo_metadesc":"","_aioseo_title":"","_aioseo_description":"","_metasync_seo_title":"","_metasync_seo_desc":"","_metasync_breadcrumb_title":"","_metasync_primary_category":0,"_metasync_primary_product_cat":0,"_metasync_otto_disabled":"","_metasync_hreflang":"","_metasync_plugin_sync_ts":"","_metasync_robots_advanced":""},"product_brand":[],"product_cat":[58,314,261],"product_tag":[],"class_list":{"0":"post-4841","1":"product","2":"type-product","3":"status-publish","4":"has-post-thumbnail","6":"product_cat-pieces-detachees-robot-5210-j200","7":"product_cat-pieces-detachees-robot-5220-luna10-v19","8":"product_cat-pieces-detachees-robot-5222","9":"_wholesalex wsx-wholesalex-product","11":"first","12":"instock","13":"taxable","14":"shipping-taxable","15":"purchasable","16":"product-type-simple"},"_links":{"self":[{"href":"https:\/\/8streme.eu\/es\/wp-json\/wp\/v2\/product\/4841","targetHints":{"allow":["GET"]}}],"collection":[{"href":"https:\/\/8streme.eu\/es\/wp-json\/wp\/v2\/product"}],"about":[{"href":"https:\/\/8streme.eu\/es\/wp-json\/wp\/v2\/types\/product"}],"version-history":[{"count":7,"href":"https:\/\/8streme.eu\/es\/wp-json\/wp\/v2\/product\/4841\/revisions"}],"predecessor-version":[{"id":28101,"href":"https:\/\/8streme.eu\/es\/wp-json\/wp\/v2\/product\/4841\/revisions\/28101"}],"wp:featuredmedia":[{"embeddable":true,"href":"https:\/\/8streme.eu\/es\/wp-json\/wp\/v2\/media\/4853"}],"wp:attachment":[{"href":"https:\/\/8streme.eu\/es\/wp-json\/wp\/v2\/media?parent=4841"}],"wp:term":[{"taxonomy":"product_brand","embeddable":true,"href":"https:\/\/8streme.eu\/es\/wp-json\/wp\/v2\/product_brand?post=4841"},{"taxonomy":"product_cat","embeddable":true,"href":"https:\/\/8streme.eu\/es\/wp-json\/wp\/v2\/product_cat?post=4841"},{"taxonomy":"product_tag","embeddable":true,"href":"https:\/\/8streme.eu\/es\/wp-json\/wp\/v2\/product_tag?post=4841"}],"curies":[{"name":"wp","href":"https:\/\/api.w.org\/{rel}","templated":true}]}}