{"id":2146,"date":"2018-03-16T08:58:56","date_gmt":"2018-03-16T07:58:56","guid":{"rendered":"http:\/\/8streme.eu\/?post_type=product&#038;p=2146"},"modified":"2025-04-16T10:29:44","modified_gmt":"2025-04-16T08:29:44","slug":"carcasa-superior-gris-oscuro-71000","status":"publish","type":"product","link":"https:\/\/8streme.eu\/es\/produit\/coque-superieure-gris-fonce-71000\/","title":{"rendered":"Carcasa superior, gris oscuro - 71000"},"content":{"rendered":"<p><strong>Carcasa superior <\/strong>- <em>71000<\/em><\/p>\n<p>Parte superior del robot para el modelo 7310\/7311\/7320<\/p>\n<p>Color: Gris oscuro<\/p>\n<p>Este producto es compatible con los siguientes robots: 8STREME 7310, 8STREME 7311, 8STREME 7320, Black Pearl, Catfish, I-Qualer, Klinwass, Lynx ES10, Malibu, Pontaqua Phantom, Power 4.0, Power 4.0 Plus, Remora, Scooby, Tebas ...<\/p>","protected":false},"excerpt":{"rendered":"<p>Parte superior del robot para el modelo 7310\/7311\/7320<\/p>\n<p>Ce produit est compatible avec les robots 8STREME 7310, 8STREME 7311, 8STREME 7320, Black Pearl, Catfish, I-Qualer, Klinwass, Lynx ES10, Malibu, Pontaqua Phantom, Power 4.0, Power 4.0 Plus, Remora, Scooby, Tebas &#8230; &hellip; <a href=\"https:\/\/8streme.eu\/es\/produit\/coque-superieure-gris-fonce-71000\/\">Seguir leyendo<\/a><\/p>","protected":false},"featured_media":2147,"template":"","meta":{"_metasync_otto_title":"","_metasync_otto_description":"Achetez la coque sup\u00e9rieure grise fonc\u00e9e pour les robots 7310, 7311, et 7320. R\u00e9parez votre robot de piscine avec des pi\u00e8ces d","_metasync_otto_keywords":"","_metasync_otto_og_title":"","_metasync_otto_og_description":"","_metasync_otto_twitter_title":"","_metasync_otto_twitter_description":"","rank_math_title":"","rank_math_description":"","_yoast_wpseo_title":"","_yoast_wpseo_metadesc":"","_aioseo_title":"","_aioseo_description":"","_metasync_seo_title":"","_metasync_seo_desc":"","_metasync_breadcrumb_title":"","_metasync_primary_category":0,"_metasync_primary_product_cat":0,"_metasync_otto_disabled":"","_metasync_hreflang":"","_metasync_plugin_sync_ts":"","_metasync_robots_advanced":""},"product_brand":[],"product_cat":[60,173,174,376,145,229],"product_tag":[],"class_list":{"0":"post-2146","1":"product","2":"type-product","3":"status-publish","4":"has-post-thumbnail","6":"product_cat-pieces-detachees-robot-7310","7":"product_cat-pieces-detachees-robot-7310-19","8":"product_cat-pieces-detachees-robot-7310-20","9":"product_cat-pieces-detachees-robot-7311","10":"product_cat-pieces-detachees-robot-7320","11":"product_cat-pieces-detachees-robot-7320-20","12":"_wholesalex wsx-wholesalex-product","14":"first","15":"instock","16":"taxable","17":"shipping-taxable","18":"purchasable","19":"product-type-simple"},"_links":{"self":[{"href":"https:\/\/8streme.eu\/es\/wp-json\/wp\/v2\/product\/2146","targetHints":{"allow":["GET"]}}],"collection":[{"href":"https:\/\/8streme.eu\/es\/wp-json\/wp\/v2\/product"}],"about":[{"href":"https:\/\/8streme.eu\/es\/wp-json\/wp\/v2\/types\/product"}],"version-history":[{"count":9,"href":"https:\/\/8streme.eu\/es\/wp-json\/wp\/v2\/product\/2146\/revisions"}],"predecessor-version":[{"id":30393,"href":"https:\/\/8streme.eu\/es\/wp-json\/wp\/v2\/product\/2146\/revisions\/30393"}],"wp:featuredmedia":[{"embeddable":true,"href":"https:\/\/8streme.eu\/es\/wp-json\/wp\/v2\/media\/2147"}],"wp:attachment":[{"href":"https:\/\/8streme.eu\/es\/wp-json\/wp\/v2\/media?parent=2146"}],"wp:term":[{"taxonomy":"product_brand","embeddable":true,"href":"https:\/\/8streme.eu\/es\/wp-json\/wp\/v2\/product_brand?post=2146"},{"taxonomy":"product_cat","embeddable":true,"href":"https:\/\/8streme.eu\/es\/wp-json\/wp\/v2\/product_cat?post=2146"},{"taxonomy":"product_tag","embeddable":true,"href":"https:\/\/8streme.eu\/es\/wp-json\/wp\/v2\/product_tag?post=2146"}],"curies":[{"name":"wp","href":"https:\/\/api.w.org\/{rel}","templated":true}]}}