{"id":20281,"date":"2021-02-01T06:36:36","date_gmt":"2021-02-01T05:36:36","guid":{"rendered":"http:\/\/8streme.eu\/?post_type=product&#038;p=20281"},"modified":"2023-07-11T15:17:29","modified_gmt":"2023-07-11T13:17:29","slug":"cable-flotante-3-m-33232","status":"publish","type":"product","link":"https:\/\/8streme.eu\/es\/produit\/cable-flottant-3-m-33232\/","title":{"rendered":"Cable flotante 3 m - 33232"},"content":{"rendered":"<p>Cable flotante 3m, salida robot modelo 5310 - referencia 33232<\/p>\n<p>Este producto es compatible con los robots 8STREME 5310.<\/p>\n<p><a href=\"https:\/\/www.youtube.com\/watch?v=3PPJU9pLre0&amp;list=PLWoiTHw_wDWv8tDa7QGiQrazACbyhJHXd&amp;index=15\">V\u00eddeo de conexi\u00f3n por cable<\/a><\/p>\n<p><a href=\"https:\/\/www.youtube.com\/watch?v=Wm1gVmIjdDs\">Conectar los cables de v\u00eddeo<\/a><\/p>","protected":false},"excerpt":{"rendered":"<p>Cable flotante 3m, salida robot modelo 5310 - referencia 33232<\/p>\n<p>Este producto es compatible con los robots 8STREME 5310. <a href=\"https:\/\/8streme.eu\/es\/produit\/cable-flottant-3-m-33232\/\">Seguir leyendo<\/a><\/p>","protected":false},"featured_media":4850,"template":"","meta":{"_metasync_otto_title":"","_metasync_otto_description":"C\u00e2ble flottant de 3m pour robot 5310, r\u00e9f\u00e9rence 33232. Compatible avec les robots 8STREME 5310. Livraison rapide.","_metasync_otto_keywords":"","_metasync_otto_og_title":"","_metasync_otto_og_description":"","_metasync_otto_twitter_title":"","_metasync_otto_twitter_description":"","rank_math_title":"","rank_math_description":"","_yoast_wpseo_title":"","_yoast_wpseo_metadesc":"","_aioseo_title":"","_aioseo_description":"","_metasync_seo_title":"","_metasync_seo_desc":"","_metasync_breadcrumb_title":"","_metasync_primary_category":0,"_metasync_primary_product_cat":0,"_metasync_otto_disabled":"","_metasync_hreflang":"","_metasync_plugin_sync_ts":"","_metasync_robots_advanced":""},"product_brand":[],"product_cat":[313],"product_tag":[],"class_list":{"0":"post-20281","1":"product","2":"type-product","3":"status-publish","4":"has-post-thumbnail","6":"product_cat-pieces-detachees-robot-5310","7":"_wholesalex wsx-wholesalex-product","9":"first","10":"instock","11":"taxable","12":"shipping-taxable","13":"purchasable","14":"product-type-simple"},"_links":{"self":[{"href":"https:\/\/8streme.eu\/es\/wp-json\/wp\/v2\/product\/20281","targetHints":{"allow":["GET"]}}],"collection":[{"href":"https:\/\/8streme.eu\/es\/wp-json\/wp\/v2\/product"}],"about":[{"href":"https:\/\/8streme.eu\/es\/wp-json\/wp\/v2\/types\/product"}],"version-history":[{"count":4,"href":"https:\/\/8streme.eu\/es\/wp-json\/wp\/v2\/product\/20281\/revisions"}],"predecessor-version":[{"id":28145,"href":"https:\/\/8streme.eu\/es\/wp-json\/wp\/v2\/product\/20281\/revisions\/28145"}],"wp:featuredmedia":[{"embeddable":true,"href":"https:\/\/8streme.eu\/es\/wp-json\/wp\/v2\/media\/4850"}],"wp:attachment":[{"href":"https:\/\/8streme.eu\/es\/wp-json\/wp\/v2\/media?parent=20281"}],"wp:term":[{"taxonomy":"product_brand","embeddable":true,"href":"https:\/\/8streme.eu\/es\/wp-json\/wp\/v2\/product_brand?post=20281"},{"taxonomy":"product_cat","embeddable":true,"href":"https:\/\/8streme.eu\/es\/wp-json\/wp\/v2\/product_cat?post=20281"},{"taxonomy":"product_tag","embeddable":true,"href":"https:\/\/8streme.eu\/es\/wp-json\/wp\/v2\/product_tag?post=20281"}],"curies":[{"name":"wp","href":"https:\/\/api.w.org\/{rel}","templated":true}]}}