{"id":19298,"date":"2020-08-07T17:04:24","date_gmt":"2020-08-07T15:04:24","guid":{"rendered":"http:\/\/8streme.eu\/?post_type=product&#038;p=19298"},"modified":"2023-07-11T15:22:42","modified_gmt":"2023-07-11T13:22:42","slug":"caja-de-la-bomba-51442","status":"publish","type":"product","link":"https:\/\/8streme.eu\/es\/produit\/enceinte-de-pompe-51442\/","title":{"rendered":"Caja de bomba - 51442"},"content":{"rendered":"<p>Caja de bomba - 51442<\/p>\n<p>Este producto es compatible con los robots 8STREME 5310.<\/p>","protected":false},"excerpt":{"rendered":"<p>Caja de bomba - 51442<\/p>\n<p>Este producto es compatible con los robots 8STREME 5310. <a href=\"https:\/\/8streme.eu\/es\/produit\/enceinte-de-pompe-51442\/\">Seguir leyendo<\/a><\/p>","protected":false},"featured_media":0,"template":"","meta":{"_metasync_otto_title":"","_metasync_otto_description":"Enceinte de pompe compatible avec les robots 8STREME 5310. Am\u00e9liorez les performances de votre robot avec ce produit de qualit\u00e9 pour une exp\u00e9rience optimale.","_metasync_otto_keywords":"","_metasync_otto_og_title":"","_metasync_otto_og_description":"","_metasync_otto_twitter_title":"","_metasync_otto_twitter_description":"","rank_math_title":"","rank_math_description":"","_yoast_wpseo_title":"","_yoast_wpseo_metadesc":"","_aioseo_title":"","_aioseo_description":"","_metasync_seo_title":"","_metasync_seo_desc":"","_metasync_breadcrumb_title":"","_metasync_primary_category":0,"_metasync_primary_product_cat":0,"_metasync_otto_disabled":"","_metasync_hreflang":"","_metasync_plugin_sync_ts":"","_metasync_robots_advanced":""},"product_brand":[],"product_cat":[313],"product_tag":[],"class_list":{"0":"post-19298","1":"product","2":"type-product","3":"status-publish","5":"product_cat-pieces-detachees-robot-5310","6":"_wholesalex wsx-wholesalex-product","8":"first","9":"instock","10":"taxable","11":"shipping-taxable","12":"purchasable","13":"product-type-simple"},"_links":{"self":[{"href":"https:\/\/8streme.eu\/es\/wp-json\/wp\/v2\/product\/19298","targetHints":{"allow":["GET"]}}],"collection":[{"href":"https:\/\/8streme.eu\/es\/wp-json\/wp\/v2\/product"}],"about":[{"href":"https:\/\/8streme.eu\/es\/wp-json\/wp\/v2\/types\/product"}],"version-history":[{"count":2,"href":"https:\/\/8streme.eu\/es\/wp-json\/wp\/v2\/product\/19298\/revisions"}],"predecessor-version":[{"id":28153,"href":"https:\/\/8streme.eu\/es\/wp-json\/wp\/v2\/product\/19298\/revisions\/28153"}],"wp:attachment":[{"href":"https:\/\/8streme.eu\/es\/wp-json\/wp\/v2\/media?parent=19298"}],"wp:term":[{"taxonomy":"product_brand","embeddable":true,"href":"https:\/\/8streme.eu\/es\/wp-json\/wp\/v2\/product_brand?post=19298"},{"taxonomy":"product_cat","embeddable":true,"href":"https:\/\/8streme.eu\/es\/wp-json\/wp\/v2\/product_cat?post=19298"},{"taxonomy":"product_tag","embeddable":true,"href":"https:\/\/8streme.eu\/es\/wp-json\/wp\/v2\/product_tag?post=19298"}],"curies":[{"name":"wp","href":"https:\/\/api.w.org\/{rel}","templated":true}]}}