{"id":18893,"date":"2020-06-09T14:00:35","date_gmt":"2020-06-09T12:00:35","guid":{"rendered":"http:\/\/8streme.eu\/?post_type=product&#038;p=18893"},"modified":"2023-07-11T12:17:01","modified_gmt":"2023-07-11T10:17:01","slug":"cable-flotante-7m-33123","status":"publish","type":"product","link":"https:\/\/8streme.eu\/es\/produit\/cable-flottant-7m-33123\/","title":{"rendered":"Cable flotante de 7 m - 33123"},"content":{"rendered":"<p>Cable flotante de 7 m - 33123<\/p>\n<p>Este producto es compatible con 8STREME 5212, King Crab ...<\/p>\n<p><a href=\"https:\/\/www.youtube.com\/watch?v=3PPJU9pLre0&amp;list=PLWoiTHw_wDWv8tDa7QGiQrazACbyhJHXd&amp;index=15\">V\u00eddeo de conexi\u00f3n por cable<\/a><\/p>\n<p><a href=\"https:\/\/www.youtube.com\/watch?v=Wm1gVmIjdDs\">Conectar los cables de v\u00eddeo<\/a><\/p>","protected":false},"excerpt":{"rendered":"<p>Cable flotante de 7 m - 33123<\/p>\n<p>Ce produit est compatible avec les robots 8STREME 5212, King Crab &#8230; &hellip; <a href=\"https:\/\/8streme.eu\/es\/produit\/cable-flottant-7m-33123\/\">Seguir leyendo<\/a><\/p>","protected":false},"featured_media":18608,"template":"","meta":{"_metasync_otto_title":"","_metasync_otto_description":"Achetez le c\u00e2ble flottant 7m - 33123 pour les robots 8STREME 5212, King Crab. Pi\u00e8ce d\u00e9tach\u00e9e de qualit\u00e9 avec vid\u00e9o de raccordement.","_metasync_otto_keywords":"","_metasync_otto_og_title":"","_metasync_otto_og_description":"","_metasync_otto_twitter_title":"","_metasync_otto_twitter_description":"","rank_math_title":"","rank_math_description":"","_yoast_wpseo_title":"","_yoast_wpseo_metadesc":"","_aioseo_title":"","_aioseo_description":"","_metasync_seo_title":"","_metasync_seo_desc":"","_metasync_breadcrumb_title":"","_metasync_primary_category":0,"_metasync_primary_product_cat":0,"_metasync_otto_disabled":"","_metasync_hreflang":"","_metasync_plugin_sync_ts":"","_metasync_robots_advanced":""},"product_brand":[],"product_cat":[260],"product_tag":[],"class_list":{"0":"post-18893","1":"product","2":"type-product","3":"status-publish","4":"has-post-thumbnail","6":"product_cat-pieces-detachees-robot-5212","7":"_wholesalex wsx-wholesalex-product","9":"first","10":"instock","11":"taxable","12":"shipping-taxable","13":"purchasable","14":"product-type-simple"},"_links":{"self":[{"href":"https:\/\/8streme.eu\/es\/wp-json\/wp\/v2\/product\/18893","targetHints":{"allow":["GET"]}}],"collection":[{"href":"https:\/\/8streme.eu\/es\/wp-json\/wp\/v2\/product"}],"about":[{"href":"https:\/\/8streme.eu\/es\/wp-json\/wp\/v2\/types\/product"}],"version-history":[{"count":6,"href":"https:\/\/8streme.eu\/es\/wp-json\/wp\/v2\/product\/18893\/revisions"}],"predecessor-version":[{"id":28108,"href":"https:\/\/8streme.eu\/es\/wp-json\/wp\/v2\/product\/18893\/revisions\/28108"}],"wp:featuredmedia":[{"embeddable":true,"href":"https:\/\/8streme.eu\/es\/wp-json\/wp\/v2\/media\/18608"}],"wp:attachment":[{"href":"https:\/\/8streme.eu\/es\/wp-json\/wp\/v2\/media?parent=18893"}],"wp:term":[{"taxonomy":"product_brand","embeddable":true,"href":"https:\/\/8streme.eu\/es\/wp-json\/wp\/v2\/product_brand?post=18893"},{"taxonomy":"product_cat","embeddable":true,"href":"https:\/\/8streme.eu\/es\/wp-json\/wp\/v2\/product_cat?post=18893"},{"taxonomy":"product_tag","embeddable":true,"href":"https:\/\/8streme.eu\/es\/wp-json\/wp\/v2\/product_tag?post=18893"}],"curies":[{"name":"wp","href":"https:\/\/api.w.org\/{rel}","templated":true}]}}