{"id":1840,"date":"2018-03-15T10:43:28","date_gmt":"2018-03-15T09:43:28","guid":{"rendered":"http:\/\/8streme.eu\/?post_type=product&#038;p=1840"},"modified":"2023-07-11T11:30:58","modified_gmt":"2023-07-11T09:30:58","slug":"carcasa-superior-blanca-51300","status":"publish","type":"product","link":"https:\/\/8streme.eu\/es\/produit\/coque-superieure-couleur-blanche-51300\/","title":{"rendered":"Carcasa superior, blanca - 51300"},"content":{"rendered":"<p>Carcasa superior, blanca - 51300<\/p>\n<p>Este producto es compatible con 8STREME 5200-J2X, 8STREME 5210-J200, 8STREME 5212, King Crab, Snapper ...<\/p>","protected":false},"excerpt":{"rendered":"<p>Carcasa superior, blanca - 51300<\/p>\n<p>Ce produit est compatible avec les robots 8STREME 5200-J2X, 8STREME 5210-J200, 8STREME 5212, King Crab, Snapper &#8230; &hellip; <a href=\"https:\/\/8streme.eu\/es\/produit\/coque-superieure-couleur-blanche-51300\/\">Seguir leyendo<\/a><\/p>","protected":false},"featured_media":1841,"template":"","meta":{"_metasync_otto_title":"Coque blanche Robot 8streme - 51300 - Pi\u00e8ce","_metasync_otto_description":"Coque sup\u00e9rieure blanche 51300 compatible avec les robots 8STREME 5200-J2X, 5210-J200, 5212, King Crab, Snapper. Pi\u00e8ce de rechange de qualit\u00e9.","_metasync_otto_keywords":"","_metasync_otto_og_title":"","_metasync_otto_og_description":"","_metasync_otto_twitter_title":"","_metasync_otto_twitter_description":"","rank_math_title":"","rank_math_description":"","_yoast_wpseo_title":"","_yoast_wpseo_metadesc":"","_aioseo_title":"","_aioseo_description":"","_metasync_seo_title":"","_metasync_seo_desc":"","_metasync_breadcrumb_title":"","_metasync_primary_category":0,"_metasync_primary_product_cat":0,"_metasync_otto_disabled":"","_metasync_hreflang":"","_metasync_plugin_sync_ts":"","_metasync_robots_advanced":""},"product_brand":[],"product_cat":[44,58,260],"product_tag":[],"class_list":{"0":"post-1840","1":"product","2":"type-product","3":"status-publish","4":"has-post-thumbnail","6":"product_cat-pieces-detachees-robot-5200-j2x","7":"product_cat-pieces-detachees-robot-5210-j200","8":"product_cat-pieces-detachees-robot-5212","9":"_wholesalex wsx-wholesalex-product","11":"first","12":"instock","13":"taxable","14":"shipping-taxable","15":"purchasable","16":"product-type-simple"},"_links":{"self":[{"href":"https:\/\/8streme.eu\/es\/wp-json\/wp\/v2\/product\/1840","targetHints":{"allow":["GET"]}}],"collection":[{"href":"https:\/\/8streme.eu\/es\/wp-json\/wp\/v2\/product"}],"about":[{"href":"https:\/\/8streme.eu\/es\/wp-json\/wp\/v2\/types\/product"}],"version-history":[{"count":5,"href":"https:\/\/8streme.eu\/es\/wp-json\/wp\/v2\/product\/1840\/revisions"}],"predecessor-version":[{"id":28088,"href":"https:\/\/8streme.eu\/es\/wp-json\/wp\/v2\/product\/1840\/revisions\/28088"}],"wp:featuredmedia":[{"embeddable":true,"href":"https:\/\/8streme.eu\/es\/wp-json\/wp\/v2\/media\/1841"}],"wp:attachment":[{"href":"https:\/\/8streme.eu\/es\/wp-json\/wp\/v2\/media?parent=1840"}],"wp:term":[{"taxonomy":"product_brand","embeddable":true,"href":"https:\/\/8streme.eu\/es\/wp-json\/wp\/v2\/product_brand?post=1840"},{"taxonomy":"product_cat","embeddable":true,"href":"https:\/\/8streme.eu\/es\/wp-json\/wp\/v2\/product_cat?post=1840"},{"taxonomy":"product_tag","embeddable":true,"href":"https:\/\/8streme.eu\/es\/wp-json\/wp\/v2\/product_tag?post=1840"}],"curies":[{"name":"wp","href":"https:\/\/api.w.org\/{rel}","templated":true}]}}